{"id":83432,"date":"2025-10-22T10:38:43","date_gmt":"2025-10-22T08:38:43","guid":{"rendered":"https:\/\/www.bojungle.eu\/product\/lyzki-czule-na-cieplo-4-pcs\/"},"modified":"2025-12-10T14:14:09","modified_gmt":"2025-12-10T13:14:09","slug":"lyzki-czule-na-cieplo-4-pcs","status":"publish","type":"product","link":"https:\/\/www.bojungle.eu\/pl\/produkt\/lyzki-czule-na-cieplo-4-pcs\/","title":{"rendered":"\u0141y\u017cki czu\u0142e na ciep\u0142o 4 PCS"},"content":{"rendered":"<p data-start=\"545\" data-end=\"749\">Spraw, by posi\u0142ki by\u0142y bezpieczne i proste dzi\u0119ki naszym \u0142y\u017ceczkom czu\u0142ym na ciep\u0142o. Te sprytne \u0142y\u017ceczki natychmiast zmieniaj\u0105 kolor, gdy jedzenie jest zbyt gor\u0105ce, daj\u0105c wyra\u017any sygna\u0142, \u017ce posi\u0142ek dziecka musi si\u0119 och\u0142odzi\u0107. <\/p>\n<p data-start=\"751\" data-end=\"1034\">Zaprojektowana specjalnie dla niemowl\u0105t i ma\u0142ych dzieci, ka\u017cda \u0142y\u017ceczka wykonana jest z mi\u0119kkiego, przyjaznego dzieciom i wolnego od BPA materia\u0142u, kt\u00f3ry jest \u0142agodny dla dzi\u0105se\u0142 i bezpieczny do codziennego u\u017cytku. Lekkie, trwa\u0142e i \u0142atwe w czyszczeniu, s\u0105 idealnym wyborem do bezstresowego karmienia w domu lub w podr\u00f3\u017cy. <\/p>\n<p data-start=\"1036\" data-end=\"1140\">Praktyczne, bezpieczne i buduj\u0105ce poczucie bezpiecze\u0144stwa, idealne dla rodzic\u00f3w, kt\u00f3rzy chc\u0105, aby posi\u0142ki by\u0142y zar\u00f3wno przyjemne, jak i beztroski.<\/p>\n","protected":false},"excerpt":{"rendered":"<p>Nasze \u0142y\u017cki wra\u017cliwe na ciep\u0142o zmieniaj\u0105 kolor, gdy jedzenie jest zbyt gor\u0105ce, pomagaj\u0105c zapewni\u0107 bezpiecze\u0144stwo ka\u017cdego posi\u0142ku dla dziecka. Wykonane z mi\u0119kkiego, wolnego od BPA materia\u0142u i \u0142atwe do czyszczenia. <\/p>\n","protected":false},"featured_media":81140,"comment_status":"open","ping_status":"closed","template":"","meta":{"_lmt_disableupdate":"","_lmt_disable":""},"product_brand":[],"product_cat":[567,441],"product_tag":[],"woo-feed-brand":[],"class_list":{"0":"post-83432","1":"product","2":"type-product","3":"status-publish","4":"has-post-thumbnail","6":"product_cat-czas-na-kolacje","7":"product_cat-zywnosc-i-napoje","9":"first","10":"instock","11":"taxable","12":"shipping-taxable","13":"purchasable","14":"product-type-simple"},"_links":{"self":[{"href":"https:\/\/www.bojungle.eu\/pl\/wp-json\/wp\/v2\/product\/83432","targetHints":{"allow":["GET"]}}],"collection":[{"href":"https:\/\/www.bojungle.eu\/pl\/wp-json\/wp\/v2\/product"}],"about":[{"href":"https:\/\/www.bojungle.eu\/pl\/wp-json\/wp\/v2\/types\/product"}],"replies":[{"embeddable":true,"href":"https:\/\/www.bojungle.eu\/pl\/wp-json\/wp\/v2\/comments?post=83432"}],"version-history":[{"count":0,"href":"https:\/\/www.bojungle.eu\/pl\/wp-json\/wp\/v2\/product\/83432\/revisions"}],"wp:featuredmedia":[{"embeddable":true,"href":"https:\/\/www.bojungle.eu\/pl\/wp-json\/wp\/v2\/media\/81140"}],"wp:attachment":[{"href":"https:\/\/www.bojungle.eu\/pl\/wp-json\/wp\/v2\/media?parent=83432"}],"wp:term":[{"taxonomy":"product_brand","embeddable":true,"href":"https:\/\/www.bojungle.eu\/pl\/wp-json\/wp\/v2\/product_brand?post=83432"},{"taxonomy":"product_cat","embeddable":true,"href":"https:\/\/www.bojungle.eu\/pl\/wp-json\/wp\/v2\/product_cat?post=83432"},{"taxonomy":"product_tag","embeddable":true,"href":"https:\/\/www.bojungle.eu\/pl\/wp-json\/wp\/v2\/product_tag?post=83432"},{"taxonomy":"woo-feed-brand","embeddable":true,"href":"https:\/\/www.bojungle.eu\/pl\/wp-json\/wp\/v2\/woo-feed-brand?post=83432"}],"curies":[{"name":"wp","href":"https:\/\/api.w.org\/{rel}","templated":true}]}}