{"id":83455,"date":"2025-10-22T10:41:25","date_gmt":"2025-10-22T08:41:25","guid":{"rendered":"https:\/\/www.bojungle.eu\/product\/karmnik-owocowy-4-w-1-diuna\/"},"modified":"2025-12-10T14:14:46","modified_gmt":"2025-12-10T13:14:46","slug":"karmnik-owocowy-4-w-1-diuna","status":"publish","type":"product","link":"https:\/\/www.bojungle.eu\/pl\/produkt\/karmnik-owocowy-4-w-1-diuna\/","title":{"rendered":"Karmnik owocowy 4-w-1 Diuna"},"content":{"rendered":"<p>Wprowadzenie karmnika owocowego 4-w-1 \u2013 zabawny i bezpieczny spos\u00f3b, by Tw\u00f3j maluch m\u00f3g\u0142 pr\u00f3bowa\u0107 r\u00f3\u017cnych potraw!<\/p>\n<p><strong>Cechy:<\/strong><\/p>\n<ul>\n<li><strong>Bezpieczne jedzenie: <\/strong> Wystarczy pokroi\u0107 owoce lub warzywa na ma\u0142e kawa\u0142ki i wrzuci\u0107 je do pojemnika. Dziecko mo\u017ce cieszy\u0107 si\u0119 smacznymi k\u0119sami bez obaw o zad\u0142awienie.<\/li>\n<li><strong>4 sposoby karmienia:<\/strong> Zawiera trzy r\u00f3\u017cne elementy i siatk\u0119, dzi\u0119ki czemu mo\u017cna wybra\u0107 to, co najlepiej pasuje do wieku i upodoba\u0144 dziecka.<\/li>\n<li><strong>\u0141atwo\u015b\u0107 czyszczenia:<\/strong> Bez ba\u0142aganu! Wystarczy wrzuci\u0107 go do zmywarki, gdy trzeba go umy\u0107.<\/li>\n<li><strong>Bez ba\u0142aganu: <\/strong> Dzi\u0119ki pokrywce mo\u017cna go przechowywa\u0107 bez rozlewania.<\/li>\n<li><strong>Bezpieczny materia\u0142:<\/strong> Jest wykonany bez u\u017cycia szkodliwych substancji chemicznych, dzi\u0119ki czemu jest bezpieczny dla malucha.<\/li>\n<\/ul>\n<p>Dzi\u0119ki Fruit Feeder 4-w-1 pora posi\u0142k\u00f3w jest zar\u00f3wno \u0142atwa, jak i przyjemna!<\/p>\n","protected":false},"excerpt":{"rendered":"<div class=\"elementor-element elementor-element-80cf67d elementor-widget elementor-widget-jet-single-excerpt\" data-id=\"80cf67d\" data-element_type=\"widget\" data-widget_type=\"jet-single-excerpt.default\">\n<div class=\"elementor-widget-container\">\n<div class=\"elementor-jet-single-excerpt jet-woo-builder\">\n<div class=\"woocommerce-product-details__short-description\">\n<p><span class=\"OYPEnA text-decoration-none text-strikethrough-none\">Dzi\u0119ki temu uroczemu karmnikowi owocowemu 4 w 1 Tw\u00f3j maluch mo\u017ce spr\u00f3bowa\u0107 wszelkiego rodzaju przysmak\u00f3w do woli, a przede wszystkim bezpiecznie. Pokr\u00f3j warzywa i\/lub owoce na ma\u0142e kawa\u0142ki i umie\u015b\u0107 je w odpowiednim ko\u0144c\u00f3wce lub siatce. Dzi\u0119ki temu odkrywaj\u0105 nowe smaki bez ryzyka zad\u0142awienia. Dzi\u0119ki wygodnej pokrywie mo\u017cesz przechowywa\u0107 karmnik bez ba\u0142aganu po poje\u017adzie   <\/span><\/p>\n<\/div>\n<\/div>\n<\/div>\n<\/div>\n<div class=\"elementor-element elementor-element-c5d7d93 elementor-widget elementor-widget-spacer\" data-id=\"c5d7d93\" data-element_type=\"widget\" data-widget_type=\"spacer.default\">\n<div class=\"elementor-widget-container\">\n<div class=\"elementor-spacer\"><\/div>\n<\/div>\n<\/div>\n","protected":false},"featured_media":81212,"comment_status":"closed","ping_status":"closed","template":"","meta":{"_lmt_disableupdate":"","_lmt_disable":""},"product_brand":[],"product_cat":[567,441],"product_tag":[],"woo-feed-brand":[],"class_list":{"0":"post-83455","1":"product","2":"type-product","3":"status-publish","4":"has-post-thumbnail","6":"product_cat-czas-na-kolacje","7":"product_cat-zywnosc-i-napoje","9":"first","10":"instock","11":"taxable","12":"shipping-taxable","13":"purchasable","14":"product-type-simple"},"_links":{"self":[{"href":"https:\/\/www.bojungle.eu\/pl\/wp-json\/wp\/v2\/product\/83455","targetHints":{"allow":["GET"]}}],"collection":[{"href":"https:\/\/www.bojungle.eu\/pl\/wp-json\/wp\/v2\/product"}],"about":[{"href":"https:\/\/www.bojungle.eu\/pl\/wp-json\/wp\/v2\/types\/product"}],"replies":[{"embeddable":true,"href":"https:\/\/www.bojungle.eu\/pl\/wp-json\/wp\/v2\/comments?post=83455"}],"version-history":[{"count":0,"href":"https:\/\/www.bojungle.eu\/pl\/wp-json\/wp\/v2\/product\/83455\/revisions"}],"wp:featuredmedia":[{"embeddable":true,"href":"https:\/\/www.bojungle.eu\/pl\/wp-json\/wp\/v2\/media\/81212"}],"wp:attachment":[{"href":"https:\/\/www.bojungle.eu\/pl\/wp-json\/wp\/v2\/media?parent=83455"}],"wp:term":[{"taxonomy":"product_brand","embeddable":true,"href":"https:\/\/www.bojungle.eu\/pl\/wp-json\/wp\/v2\/product_brand?post=83455"},{"taxonomy":"product_cat","embeddable":true,"href":"https:\/\/www.bojungle.eu\/pl\/wp-json\/wp\/v2\/product_cat?post=83455"},{"taxonomy":"product_tag","embeddable":true,"href":"https:\/\/www.bojungle.eu\/pl\/wp-json\/wp\/v2\/product_tag?post=83455"},{"taxonomy":"woo-feed-brand","embeddable":true,"href":"https:\/\/www.bojungle.eu\/pl\/wp-json\/wp\/v2\/woo-feed-brand?post=83455"}],"curies":[{"name":"wp","href":"https:\/\/api.w.org\/{rel}","templated":true}]}}