{"id":83460,"date":"2025-10-22T13:13:54","date_gmt":"2025-10-22T11:13:54","guid":{"rendered":"https:\/\/www.bojungle.eu\/product\/termo-organizator-laktacji-dymula\/"},"modified":"2025-12-10T14:15:04","modified_gmt":"2025-12-10T13:15:04","slug":"termo-organizator-laktacji-dymula","status":"publish","type":"product","link":"https:\/\/www.bojungle.eu\/pl\/produkt\/termo-organizator-laktacji-dymula\/","title":{"rendered":"Termo Organizator Laktacji Dymu\u0142a"},"content":{"rendered":"<p>Nasz termo organizer laktatora to niezb\u0119dne rozwi\u0105zanie dla karmi\u0105cych piersi\u0105 mam, kt\u00f3re s\u0105 ci\u0105gle w ruchu. Stworzony z my\u015bl\u0105 o wygodzie i dyskrecie, ten organizer zosta\u0142 zaprojektowany tak, by p\u0142ynnie w\u0142\u0105czy\u0107 si\u0119 w Tw\u00f3j intensywny styl \u017cycia, jednocze\u015bnie dbaj\u0105c o niezb\u0119dne rzeczy do karmienia piersi\u0105 schowane i \u0142atwo dost\u0119pne. <\/p>\n<p>Dyskretny design, kt\u00f3ry bez wysi\u0142ku wtapia si\u0119 w najnowsze trendy i nasz\u0105 ekskluzywn\u0105 gam\u0119 produkt\u00f3w, ten organizator gwarantuje, \u017ce mo\u017cesz kontynuowa\u0107 swoj\u0105 drog\u0119 karmienia piersi\u0105 z pewno\u015bci\u0105 siebie i stylem. Niezale\u017cnie od tego, czy wybierasz si\u0119 do biura, czy wyruszasz na weekendow\u0105 przygod\u0119, ta elegancka torba ma dla Ciebie wszystko. <\/p>\n<p>Wyposa\u017cony w termoizolowany pojemnik, nasz organizator utrzymuje optymaln\u0105 temperatur\u0119 dla Twojego mleka matki, a p\u00f3\u017aniej s\u0142oik\u00f3w z jedzeniem dla niemowl\u0105t, zapewniaj\u0105c \u015bwie\u017co\u015b\u0107 wsz\u0119dzie, gdzie si\u0119 pojawisz.<\/p>\n<p>Dzi\u0119ki dw\u00f3m osobnym przegr\u00f3dkom mo\u017cesz efektywnie uporz\u0105dkowa\u0107 swoje niezb\u0119dne rzeczy. G\u00f3rna komora ciasno mie\u015bci laktator, natomiast dolna zapewnia du\u017co miejsca na butelki i inne niezb\u0119dne rzeczy. Maj\u0105c wystarczaj\u0105co du\u017co miejsca na laktator, dwie butelki, wk\u0142adki do karmienia i inne drobne rzeczy, wszystko, czego potrzebujesz, jest na wyci\u0105gni\u0119cie r\u0119ki.  <\/p>\n<p>W \u015brodku strategicznie rozmieszczone kieszenie zabezpieczaj\u0105 Twoje przedmioty i s\u0105 \u0142atwo dost\u0119pne. Koniec z szukaniem zagubionych przedmiot\u00f3w; Wszystko pozostaje na swoim miejscu, pozwalaj\u0105c Ci skupi\u0107 si\u0119 na opiece nad swoim maluszkiem. <\/p>\n<p>Unowocze\u015bnij swoj\u0105 przygod\u0119 z karmieniem piersi\u0105 dzi\u0119ki naszemu Termo Organizer Breast Breast Pump. Praktyczny, stylowy i wszechstronny, jest idealnym towarzyszem dla ka\u017cdej mamy karmi\u0105cej piersi\u0105 w podr\u00f3\u017cy.<\/p>\n","protected":false},"excerpt":{"rendered":"<ul>\n<li>Organizer na laktator Thermo zosta\u0142 zaprojektowany, aby u\u0142atwi\u0107 mamom karmi\u0105cym piersi\u0105 zabranie ze sob\u0105 wszystkiego, czego potrzebuj\u0105, gdy np. wracaj\u0105 do pracy i chc\u0105 kontynuowa\u0107 karmienie piersi\u0105. Gdy dziecko przestanie karmi\u0107 piersi\u0105, ta dyskretna torba zawsze mo\u017ce pos\u0142u\u017cy\u0107 do zabrania na wycieczki itp!<\/li>\n<li>Dyskretny design oparty na najnowszych trendach i zgodny z innymi naszymi produktami<\/li>\n<li>Torba termoizolacyjna do przechowywania mleka matki (lub p\u00f3\u017aniej s\u0142oiczk\u00f3w z od\u017cywkami dla dzieci itp.) i utrzymywania go w ch\u0142odzie<\/li>\n<li>Dwie oddzielne komory: g\u00f3rna na laktator, dolna na butelki z mlekiem itp.<\/li>\n<li>Wystarczaj\u0105ca ilo\u015b\u0107 miejsca na laktator, dwie butelki dla niemowl\u0105t, kilka wk\u0142adek do karmienia i inne drobne rzeczy<\/li>\n<li>Kieszenie po wewn\u0119trznej stronie, aby utrzyma\u0107 wszystko na miejscu<\/li>\n<\/ul>\n","protected":false},"featured_media":81920,"comment_status":"closed","ping_status":"closed","template":"","meta":{"_lmt_disableupdate":"","_lmt_disable":""},"product_brand":[],"product_cat":[630,629],"product_tag":[],"woo-feed-brand":[],"class_list":{"0":"post-83460","1":"product","2":"type-product","3":"status-publish","4":"has-post-thumbnail","6":"product_cat-akcesoria-zewnetrzne","7":"product_cat-na-zewnatrz","9":"first","10":"instock","11":"taxable","12":"shipping-taxable","13":"purchasable","14":"product-type-simple"},"_links":{"self":[{"href":"https:\/\/www.bojungle.eu\/pl\/wp-json\/wp\/v2\/product\/83460","targetHints":{"allow":["GET"]}}],"collection":[{"href":"https:\/\/www.bojungle.eu\/pl\/wp-json\/wp\/v2\/product"}],"about":[{"href":"https:\/\/www.bojungle.eu\/pl\/wp-json\/wp\/v2\/types\/product"}],"replies":[{"embeddable":true,"href":"https:\/\/www.bojungle.eu\/pl\/wp-json\/wp\/v2\/comments?post=83460"}],"version-history":[{"count":0,"href":"https:\/\/www.bojungle.eu\/pl\/wp-json\/wp\/v2\/product\/83460\/revisions"}],"wp:featuredmedia":[{"embeddable":true,"href":"https:\/\/www.bojungle.eu\/pl\/wp-json\/wp\/v2\/media\/81920"}],"wp:attachment":[{"href":"https:\/\/www.bojungle.eu\/pl\/wp-json\/wp\/v2\/media?parent=83460"}],"wp:term":[{"taxonomy":"product_brand","embeddable":true,"href":"https:\/\/www.bojungle.eu\/pl\/wp-json\/wp\/v2\/product_brand?post=83460"},{"taxonomy":"product_cat","embeddable":true,"href":"https:\/\/www.bojungle.eu\/pl\/wp-json\/wp\/v2\/product_cat?post=83460"},{"taxonomy":"product_tag","embeddable":true,"href":"https:\/\/www.bojungle.eu\/pl\/wp-json\/wp\/v2\/product_tag?post=83460"},{"taxonomy":"woo-feed-brand","embeddable":true,"href":"https:\/\/www.bojungle.eu\/pl\/wp-json\/wp\/v2\/woo-feed-brand?post=83460"}],"curies":[{"name":"wp","href":"https:\/\/api.w.org\/{rel}","templated":true}]}}