{"id":83476,"date":"2025-10-22T13:28:06","date_gmt":"2025-10-22T11:28:06","guid":{"rendered":"https:\/\/www.bojungle.eu\/product\/luksusowy-zestaw-do-pielegnacji-diuny\/"},"modified":"2025-12-10T14:15:55","modified_gmt":"2025-12-10T13:15:55","slug":"luksusowy-zestaw-do-pielegnacji-diuny","status":"publish","type":"product","link":"https:\/\/www.bojungle.eu\/pl\/produkt\/luksusowy-zestaw-do-pielegnacji-diuny\/","title":{"rendered":"Luksusowy zestaw do piel\u0119gnacji Diuny"},"content":{"rendered":"<p>Odkryj nasz luksusowy zestaw do piel\u0119gnacji dla niemowl\u0105t! Ma wszystko, czego potrzebujesz, by zadba\u0107 o swojego malucha \u2013 \u0142\u0105cznie 15 produkt\u00f3w! <\/p>\n<ol>\n<li><strong>Piel\u0119gnacja paznokci:<\/strong> Mamy pilniki, no\u017cyczki i obcinacz do paznokci, aby utrzyma\u0107 te ma\u0142e paznokcie w czysto\u015bci.<\/li>\n<li><strong>Szczoteczki do z\u0119b\u00f3w:<\/strong> Dost\u0119pna jest zar\u00f3wno zwyk\u0142a szczoteczka, jak i ma\u0142a szczoteczka dla ma\u0142ych palc\u00f3w, kt\u00f3ra pomaga utrzyma\u0107 z\u0119by w czysto\u015bci.<\/li>\n<li><strong>Piel\u0119gnacja w\u0142os\u00f3w:<\/strong> Grzebie\u0144 i mi\u0119kka szczotka, aby w\u0142osy dziecka wygl\u0105da\u0142y jak najlepiej.<\/li>\n<li><strong>Narz\u0119dzia do podawania lek\u00f3w:<\/strong> Do\u0142\u0105czyli\u015bmy strzykawk\u0119 do dok\u0142adnego podawania p\u0142ynnych lek\u00f3w.<\/li>\n<li><strong>Urz\u0105dzenia do sprawdzania temperatury:<\/strong> Cyfrowy termometr do sprawdzania temperatury dziecka i specjalny termometr do k\u0105pieli, aby upewni\u0107 si\u0119, \u017ce jest odpowiednia.<\/li>\n<li><strong>Aspirator do nosa:<\/strong> Pomaga udro\u017cni\u0107 zatkany nos dziecka, u\u0142atwiaj\u0105c oddychanie.<\/li>\n<\/ol>\n<p>Torba, w kt\u00f3rej to wszystko jest dost\u0119pne, jest bardzo modna i ma mn\u00f3stwo miejsca na dodatki, jak szampon czy balsam. Dodatkowo ma wieszak, wi\u0119c mo\u017cesz go powiesi\u0107 na haczyku, gdy jeste\u015b w ruchu. I nie martw si\u0119 o rozlanie \u2013 torba jest wykonana z wysokiej jako\u015bci materia\u0142u, kt\u00f3ry mo\u017cesz wrzuci\u0107 do pralki, gdy potrzebuje czyszczenia. Zadbaj wi\u0119c o to, by Twoje dziecko wygl\u0105da\u0142o i czu\u0142o si\u0119 \u015bwietnie dzi\u0119ki naszemu zestawowi do piel\u0119gnacji niemowl\u0105t w odcieniu szarym!   <\/p>\n","protected":false},"excerpt":{"rendered":"<p>Odkryj nasz luksusowy zestaw do piel\u0119gnacji! Z 15 niezb\u0119dnymi rzeczami, w tym narz\u0119dziami do piel\u0119gnacji paznokci, szczoteczkami do z\u0119b\u00f3w, akcesoriami do piel\u0119gnacji w\u0142os\u00f3w i innymi, ten zestaw zawiera wszystko, czego potrzebujesz, by utrzyma\u0107 malucha w czysto\u015bci i komfortie. Stylowa torba oferuje wygodne przechowywanie i jest prana w pralce, co u\u0142atwia czyszczenie. Ulepsz rutyn\u0119 piel\u0119gnacji swojego dziecka dzi\u0119ki temu niezb\u0119dnemu zestawowi ju\u017c dzi\u015b!   <\/p>\n","protected":false},"featured_media":81964,"comment_status":"closed","ping_status":"closed","template":"","meta":{"_lmt_disableupdate":"","_lmt_disable":""},"product_brand":[],"product_cat":[522,591],"product_tag":[],"woo-feed-brand":[],"class_list":{"0":"post-83476","1":"product","2":"type-product","3":"status-publish","4":"has-post-thumbnail","6":"product_cat-pielegnacja-skory","7":"product_cat-uroda-i-zdrowie-dziecka","9":"first","10":"instock","11":"featured","12":"taxable","13":"shipping-taxable","14":"purchasable","15":"product-type-simple"},"_links":{"self":[{"href":"https:\/\/www.bojungle.eu\/pl\/wp-json\/wp\/v2\/product\/83476","targetHints":{"allow":["GET"]}}],"collection":[{"href":"https:\/\/www.bojungle.eu\/pl\/wp-json\/wp\/v2\/product"}],"about":[{"href":"https:\/\/www.bojungle.eu\/pl\/wp-json\/wp\/v2\/types\/product"}],"replies":[{"embeddable":true,"href":"https:\/\/www.bojungle.eu\/pl\/wp-json\/wp\/v2\/comments?post=83476"}],"version-history":[{"count":0,"href":"https:\/\/www.bojungle.eu\/pl\/wp-json\/wp\/v2\/product\/83476\/revisions"}],"wp:featuredmedia":[{"embeddable":true,"href":"https:\/\/www.bojungle.eu\/pl\/wp-json\/wp\/v2\/media\/81964"}],"wp:attachment":[{"href":"https:\/\/www.bojungle.eu\/pl\/wp-json\/wp\/v2\/media?parent=83476"}],"wp:term":[{"taxonomy":"product_brand","embeddable":true,"href":"https:\/\/www.bojungle.eu\/pl\/wp-json\/wp\/v2\/product_brand?post=83476"},{"taxonomy":"product_cat","embeddable":true,"href":"https:\/\/www.bojungle.eu\/pl\/wp-json\/wp\/v2\/product_cat?post=83476"},{"taxonomy":"product_tag","embeddable":true,"href":"https:\/\/www.bojungle.eu\/pl\/wp-json\/wp\/v2\/product_tag?post=83476"},{"taxonomy":"woo-feed-brand","embeddable":true,"href":"https:\/\/www.bojungle.eu\/pl\/wp-json\/wp\/v2\/woo-feed-brand?post=83476"}],"curies":[{"name":"wp","href":"https:\/\/api.w.org\/{rel}","templated":true}]}}