{"id":83632,"date":"2025-12-10T16:08:22","date_gmt":"2025-12-10T15:08:22","guid":{"rendered":"https:\/\/www.bojungle.eu\/?post_type=product&#038;p=83632"},"modified":"2025-12-17T16:50:20","modified_gmt":"2025-12-17T15:50:20","slug":"miekkie-lyzki-silikonowe-bialo-zielone-szalwiowo-jadeitowe","status":"publish","type":"product","link":"https:\/\/www.bojungle.eu\/pl\/produkt\/miekkie-lyzki-silikonowe-bialo-zielone-szalwiowo-jadeitowe\/","title":{"rendered":"Mi\u0119kkie \u0142y\u017cki silikonowe (bia\u0142o-zielone sza\u0142wiowo-jadeitowe)"},"content":{"rendered":"<p>Spraw, by posi\u0142ki by\u0142y p\u0142ynniejsze dzi\u0119ki naszym mi\u0119kkim silikonowym \u0142y\u017ceczkom dla niemowl\u0105t, zaprojektowanym z my\u015bl\u0105 o komforcie Twojego malucha. Delikatna silikonowa ko\u0144c\u00f3wka chroni wra\u017cliwe dzi\u0105s\u0142a, a p\u0142aska prz\u00f3d sprawia, \u017ce wyci\u0105ganie i odhaczanie jedzenia jest bardzo proste. Bezpieczne i wygodne, te \u0142y\u017cki mo\u017cna pomija\u0107 w zmywarce, co u\u0142atwia czyszczenie i wyst\u0119puj\u0105 w zestawie po trzy. Dodatkowo s\u0105 wolne od BPA, zapewniaj\u0105c bezpiecze\u0144stwo dziecka przy ka\u017cdym k\u0119sie.<\/p>\n<ul>\n<li><strong>Mi\u0119kka silikonowa ko\u0144c\u00f3wka: <\/strong>delikatna dla dzi\u0105se\u0142 i idealna do pierwszych gryzie\u0144.<\/li>\n<li><strong>P\u0142aski prz\u00f3d: <\/strong>Zaprojektowany dla \u0142atwego nabierania.<\/li>\n<li><strong>Mo\u017cliwo\u015b\u0107 mycia w zmywarce: <\/strong>Bezproblemowe czyszczenie.<\/li>\n<li><strong>Nie zawiera BPA: <\/strong>Bezpieczny i nietoksyczny.<\/li>\n<\/ul>\n<p>Spraw, by karmienie by\u0142o przyjemne, bezpieczne i \u0142atwe!<\/p>\n","protected":false},"excerpt":{"rendered":"<div class=\"flex max-w-full flex-col flex-grow\">\n<div class=\"min-h-8 text-message flex w-full flex-col items-end gap-2 whitespace-normal break-words [.text-message+&amp;]:mt-5\" dir=\"auto\" data-message-author-role=\"assistant\" data-message-id=\"fd204360-cbd3-4df0-9ab5-f22ed10ca1b7\">\n<div class=\"flex w-full flex-col gap-1 empty:hidden first:pt-[3px]\">\n<div class=\"markdown prose w-full break-words dark:prose-invert light\">\n<p>Mi\u0119kki silikonowy zestaw jest zaprojektowany na pierwsze k\u0119sy Twojego dziecka, \u0142y\u017ceczki maj\u0105 mi\u0119kk\u0105 silikonow\u0105 ko\u0144c\u00f3wk\u0119 chroni\u0105c\u0105 wra\u017cliwe dzi\u0105s\u0142a oraz p\u0142aski prz\u00f3d u\u0142atwiaj\u0105cy nabieranie jedzenia. Nadaje si\u0119 do mycia w zmywarce i bez BPA dla bezpiecznego i \u0142atwego u\u017cytkowania.<\/p>\n<\/div>\n<\/div>\n<\/div>\n<\/div>\n<div class=\"mb-2 flex gap-3 empty:hidden -ml-2\">\n<div class=\"items-center justify-start rounded-xl p-1 flex\">\n<div class=\"flex items-center\">\n<div class=\"flex\"><\/div>\n<div class=\"flex items-center pb-0\"><\/div>\n<\/div>\n<\/div>\n<\/div>\n","protected":false},"featured_media":83672,"comment_status":"closed","ping_status":"closed","template":"","meta":{"_lmt_disableupdate":"no","_lmt_disable":""},"product_brand":[],"product_cat":[567,441],"product_tag":[],"woo-feed-brand":[],"class_list":{"0":"post-83632","1":"product","2":"type-product","3":"status-publish","4":"has-post-thumbnail","6":"product_cat-czas-na-kolacje","7":"product_cat-zywnosc-i-napoje","9":"first","10":"outofstock","11":"taxable","12":"shipping-taxable","13":"purchasable","14":"product-type-simple"},"_links":{"self":[{"href":"https:\/\/www.bojungle.eu\/pl\/wp-json\/wp\/v2\/product\/83632","targetHints":{"allow":["GET"]}}],"collection":[{"href":"https:\/\/www.bojungle.eu\/pl\/wp-json\/wp\/v2\/product"}],"about":[{"href":"https:\/\/www.bojungle.eu\/pl\/wp-json\/wp\/v2\/types\/product"}],"replies":[{"embeddable":true,"href":"https:\/\/www.bojungle.eu\/pl\/wp-json\/wp\/v2\/comments?post=83632"}],"version-history":[{"count":3,"href":"https:\/\/www.bojungle.eu\/pl\/wp-json\/wp\/v2\/product\/83632\/revisions"}],"predecessor-version":[{"id":83685,"href":"https:\/\/www.bojungle.eu\/pl\/wp-json\/wp\/v2\/product\/83632\/revisions\/83685"}],"wp:featuredmedia":[{"embeddable":true,"href":"https:\/\/www.bojungle.eu\/pl\/wp-json\/wp\/v2\/media\/83672"}],"wp:attachment":[{"href":"https:\/\/www.bojungle.eu\/pl\/wp-json\/wp\/v2\/media?parent=83632"}],"wp:term":[{"taxonomy":"product_brand","embeddable":true,"href":"https:\/\/www.bojungle.eu\/pl\/wp-json\/wp\/v2\/product_brand?post=83632"},{"taxonomy":"product_cat","embeddable":true,"href":"https:\/\/www.bojungle.eu\/pl\/wp-json\/wp\/v2\/product_cat?post=83632"},{"taxonomy":"product_tag","embeddable":true,"href":"https:\/\/www.bojungle.eu\/pl\/wp-json\/wp\/v2\/product_tag?post=83632"},{"taxonomy":"woo-feed-brand","embeddable":true,"href":"https:\/\/www.bojungle.eu\/pl\/wp-json\/wp\/v2\/woo-feed-brand?post=83632"}],"curies":[{"name":"wp","href":"https:\/\/api.w.org\/{rel}","templated":true}]}}