{"id":84157,"date":"2026-01-15T13:31:34","date_gmt":"2026-01-15T12:31:34","guid":{"rendered":"https:\/\/www.bojungle.eu\/product\/tropicana-music-i-light-mobile\/"},"modified":"2026-03-31T15:02:24","modified_gmt":"2026-03-31T13:02:24","slug":"tropicana-music-i-light-mobile","status":"publish","type":"product","link":"https:\/\/www.bojungle.eu\/pl\/produkt\/tropicana-music-i-light-mobile\/","title":{"rendered":"Tropicana Music &amp; Light Mobile"},"content":{"rendered":"<div class=\"flex max-w-full flex-col grow\">\n<div class=\"min-h-8 text-message relative flex w-full flex-col items-end gap-2 text-start break-words whitespace-normal [.text-message+&amp;]:mt-1\" dir=\"auto\" data-message-author-role=\"assistant\" data-message-id=\"a6da9f1d-4477-442f-909e-eaae6d7883f1\" data-message-model-slug=\"gpt-5-2\">\n<div class=\"flex w-full flex-col gap-1 empty:hidden first:pt-[1px]\">\n<div class=\"markdown prose dark:prose-invert w-full break-words light markdown-new-styling\">\n<p>Karuzela dla niemowl\u0105t \u201eTropicana Music &amp; Light\u201d zosta\u0142a zaprojektowana tak, aby uspokaja\u0107 i zabawia\u0107 dziecko podczas drzemek, przed snem oraz w chwilach spokoju w pokoju dzieci\u0119cym.<\/p>\n<p>Kolorowe pluszowe zabawki delikatnie obracaj\u0105 si\u0119 nad \u0142\u00f3\u017ceczkiem, stymuluj\u0105c zmys\u0142 wzroku i wspieraj\u0105c wczesny rozw\u00f3j sensoryczny.<br \/>\nJednocze\u015bnie wbudowane funkcje odtwarzania muzyki i bia\u0142ego szumu pomagaj\u0105 stworzy\u0107 spokojn\u0105 i relaksuj\u0105c\u0105 atmosfer\u0119 sprzyjaj\u0105c\u0105 zasypianiu.<\/p>\n<p>Dzi\u0119ki wbudowanemu lampce nocnej i projektorowi obraz\u00f3w ta karuzela nad \u0142\u00f3\u017ceczkiem tworzy w pokoju dziecka delikatn\u0105 i koj\u0105ce atmosfer\u0119.<br \/>\nRodzice mog\u0105 \u0142atwo prze\u0142\u0105cza\u0107 si\u0119 mi\u0119dzy funkcjami i dostosowywa\u0107 ustawienia za pomoc\u0105 do\u0142\u0105czonego pilota, dzi\u0119ki czemu wieczorne rytua\u0142y przed snem staj\u0105 si\u0119 \u0142atwiejsze i przyjemniejsze.<\/p>\n<p>Ta zasilana bateryjnie karuzela do \u0142\u00f3\u017ceczka to praktyczny wyb\u00f3r dla rodzic\u00f3w poszukuj\u0105cych karuzeli z funkcjami muzyki, \u015bwiate\u0142ek i projektora w jednym kompletnym rozwi\u0105zaniu do snu.<\/p>\n<p>\u2022 Karuzela do \u0142\u00f3\u017ceczka zasilana bateryjnie<br \/>\n\u2022 Mi\u0119kkie pluszowe zabawki wisz\u0105ce<br \/>\n\u2022 Delikatny ruch obrotowy<br \/>\n\u2022 Koj\u0105ca muzyka i bia\u0142y szum<br \/>\n\u2022 Lampka nocna zapewniaj\u0105ca przytuln\u0105 atmosfer\u0119<br \/>\n\u2022 Wbudowany projektor obraz\u00f3w<br \/>\n\u2022 Pilot w zestawie<br \/>\n\u2022 Idealna do drzemek i rutyny przed snem<\/p>\n<p data-start=\"457\" data-end=\"850\" data-is-last-node=\"\" data-is-only-node=\"\">\n<\/div>\n<\/div>\n<\/div>\n<\/div>\n","protected":false},"excerpt":{"rendered":"<p>Stw\u00f3rz spokojn\u0105 i koj\u0105ce rutyn\u0119 przed snem dzi\u0119ki karuzeli dla niemowl\u0105t Tropicana Music &amp; Light.<br \/>\nTa karuzela do \u0142\u00f3\u017ceczka \u0142\u0105czy w sobie mi\u0119kkie pluszowe zabawki, delikatny ruch obrotowy, koj\u0105c\u0105 muzyk\u0119, bia\u0142y szum, lampk\u0119 nocn\u0105 i projektor obraz\u00f3w, aby zrelaksowa\u0107 i zabawia\u0107 Twoje male\u0144stwo.<br \/>\n\u0141atwa w obs\u0142udze dzi\u0119ki do\u0142\u0105czonemu pilotowi.<\/p>\n","protected":false},"featured_media":84109,"comment_status":"open","ping_status":"closed","template":"","meta":{"_lmt_disableupdate":"","_lmt_disable":""},"product_brand":[],"product_cat":[491,474,524,614,613,493],"product_tag":[1407,1403,1404,1408,1405,1409,1406],"woo-feed-brand":[],"class_list":{"0":"post-84157","1":"product","2":"type-product","3":"status-publish","4":"has-post-thumbnail","6":"product_cat-kolorowe-zabawki","7":"product_cat-playtime-pl","8":"product_cat-sen","9":"product_cat-zabawki-muzyczne","10":"product_cat-zabawki-ruchowe","11":"product_cat-zawies-zabawki","12":"product_tag-bialy-szum-dla-niemowlat","13":"product_tag-karuzela-dla-niemowlat","14":"product_tag-karuzela-do-lozeczka","15":"product_tag-karuzela-do-pokoju-dzieciecego","16":"product_tag-karuzela-muzyczna","17":"product_tag-night-light-baby","18":"product_tag-projektor-dla-niemowlat","20":"first","21":"instock","22":"taxable","23":"shipping-taxable","24":"purchasable","25":"product-type-simple"},"_links":{"self":[{"href":"https:\/\/www.bojungle.eu\/pl\/wp-json\/wp\/v2\/product\/84157","targetHints":{"allow":["GET"]}}],"collection":[{"href":"https:\/\/www.bojungle.eu\/pl\/wp-json\/wp\/v2\/product"}],"about":[{"href":"https:\/\/www.bojungle.eu\/pl\/wp-json\/wp\/v2\/types\/product"}],"replies":[{"embeddable":true,"href":"https:\/\/www.bojungle.eu\/pl\/wp-json\/wp\/v2\/comments?post=84157"}],"version-history":[{"count":1,"href":"https:\/\/www.bojungle.eu\/pl\/wp-json\/wp\/v2\/product\/84157\/revisions"}],"predecessor-version":[{"id":85362,"href":"https:\/\/www.bojungle.eu\/pl\/wp-json\/wp\/v2\/product\/84157\/revisions\/85362"}],"wp:featuredmedia":[{"embeddable":true,"href":"https:\/\/www.bojungle.eu\/pl\/wp-json\/wp\/v2\/media\/84109"}],"wp:attachment":[{"href":"https:\/\/www.bojungle.eu\/pl\/wp-json\/wp\/v2\/media?parent=84157"}],"wp:term":[{"taxonomy":"product_brand","embeddable":true,"href":"https:\/\/www.bojungle.eu\/pl\/wp-json\/wp\/v2\/product_brand?post=84157"},{"taxonomy":"product_cat","embeddable":true,"href":"https:\/\/www.bojungle.eu\/pl\/wp-json\/wp\/v2\/product_cat?post=84157"},{"taxonomy":"product_tag","embeddable":true,"href":"https:\/\/www.bojungle.eu\/pl\/wp-json\/wp\/v2\/product_tag?post=84157"},{"taxonomy":"woo-feed-brand","embeddable":true,"href":"https:\/\/www.bojungle.eu\/pl\/wp-json\/wp\/v2\/woo-feed-brand?post=84157"}],"curies":[{"name":"wp","href":"https:\/\/api.w.org\/{rel}","templated":true}]}}