{"id":84390,"date":"2026-01-15T13:54:04","date_gmt":"2026-01-15T12:54:04","guid":{"rendered":"https:\/\/www.bojungle.eu\/product\/lozeczko-podrozne-czysta-biala\/"},"modified":"2026-04-01T09:46:50","modified_gmt":"2026-04-01T07:46:50","slug":"lozeczko-podrozne-czysta-biala","status":"publish","type":"product","link":"https:\/\/www.bojungle.eu\/pl\/produkt\/lozeczko-podrozne-czysta-biala\/","title":{"rendered":"\u0141\u00f3\u017ceczko podr\u00f3\u017cne Czysta Bia\u0142a"},"content":{"rendered":"<p>\u0141\u00f3\u017ceczko turystyczne Travel Crib Pure White zosta\u0142o zaprojektowane tak, aby zapewni\u0107 Twojemu dziecku bezpieczne i wygodne miejsce do spania zar\u00f3wno w domu, jak i w podr\u00f3\u017cy.<\/p>\n<p>Dzi\u0119ki lekkiej, kompaktowej i sk\u0142adanej konstrukcji to \u0142\u00f3\u017ceczko turystyczne jest \u0142atwe do roz\u0142o\u017cenia, przechowywania i transportu.<br \/>\nDwa regulowane poziomy wysoko\u015bci sprawiaj\u0105, \u017ce nadaje si\u0119 zar\u00f3wno dla noworodk\u00f3w, jak i ma\u0142ych dzieci, dopasowuj\u0105c si\u0119 do wzrostu dziecka.<\/p>\n<p>Solidna aluminiowa rama zapewnia niezawodne wsparcie, a przewiewne siateczkowe boki pomagaj\u0105 stworzy\u0107 komfortowe i dobrze wentylowane \u015brodowisko do snu.<br \/>\nBoczne otwarcie na zamek b\u0142yskawiczny zapewnia wygodny dost\u0119p i dodatkow\u0105 funkcjonalno\u015b\u0107 na co dzie\u0144.<\/p>\n<p>W zestawie znajduje si\u0119 wygodny, nadaj\u0105cy si\u0119 do prania materac, a \u0142\u00f3\u017ceczko turystyczne jest dostarczane z praktyczn\u0105 torb\u0105 podr\u00f3\u017cn\u0105, co czyni je idealnym rozwi\u0105zaniem na wakacje, wizyty u rodziny lub do codziennego u\u017cytku w domu.<\/p>\n<p>\u2022 Dwa regulowane poziomy wysoko\u015bci dla noworodk\u00f3w i ma\u0142ych dzieci<br \/>\n\u2022 Lekka, kompaktowa i sk\u0142adana konstrukcja<br \/>\n\u2022 \u0141atwe do przenoszenia dzi\u0119ki do\u0142\u0105czonej torbie podr\u00f3\u017cnej<br \/>\n\u2022 Solidna aluminiowa rama<br \/>\n\u2022 Przewiewne siateczkowe boki<br \/>\n\u2022 Wygodne boczne otwarcie na zamek b\u0142yskawiczny<br \/>\n\u2022 W zestawie wygodny materac nadaj\u0105cy si\u0119 do prania<br \/>\n\u2022 Idealne do domu i w podr\u00f3\u017cy<\/p>\n","protected":false},"excerpt":{"rendered":"<div class=\"relative w-full mt-4 mb-1\">\n<div class=\"\">\n<div class=\"relative\">\n<div class=\"h-full min-h-0 min-w-0\">\n<div class=\"h-full min-h-0 min-w-0\">\n<div class=\"border border-token-border-light border-radius-3xl corner-superellipse\/1.1 rounded-3xl\">\n<div class=\"h-full w-full border-radius-3xl bg-token-bg-elevated-secondary corner-superellipse\/1.1 overflow-clip rounded-3xl lxnfua_clipPathFallback\">\n<div class=\"w-full overflow-x-hidden overflow-y-auto pe-11 pt-3\">\n<div class=\"relative z-0 flex max-w-full\">\n<div id=\"code-block-viewer\" class=\"q9tKkq_viewer cm-editor z-10 light:cm-light dark:cm-light flex h-full w-full flex-col items-stretch \u037cd \u037cr\" dir=\"ltr\">\n<div class=\"cm-scroller\">\n<div class=\"cm-content q9tKkq_readonly\">Kompaktowy komfort, gdziekolwiek jeste\u015b.<br \/>\n\u0141\u00f3\u017ceczko turystyczne Pure White to lekkie i sk\u0142adane \u0142\u00f3\u017ceczko turystyczne z dwoma regulowanymi poziomami wysoko\u015bci, przewiewnymi siateczkowymi bokami, wygodnym bocznym otwarciem i komfortowym materacem nadaj\u0105cym si\u0119 do prania.<br \/>\n\u0141atwe do przenoszenia dzi\u0119ki do\u0142\u0105czonej torbie podr\u00f3\u017cnej.<\/div>\n<\/div>\n<\/div>\n<\/div>\n<\/div>\n<\/div>\n<\/div>\n<\/div>\n<\/div>\n<div class=\"\">\n<div class=\"\"><\/div>\n<\/div>\n<\/div>\n<\/div>\n<\/div>\n","protected":false},"featured_media":84272,"comment_status":"open","ping_status":"closed","template":"","meta":{"_lmt_disableupdate":"","_lmt_disable":""},"product_brand":[],"product_cat":[629,524],"product_tag":[1126,1559,1556,1557,1560,1558],"woo-feed-brand":[],"class_list":{"0":"post-84390","1":"product","2":"type-product","3":"status-publish","4":"has-post-thumbnail","6":"product_cat-na-zewnatrz","7":"product_cat-sen","8":"product_tag-czysta-biel","9":"product_tag-kompaktowe-lozeczko-dzieciece","10":"product_tag-lozeczko-turystyczne","11":"product_tag-lozeczko-turystyczne-dla-dziecka","12":"product_tag-przenosne-lozeczko-dla-dziecka","13":"product_tag-skladane-lozeczko-turystyczne","15":"first","16":"instock","17":"taxable","18":"shipping-taxable","19":"purchasable","20":"product-type-simple"},"_links":{"self":[{"href":"https:\/\/www.bojungle.eu\/pl\/wp-json\/wp\/v2\/product\/84390","targetHints":{"allow":["GET"]}}],"collection":[{"href":"https:\/\/www.bojungle.eu\/pl\/wp-json\/wp\/v2\/product"}],"about":[{"href":"https:\/\/www.bojungle.eu\/pl\/wp-json\/wp\/v2\/types\/product"}],"replies":[{"embeddable":true,"href":"https:\/\/www.bojungle.eu\/pl\/wp-json\/wp\/v2\/comments?post=84390"}],"version-history":[{"count":1,"href":"https:\/\/www.bojungle.eu\/pl\/wp-json\/wp\/v2\/product\/84390\/revisions"}],"predecessor-version":[{"id":85414,"href":"https:\/\/www.bojungle.eu\/pl\/wp-json\/wp\/v2\/product\/84390\/revisions\/85414"}],"wp:featuredmedia":[{"embeddable":true,"href":"https:\/\/www.bojungle.eu\/pl\/wp-json\/wp\/v2\/media\/84272"}],"wp:attachment":[{"href":"https:\/\/www.bojungle.eu\/pl\/wp-json\/wp\/v2\/media?parent=84390"}],"wp:term":[{"taxonomy":"product_brand","embeddable":true,"href":"https:\/\/www.bojungle.eu\/pl\/wp-json\/wp\/v2\/product_brand?post=84390"},{"taxonomy":"product_cat","embeddable":true,"href":"https:\/\/www.bojungle.eu\/pl\/wp-json\/wp\/v2\/product_cat?post=84390"},{"taxonomy":"product_tag","embeddable":true,"href":"https:\/\/www.bojungle.eu\/pl\/wp-json\/wp\/v2\/product_tag?post=84390"},{"taxonomy":"woo-feed-brand","embeddable":true,"href":"https:\/\/www.bojungle.eu\/pl\/wp-json\/wp\/v2\/woo-feed-brand?post=84390"}],"curies":[{"name":"wp","href":"https:\/\/api.w.org\/{rel}","templated":true}]}}