{"id":84564,"date":"2026-01-15T14:48:08","date_gmt":"2026-01-15T13:48:08","guid":{"rendered":"https:\/\/www.bojungle.eu\/product\/b-cosy-dune-memory-foam\/"},"modified":"2026-01-15T14:58:26","modified_gmt":"2026-01-15T13:58:26","slug":"b-cosy-dune-memory-foam","status":"publish","type":"product","link":"https:\/\/www.bojungle.eu\/pl\/produkt\/b-cosy-dune-memory-foam\/","title":{"rendered":"B-Cosy Dune (Memory Foam)"},"content":{"rendered":"<p><span class=\"a_GcMg font-feature-liga-off font-feature-clig-off font-feature-calt-off text-decoration-none text-strikethrough-none\">Ergonomiczna poduszka do pi\u0119knej, okr\u0105g\u0142ej g\u0142owy. B-Cosy mo\u017cna u\u017cywa\u0107 od urodzenia i jest odpowiednie do fazy, gdy dziecko \u015bpi na plecach. Wykonane z mi\u0119kkiej, oddychaj\u0105cej bawe\u0142ny.  <\/span><\/p>\n<ul>\n<li><span class=\"a_GcMg font-feature-liga-off font-feature-clig-off font-feature-calt-off text-decoration-none text-strikethrough-none\">Pianka memory<\/span><\/li>\n<li><span class=\"a_GcMg font-feature-liga-off font-feature-clig-off font-feature-calt-off text-decoration-none text-strikethrough-none\">Mi\u0119kka, oddychaj\u0105ca bawe\u0142na<\/span><\/li>\n<li><span class=\"a_GcMg font-feature-liga-off font-feature-clig-off font-feature-calt-off text-decoration-none text-strikethrough-none\">\u0141adny design<\/span><\/li>\n<li><span class=\"a_GcMg font-feature-liga-off font-feature-clig-off font-feature-calt-off text-decoration-none text-strikethrough-none\">Mo\u017cna je pra\u0107 w pralce w temperaturze 30\u00b0C<\/span><\/li>\n<\/ul>\n<p>&nbsp;<\/p>\n","protected":false},"excerpt":{"rendered":"<p><span class=\"a_GcMg font-feature-liga-off font-feature-clig-off font-feature-calt-off text-decoration-none text-strikethrough-none\">Ergonomiczna poduszka do pi\u0119knej, okr\u0105g\u0142ej g\u0142owy. B-Cosy mo\u017cna u\u017cywa\u0107 od urodzenia i jest odpowiednie do fazy, gdy dziecko \u015bpi na plecach. Wykonane z mi\u0119kkiej, oddychaj\u0105cej bawe\u0142ny.  <\/span><\/p>\n","protected":false},"featured_media":84445,"comment_status":"open","ping_status":"closed","template":"","meta":{"_lmt_disableupdate":"","_lmt_disable":""},"product_brand":[],"product_cat":[804,524],"product_tag":[],"woo-feed-brand":[],"class_list":{"0":"post-84564","1":"product","2":"type-product","3":"status-publish","4":"has-post-thumbnail","6":"product_cat-poduszki","7":"product_cat-sen","9":"first","10":"instock","11":"taxable","12":"shipping-taxable","13":"purchasable","14":"product-type-simple"},"_links":{"self":[{"href":"https:\/\/www.bojungle.eu\/pl\/wp-json\/wp\/v2\/product\/84564","targetHints":{"allow":["GET"]}}],"collection":[{"href":"https:\/\/www.bojungle.eu\/pl\/wp-json\/wp\/v2\/product"}],"about":[{"href":"https:\/\/www.bojungle.eu\/pl\/wp-json\/wp\/v2\/types\/product"}],"replies":[{"embeddable":true,"href":"https:\/\/www.bojungle.eu\/pl\/wp-json\/wp\/v2\/comments?post=84564"}],"version-history":[{"count":0,"href":"https:\/\/www.bojungle.eu\/pl\/wp-json\/wp\/v2\/product\/84564\/revisions"}],"wp:featuredmedia":[{"embeddable":true,"href":"https:\/\/www.bojungle.eu\/pl\/wp-json\/wp\/v2\/media\/84445"}],"wp:attachment":[{"href":"https:\/\/www.bojungle.eu\/pl\/wp-json\/wp\/v2\/media?parent=84564"}],"wp:term":[{"taxonomy":"product_brand","embeddable":true,"href":"https:\/\/www.bojungle.eu\/pl\/wp-json\/wp\/v2\/product_brand?post=84564"},{"taxonomy":"product_cat","embeddable":true,"href":"https:\/\/www.bojungle.eu\/pl\/wp-json\/wp\/v2\/product_cat?post=84564"},{"taxonomy":"product_tag","embeddable":true,"href":"https:\/\/www.bojungle.eu\/pl\/wp-json\/wp\/v2\/product_tag?post=84564"},{"taxonomy":"woo-feed-brand","embeddable":true,"href":"https:\/\/www.bojungle.eu\/pl\/wp-json\/wp\/v2\/woo-feed-brand?post=84564"}],"curies":[{"name":"wp","href":"https:\/\/api.w.org\/{rel}","templated":true}]}}