{"id":84811,"date":"2026-01-15T15:13:17","date_gmt":"2026-01-15T14:13:17","guid":{"rendered":"https:\/\/www.bojungle.eu\/product\/nugat-z-nocnika\/"},"modified":"2026-04-01T10:24:38","modified_gmt":"2026-04-01T08:24:38","slug":"nugat-z-nocnika","status":"publish","type":"product","link":"https:\/\/www.bojungle.eu\/pl\/produkt\/nugat-z-nocnika\/","title":{"rendered":"Nugat z nocnika."},"content":{"rendered":"<p>Nugat Potty Bear zosta\u0142 zaprojektowany, aby u\u0142atwi\u0107 nauk\u0119 korzystania z nocnika i u\u0142atwi\u0107 jej nauczenie si\u0119 korzystania z nocnika dla Twojego malucha.<\/p>\n<p>Dzi\u0119ki uroczemu designowi inspirowanemu misiem i delikatnemu kolorowi nugatu, ten nocnik treningowy zach\u0119ca dzieci do robienia pierwszych krok\u00f3w w kierunku samodzielnego nauczenia si\u0119 korzystania z toalety w zabawny i uspokajaj\u0105cy spos\u00f3b.<\/p>\n<p>Ergonomiczne siedzenie i podpieraj\u0105ce oparcie pomagaj\u0105 dziecku wygodnie siedzie\u0107, a stabilna podstawa zapewnia dodatkow\u0105 pewno\u015b\u0107 podczas u\u017cytkowania. Dzi\u0119ki zdejmowanemu wewn\u0119trznemu garnkowi czyszczenie jest szybkie i \u0142atwe, co sprawia, \u017ce nocnik jest praktyczny do codziennego u\u017cytku w domu. <\/p>\n<p>Potty Bear Nougat to stylowy i funkcjonalny spos\u00f3b nauki korzystania z nocnika, niezb\u0119dny dla rodzic\u00f3w poszukuj\u0105cych komfortu, wygody i przyjaznego dzieciom designu.<\/p>\n<p>\u2022 Przyjazny dzieciom projekt nauki korzystania z nocnika<br \/>\n\u2022 Wygodne, ergonomiczne siedzenie<br \/>\n\u2022 Wspieraj\u0105ce oparcie<br \/>\n\u2022 Wyjmowany wewn\u0119trzny garnek dla \u0142atwego czyszczenia<br \/>\n\u2022 Stabilna podstawa do pewnego u\u017cytkowania<br \/>\n\u2022 Idealny do codziennego treningu korzystania z nocnika<br \/>\n\u2022 Stylowy kolor nugatu.<\/p>\n","protected":false},"excerpt":{"rendered":"<p>Spraw, by nauka korzystania z nocnika by\u0142a wygodniejsza i przyjemniejsza dzi\u0119ki Potty Bear Nougat.<br \/>\nTen przyjazny dzieciom nocnik treningowy posiada wygodne oparcie, zdejmowany wewn\u0119trzny garnek u\u0142atwiaj\u0105cy czyszczenie oraz stabilny design, kt\u00f3ry pomaga Twojemu maluszkowi czu\u0107 si\u0119 pewnie i bezpiecznie podczas ka\u017cdego etapu nauki korzystania z nocnika.<\/p>\n","protected":false},"featured_media":84702,"comment_status":"open","ping_status":"closed","template":"","meta":{"_lmt_disableupdate":"","_lmt_disable":""},"product_brand":[],"product_cat":[522,550],"product_tag":[1481,1479,1482,1484,1480,1486,1483,1485],"woo-feed-brand":[],"class_list":{"0":"post-84811","1":"product","2":"type-product","3":"status-publish","4":"has-post-thumbnail","6":"product_cat-pielegnacja-skory","7":"product_cat-artykuly-toaletowe","8":"product_tag-dziecieca-nocnik","9":"product_tag-nauka-korzystania-z-nocnika","10":"product_tag-nocnik","11":"product_tag-nocnik-dla-malucha","12":"product_tag-nocnik-treningowy","13":"product_tag-nocnik-z-oparciem","14":"product_tag-szalwiowy-zielony-nocnik","15":"product_tag-zdejmowany-nocnik","17":"first","18":"outofstock","19":"taxable","20":"shipping-taxable","21":"purchasable","22":"product-type-simple"},"_links":{"self":[{"href":"https:\/\/www.bojungle.eu\/pl\/wp-json\/wp\/v2\/product\/84811","targetHints":{"allow":["GET"]}}],"collection":[{"href":"https:\/\/www.bojungle.eu\/pl\/wp-json\/wp\/v2\/product"}],"about":[{"href":"https:\/\/www.bojungle.eu\/pl\/wp-json\/wp\/v2\/types\/product"}],"replies":[{"embeddable":true,"href":"https:\/\/www.bojungle.eu\/pl\/wp-json\/wp\/v2\/comments?post=84811"}],"version-history":[{"count":2,"href":"https:\/\/www.bojungle.eu\/pl\/wp-json\/wp\/v2\/product\/84811\/revisions"}],"predecessor-version":[{"id":85435,"href":"https:\/\/www.bojungle.eu\/pl\/wp-json\/wp\/v2\/product\/84811\/revisions\/85435"}],"wp:featuredmedia":[{"embeddable":true,"href":"https:\/\/www.bojungle.eu\/pl\/wp-json\/wp\/v2\/media\/84702"}],"wp:attachment":[{"href":"https:\/\/www.bojungle.eu\/pl\/wp-json\/wp\/v2\/media?parent=84811"}],"wp:term":[{"taxonomy":"product_brand","embeddable":true,"href":"https:\/\/www.bojungle.eu\/pl\/wp-json\/wp\/v2\/product_brand?post=84811"},{"taxonomy":"product_cat","embeddable":true,"href":"https:\/\/www.bojungle.eu\/pl\/wp-json\/wp\/v2\/product_cat?post=84811"},{"taxonomy":"product_tag","embeddable":true,"href":"https:\/\/www.bojungle.eu\/pl\/wp-json\/wp\/v2\/product_tag?post=84811"},{"taxonomy":"woo-feed-brand","embeddable":true,"href":"https:\/\/www.bojungle.eu\/pl\/wp-json\/wp\/v2\/woo-feed-brand?post=84811"}],"curies":[{"name":"wp","href":"https:\/\/api.w.org\/{rel}","templated":true}]}}