{"id":84819,"date":"2026-01-15T15:09:16","date_gmt":"2026-01-15T14:09:16","guid":{"rendered":"https:\/\/www.bojungle.eu\/product\/potty-bear-powder-pink\/"},"modified":"2026-04-01T11:48:55","modified_gmt":"2026-04-01T09:48:55","slug":"potty-bear-powder-pink","status":"publish","type":"product","link":"https:\/\/www.bojungle.eu\/pl\/produkt\/potty-bear-powder-pink\/","title":{"rendered":"Potty Bear Powder Pink"},"content":{"rendered":"<p>Potty Bear Powder Pink zosta\u0142 zaprojektowany tak, aby nauka korzystania z nocnika by\u0142a \u0142atwiejsza, wygodniejsza i bardziej zach\u0119caj\u0105ca dla Twojego malucha.<\/p>\n<p>Dzi\u0119ki uroczemu wzornictwu inspirowanemu misiem i delikatnemu kolorowi pudrowego r\u00f3\u017cu, ten nocnik treningowy zach\u0119ca dzieci do stawiania pierwszych krok\u00f3w w kierunku samodzielnego korzystania z toalety w radosny i uspokajaj\u0105cy spos\u00f3b.<\/p>\n<p>Ergonomiczne siedzenie i podpieraj\u0105ce oparcie pomagaj\u0105 dziecku wygodnie siedzie\u0107, a stabilna podstawa zapewnia dodatkow\u0105 pewno\u015b\u0107 podczas u\u017cytkowania. Dzi\u0119ki zdejmowanemu wewn\u0119trznemu garnkowi czyszczenie jest szybkie i \u0142atwe, co sprawia, \u017ce nocnik jest praktyczny do codziennego u\u017cytku w domu. <\/p>\n<p>Potty Bear Powder Pink to stylowy i funkcjonalny element nauki korzystania z nocnika, idealny dla rodzic\u00f3w szukaj\u0105cych komfortu, wygody i przyjaznego dzieciom designu.<\/p>\n<p>\u2022 Przyjazny dzieciom design do nauki korzystania z nocnika<br \/>\n\u2022 Wygodne ergonomiczne siedzisko<br \/>\n\u2022 Podtrzymuj\u0105ce oparcie<br \/>\n\u2022 Wyjmowany wk\u0142ad wewn\u0119trzny dla \u0142atwego czyszczenia<br \/>\n\u2022 Stabilna podstawa dla wi\u0119kszej pewno\u015bci u\u017cytkowania<br \/>\n\u2022 Idealny do codziennej nauki korzystania z nocnika<br \/>\n\u2022 Stylowy kolor pudrowego r\u00f3\u017cu<\/p>\n","protected":false},"excerpt":{"rendered":"<p>Spraw, aby nauka korzystania z nocnika by\u0142a wygodniejsza i przyjemniejsza z Potty Bear Powder Pink.<br \/>\nTen przyjazny dzieciom nocnik treningowy ma wygodne oparcie, wyjmowany wk\u0142ad wewn\u0119trzny u\u0142atwiaj\u0105cy czyszczenie oraz stabiln\u0105 konstrukcj\u0119, kt\u00f3ra pomaga Twojemu maluchowi czu\u0107 si\u0119 bezpiecznie i pewnie na ka\u017cdym etapie nauki korzystania z nocnika.<\/p>\n<p>&nbsp;<\/p>\n","protected":false},"featured_media":84650,"comment_status":"open","ping_status":"closed","template":"","meta":{"_lmt_disableupdate":"","_lmt_disable":""},"product_brand":[],"product_cat":[522,550],"product_tag":[1481,1479,1482,1591,1480,1592,1486,1485],"woo-feed-brand":[],"class_list":{"0":"post-84819","1":"product","2":"type-product","3":"status-publish","4":"has-post-thumbnail","6":"product_cat-pielegnacja-skory","7":"product_cat-artykuly-toaletowe","8":"product_tag-dziecieca-nocnik","9":"product_tag-nauka-korzystania-z-nocnika","10":"product_tag-nocnik","11":"product_tag-nocnik-2","12":"product_tag-nocnik-treningowy","13":"product_tag-nocnik-w-kolorze-pudrowego-rozu","14":"product_tag-nocnik-z-oparciem","15":"product_tag-zdejmowany-nocnik","17":"first","18":"instock","19":"taxable","20":"shipping-taxable","21":"purchasable","22":"product-type-simple"},"_links":{"self":[{"href":"https:\/\/www.bojungle.eu\/pl\/wp-json\/wp\/v2\/product\/84819","targetHints":{"allow":["GET"]}}],"collection":[{"href":"https:\/\/www.bojungle.eu\/pl\/wp-json\/wp\/v2\/product"}],"about":[{"href":"https:\/\/www.bojungle.eu\/pl\/wp-json\/wp\/v2\/types\/product"}],"replies":[{"embeddable":true,"href":"https:\/\/www.bojungle.eu\/pl\/wp-json\/wp\/v2\/comments?post=84819"}],"version-history":[{"count":1,"href":"https:\/\/www.bojungle.eu\/pl\/wp-json\/wp\/v2\/product\/84819\/revisions"}],"predecessor-version":[{"id":85447,"href":"https:\/\/www.bojungle.eu\/pl\/wp-json\/wp\/v2\/product\/84819\/revisions\/85447"}],"wp:featuredmedia":[{"embeddable":true,"href":"https:\/\/www.bojungle.eu\/pl\/wp-json\/wp\/v2\/media\/84650"}],"wp:attachment":[{"href":"https:\/\/www.bojungle.eu\/pl\/wp-json\/wp\/v2\/media?parent=84819"}],"wp:term":[{"taxonomy":"product_brand","embeddable":true,"href":"https:\/\/www.bojungle.eu\/pl\/wp-json\/wp\/v2\/product_brand?post=84819"},{"taxonomy":"product_cat","embeddable":true,"href":"https:\/\/www.bojungle.eu\/pl\/wp-json\/wp\/v2\/product_cat?post=84819"},{"taxonomy":"product_tag","embeddable":true,"href":"https:\/\/www.bojungle.eu\/pl\/wp-json\/wp\/v2\/product_tag?post=84819"},{"taxonomy":"woo-feed-brand","embeddable":true,"href":"https:\/\/www.bojungle.eu\/pl\/wp-json\/wp\/v2\/woo-feed-brand?post=84819"}],"curies":[{"name":"wp","href":"https:\/\/api.w.org\/{rel}","templated":true}]}}