{"id":84826,"date":"2026-01-15T15:04:40","date_gmt":"2026-01-15T14:04:40","guid":{"rendered":"https:\/\/www.bojungle.eu\/product\/potty-bear-grey\/"},"modified":"2026-01-15T15:19:26","modified_gmt":"2026-01-15T14:19:26","slug":"potty-bear-grey","status":"publish","type":"product","link":"https:\/\/www.bojungle.eu\/pl\/produkt\/potty-bear-grey\/","title":{"rendered":"Potty Bear Grey"},"content":{"rendered":"<p><span class=\"a_GcMg font-feature-liga-off font-feature-clig-off font-feature-calt-off text-decoration-none text-strikethrough-none\">Nauka korzystania z nocnika nigdy nie by\u0142a tak przyjemna! Jak urocze s\u0105 te nocniki na nied\u017awiedzie? Atrakcyjne dla Twojego malucha, \u0142atwe do czyszczenia dzi\u0119ki zdejmowanej nocniku i wygodne dzi\u0119ki solidnemu oparciu i antypo\u015blizgowym stopom.  <\/span><\/p>\n<ul>\n<li><span class=\"a_GcMg font-feature-liga-off font-feature-clig-off font-feature-calt-off text-decoration-none text-strikethrough-none\">Atrakcyjny projekt<\/span><\/li>\n<li><span class=\"a_GcMg font-feature-liga-off font-feature-clig-off font-feature-calt-off text-decoration-none text-strikethrough-none\">Zdejmowana nasadka<\/span><\/li>\n<li><span class=\"a_GcMg font-feature-liga-off font-feature-clig-off font-feature-calt-off text-decoration-none text-strikethrough-none\">Zdejmowany nocnik<\/span><\/li>\n<li><span class=\"a_GcMg font-feature-liga-off font-feature-clig-off font-feature-calt-off text-decoration-none text-strikethrough-none\">Wygodne siedzenia dzi\u0119ki solidnemu oparciu<\/span><\/li>\n<li><span class=\"a_GcMg font-feature-liga-off font-feature-clig-off font-feature-calt-off text-decoration-none text-strikethrough-none\">Stopy antypo\u015blizgowe<\/span><\/li>\n<li><span class=\"a_GcMg font-feature-liga-off font-feature-clig-off font-feature-calt-off text-decoration-none text-strikethrough-none\">Pralna poduszka jako deska klozetowa<\/span><\/li>\n<\/ul>\n","protected":false},"excerpt":{"rendered":"<p><span class=\"a_GcMg font-feature-liga-off font-feature-clig-off font-feature-calt-off text-decoration-none text-strikethrough-none\">Nauka korzystania z nocnika nigdy nie by\u0142a tak przyjemna! Jak urocze s\u0105 te nocniki na nied\u017awiedzie? Atrakcyjne dla Twojego malucha, \u0142atwe do czyszczenia dzi\u0119ki zdejmowanej nocniku i wygodne dzi\u0119ki solidnemu oparciu i antypo\u015blizgowym stopom.  <\/span><\/p>\n","protected":false},"featured_media":84578,"comment_status":"open","ping_status":"closed","template":"","meta":{"_lmt_disableupdate":"","_lmt_disable":""},"product_brand":[],"product_cat":[522,550],"product_tag":[],"woo-feed-brand":[],"class_list":{"0":"post-84826","1":"product","2":"type-product","3":"status-publish","4":"has-post-thumbnail","6":"product_cat-pielegnacja-skory","7":"product_cat-artykuly-toaletowe","9":"first","10":"instock","11":"taxable","12":"shipping-taxable","13":"purchasable","14":"product-type-simple"},"_links":{"self":[{"href":"https:\/\/www.bojungle.eu\/pl\/wp-json\/wp\/v2\/product\/84826","targetHints":{"allow":["GET"]}}],"collection":[{"href":"https:\/\/www.bojungle.eu\/pl\/wp-json\/wp\/v2\/product"}],"about":[{"href":"https:\/\/www.bojungle.eu\/pl\/wp-json\/wp\/v2\/types\/product"}],"replies":[{"embeddable":true,"href":"https:\/\/www.bojungle.eu\/pl\/wp-json\/wp\/v2\/comments?post=84826"}],"version-history":[{"count":0,"href":"https:\/\/www.bojungle.eu\/pl\/wp-json\/wp\/v2\/product\/84826\/revisions"}],"wp:featuredmedia":[{"embeddable":true,"href":"https:\/\/www.bojungle.eu\/pl\/wp-json\/wp\/v2\/media\/84578"}],"wp:attachment":[{"href":"https:\/\/www.bojungle.eu\/pl\/wp-json\/wp\/v2\/media?parent=84826"}],"wp:term":[{"taxonomy":"product_brand","embeddable":true,"href":"https:\/\/www.bojungle.eu\/pl\/wp-json\/wp\/v2\/product_brand?post=84826"},{"taxonomy":"product_cat","embeddable":true,"href":"https:\/\/www.bojungle.eu\/pl\/wp-json\/wp\/v2\/product_cat?post=84826"},{"taxonomy":"product_tag","embeddable":true,"href":"https:\/\/www.bojungle.eu\/pl\/wp-json\/wp\/v2\/product_tag?post=84826"},{"taxonomy":"woo-feed-brand","embeddable":true,"href":"https:\/\/www.bojungle.eu\/pl\/wp-json\/wp\/v2\/woo-feed-brand?post=84826"}],"curies":[{"name":"wp","href":"https:\/\/api.w.org\/{rel}","templated":true}]}}