{"id":39761,"date":"2022-07-06T12:38:14","date_gmt":"2022-07-06T10:38:14","guid":{"rendered":"https:\/\/dev.authority.biz\/boj\/torne-se-um-parceiro\/"},"modified":"2023-01-22T11:38:58","modified_gmt":"2023-01-22T11:38:58","slug":"torne-se-um-parceiro","status":"publish","type":"page","link":"https:\/\/www.bojungle.eu\/pt-pt\/torne-se-um-parceiro\/","title":{"rendered":"Torne-se um parceiro"},"content":{"rendered":"\t\t<div data-elementor-type=\"wp-page\" data-elementor-id=\"39761\" class=\"elementor elementor-39761 elementor-23419\" data-elementor-post-type=\"page\">\n\t\t\t\t\t\t<section class=\"elementor-section elementor-top-section elementor-element elementor-element-744ac4ae elementor-section-boxed elementor-section-height-default elementor-section-height-default rael-particle-no\" data-id=\"744ac4ae\" data-element_type=\"section\" data-e-type=\"section\" data-settings=\"{&quot;rae_animations_entrance&quot;:&quot;none&quot;}\">\n\t\t\t\t\t\t<div class=\"elementor-container elementor-column-gap-default\">\n\t\t\t\t\t<div class=\"elementor-column elementor-col-100 elementor-top-column elementor-element elementor-element-10613b0c rael-particle-no\" data-id=\"10613b0c\" data-element_type=\"column\" data-e-type=\"column\">\n\t\t\t<div class=\"elementor-widget-wrap elementor-element-populated\">\n\t\t\t\t\t\t<div class=\"elementor-element elementor-element-670e286e elementor-view-default elementor-widget elementor-widget-icon\" data-id=\"670e286e\" data-element_type=\"widget\" data-e-type=\"widget\" data-widget_type=\"icon.default\">\n\t\t\t\t<div class=\"elementor-widget-container\">\n\t\t\t\t\t\t\t<div class=\"elementor-icon-wrapper\">\n\t\t\t<div class=\"elementor-icon\">\n\t\t\t\t\t\t<\/div>\n\t\t<\/div>\n\t\t\t\t\t\t<\/div>\n\t\t\t\t<\/div>\n\t\t\t\t<div class=\"elementor-element elementor-element-57ef6a6e title-block-1 elementor-widget elementor-widget-heading\" data-id=\"57ef6a6e\" data-element_type=\"widget\" data-e-type=\"widget\" data-widget_type=\"heading.default\">\n\t\t\t\t<div class=\"elementor-widget-container\">\n\t\t\t\t\t<h2 class=\"elementor-heading-title elementor-size-default\">Tornar-se um parceiro Bo Jungle?<\/h2>\t\t\t\t<\/div>\n\t\t\t\t<\/div>\n\t\t\t\t\t<\/div>\n\t\t<\/div>\n\t\t\t\t\t<\/div>\n\t\t<\/section>\n\t\t\t\t<section class=\"elementor-section elementor-top-section elementor-element elementor-element-3832cf33 elementor-section-boxed elementor-section-height-default elementor-section-height-default rael-particle-no\" data-id=\"3832cf33\" data-element_type=\"section\" data-e-type=\"section\" data-settings=\"{&quot;rae_animations_entrance&quot;:&quot;none&quot;}\">\n\t\t\t\t\t\t<div class=\"elementor-container elementor-column-gap-default\">\n\t\t\t\t\t<div class=\"elementor-column elementor-col-50 elementor-top-column elementor-element elementor-element-79fd7a45 rael-particle-no\" data-id=\"79fd7a45\" data-element_type=\"column\" data-e-type=\"column\">\n\t\t\t<div class=\"elementor-widget-wrap elementor-element-populated\">\n\t\t\t\t\t\t<div class=\"elementor-element elementor-element-494355a7 elementor-widget elementor-widget-heading\" data-id=\"494355a7\" data-element_type=\"widget\" data-e-type=\"widget\" data-widget_type=\"heading.default\">\n\t\t\t\t<div class=\"elementor-widget-container\">\n\t\t\t\t\t<h2 class=\"elementor-heading-title elementor-size-default\">01. Quem pode tornar-se um distribuidor\/parceiro da Bo Jungle?<\/h2>\t\t\t\t<\/div>\n\t\t\t\t<\/div>\n\t\t\t\t<div class=\"elementor-element elementor-element-5b3db29a elementor-widget elementor-widget-text-editor\" data-id=\"5b3db29a\" data-element_type=\"widget\" data-e-type=\"widget\" data-widget_type=\"text-editor.default\">\n\t\t\t\t<div class=\"elementor-widget-container\">\n\t\t\t\t\t\t\t\t\t<p>Qualquer pessoa com uma loja online ou offline. Aten\u00e7\u00e3o! N\u00e3o fazemos dropshipping.<\/p>\n\t\t\t\t\t\t\t\t<\/div>\n\t\t\t\t<\/div>\n\t\t\t\t\t<\/div>\n\t\t<\/div>\n\t\t\t\t<div class=\"elementor-column elementor-col-50 elementor-top-column elementor-element elementor-element-782acc60 rael-particle-no\" data-id=\"782acc60\" data-element_type=\"column\" data-e-type=\"column\">\n\t\t\t<div class=\"elementor-widget-wrap elementor-element-populated\">\n\t\t\t\t\t\t<div class=\"elementor-element elementor-element-1a7e1184 elementor-widget elementor-widget-heading\" data-id=\"1a7e1184\" data-element_type=\"widget\" data-e-type=\"widget\" data-widget_type=\"heading.default\">\n\t\t\t\t<div class=\"elementor-widget-container\">\n\t\t\t\t\t<h2 class=\"elementor-heading-title elementor-size-default\">02. Quem devo contactar?<br><br><\/h2>\t\t\t\t<\/div>\n\t\t\t\t<\/div>\n\t\t\t\t<div class=\"elementor-element elementor-element-708db56e elementor-widget elementor-widget-text-editor\" data-id=\"708db56e\" data-element_type=\"widget\" data-e-type=\"widget\" data-widget_type=\"text-editor.default\">\n\t\t\t\t<div class=\"elementor-widget-container\">\n\t\t\t\t\t\t\t\t\t<p>Envie o seu pedido juntamente com os dados da sua empresa para office@bojungle.eu<\/p>\n\t\t\t\t\t\t\t\t<\/div>\n\t\t\t\t<\/div>\n\t\t\t\t\t<\/div>\n\t\t<\/div>\n\t\t\t\t\t<\/div>\n\t\t<\/section>\n\t\t\t\t<section class=\"elementor-section elementor-top-section elementor-element elementor-element-11a0492c elementor-section-boxed elementor-section-height-default elementor-section-height-default rael-particle-no\" data-id=\"11a0492c\" data-element_type=\"section\" data-e-type=\"section\" data-settings=\"{&quot;rae_animations_entrance&quot;:&quot;none&quot;}\">\n\t\t\t\t\t\t<div class=\"elementor-container elementor-column-gap-default\">\n\t\t\t\t\t<div class=\"elementor-column elementor-col-50 elementor-top-column elementor-element elementor-element-4ad32429 rael-particle-no\" data-id=\"4ad32429\" data-element_type=\"column\" data-e-type=\"column\">\n\t\t\t<div class=\"elementor-widget-wrap elementor-element-populated\">\n\t\t\t\t\t\t<div class=\"elementor-element elementor-element-5e88ba26 elementor-widget elementor-widget-heading\" data-id=\"5e88ba26\" data-element_type=\"widget\" data-e-type=\"widget\" data-widget_type=\"heading.default\">\n\t\t\t\t<div class=\"elementor-widget-container\">\n\t\t\t\t\t<h2 class=\"elementor-heading-title elementor-size-default\">03. As nossas condi\u00e7\u00f5es?<\/h2>\t\t\t\t<\/div>\n\t\t\t\t<\/div>\n\t\t\t\t<div class=\"elementor-element elementor-element-34577309 elementor-widget elementor-widget-text-editor\" data-id=\"34577309\" data-element_type=\"widget\" data-e-type=\"widget\" data-widget_type=\"text-editor.default\">\n\t\t\t\t<div class=\"elementor-widget-container\">\n\t\t\t\t\t\t\t\t\t<p>As condi\u00e7\u00f5es ser\u00e3o enviadas por e-mail ap\u00f3s pedido.<\/p>\n\t\t\t\t\t\t\t\t<\/div>\n\t\t\t\t<\/div>\n\t\t\t\t\t<\/div>\n\t\t<\/div>\n\t\t\t\t<div class=\"elementor-column elementor-col-50 elementor-top-column elementor-element elementor-element-4686f15f rael-particle-no\" data-id=\"4686f15f\" data-element_type=\"column\" data-e-type=\"column\">\n\t\t\t<div class=\"elementor-widget-wrap\">\n\t\t\t\t\t\t\t<\/div>\n\t\t<\/div>\n\t\t\t\t\t<\/div>\n\t\t<\/section>\n\t\t\t\t<\/div>\n\t\t","protected":false},"excerpt":{"rendered":"<p>Tornar-se um parceiro Bo Jungle? 01. Quem pode tornar-se um distribuidor\/parceiro da Bo Jungle? Qualquer pessoa com uma loja online ou offline. Aten\u00e7\u00e3o! N\u00e3o fazemos dropshipping. 02. Quem devo contactar? Envie o seu pedido juntamente com os dados da sua empresa para office@bojungle.eu 03. As nossas condi\u00e7\u00f5es? As condi\u00e7\u00f5es ser\u00e3o enviadas por e-mail ap\u00f3s pedido.<\/p>\n","protected":false},"author":6,"featured_media":0,"parent":0,"menu_order":0,"comment_status":"closed","ping_status":"closed","template":"elementor_header_footer","meta":{"_lmt_disableupdate":"","_lmt_disable":"","footnotes":""},"categories":[],"tags":[],"class_list":["post-39761","page","type-page","status-publish","hentry"],"_links":{"self":[{"href":"https:\/\/www.bojungle.eu\/pt-pt\/wp-json\/wp\/v2\/pages\/39761","targetHints":{"allow":["GET"]}}],"collection":[{"href":"https:\/\/www.bojungle.eu\/pt-pt\/wp-json\/wp\/v2\/pages"}],"about":[{"href":"https:\/\/www.bojungle.eu\/pt-pt\/wp-json\/wp\/v2\/types\/page"}],"author":[{"embeddable":true,"href":"https:\/\/www.bojungle.eu\/pt-pt\/wp-json\/wp\/v2\/users\/6"}],"replies":[{"embeddable":true,"href":"https:\/\/www.bojungle.eu\/pt-pt\/wp-json\/wp\/v2\/comments?post=39761"}],"version-history":[{"count":2,"href":"https:\/\/www.bojungle.eu\/pt-pt\/wp-json\/wp\/v2\/pages\/39761\/revisions"}],"predecessor-version":[{"id":39781,"href":"https:\/\/www.bojungle.eu\/pt-pt\/wp-json\/wp\/v2\/pages\/39761\/revisions\/39781"}],"wp:attachment":[{"href":"https:\/\/www.bojungle.eu\/pt-pt\/wp-json\/wp\/v2\/media?parent=39761"}],"wp:term":[{"taxonomy":"category","embeddable":true,"href":"https:\/\/www.bojungle.eu\/pt-pt\/wp-json\/wp\/v2\/categories?post=39761"},{"taxonomy":"post_tag","embeddable":true,"href":"https:\/\/www.bojungle.eu\/pt-pt\/wp-json\/wp\/v2\/tags?post=39761"}],"curies":[{"name":"wp","href":"https:\/\/api.w.org\/{rel}","templated":true}]}}