{"id":40014,"date":"2022-07-06T13:48:19","date_gmt":"2022-07-06T11:48:19","guid":{"rendered":"https:\/\/dev.authority.biz\/boj\/condicoes-gerais\/"},"modified":"2023-01-22T11:43:09","modified_gmt":"2023-01-22T11:43:09","slug":"condicoes-gerais","status":"publish","type":"page","link":"https:\/\/www.bojungle.eu\/pt-pt\/condicoes-gerais\/","title":{"rendered":"Condi\u00e7\u00f5es gerais"},"content":{"rendered":"\t\t<div data-elementor-type=\"wp-page\" data-elementor-id=\"40014\" class=\"elementor elementor-40014 elementor-23502\" data-elementor-post-type=\"page\">\n\t\t\t\t\t\t<section class=\"elementor-section elementor-top-section elementor-element elementor-element-78ccdebe elementor-section-boxed elementor-section-height-default elementor-section-height-default rael-particle-no\" data-id=\"78ccdebe\" data-element_type=\"section\" data-e-type=\"section\" data-settings=\"{&quot;rae_animations_entrance&quot;:&quot;none&quot;}\">\n\t\t\t\t\t\t<div class=\"elementor-container elementor-column-gap-default\">\n\t\t\t\t\t<div class=\"elementor-column elementor-col-100 elementor-top-column elementor-element elementor-element-73e81cf2 rael-particle-no\" data-id=\"73e81cf2\" data-element_type=\"column\" data-e-type=\"column\">\n\t\t\t<div class=\"elementor-widget-wrap elementor-element-populated\">\n\t\t\t\t\t\t<div class=\"elementor-element elementor-element-5859d4b3 elementor-widget elementor-widget-text-editor\" data-id=\"5859d4b3\" data-element_type=\"widget\" data-e-type=\"widget\" data-widget_type=\"text-editor.default\">\n\t\t\t\t<div class=\"elementor-widget-container\">\n\t\t\t\t\t\t\t\t\t<p><strong>Termos e Condi\u00e7\u00f5es<\/strong><\/p>\n<p>Bem-vindo \u00e0 Bo Jungle!<\/p>\n<p>Estes termos e condi\u00e7\u00f5es descrevem as regras e regulamentos para a utiliza\u00e7\u00e3o do Website da Chamo BV, localizado em https:\/\/www.bojungle.eu.<\/p>\n<p>Ao aceder a este website, assumimos que aceita estes termos e condi\u00e7\u00f5es. N\u00e3o continue a utilizar bojungle se n\u00e3o concordar em aceitar todos os termos e condi\u00e7\u00f5es indicados nesta p\u00e1gina.<\/p>\n<p><strong>Biscoitos:<\/strong><\/p>\n<p>O website utiliza cookies para ajudar a personalizar a sua experi\u00eancia online. Ao aceder ao bojungle, concordou em utilizar os cookies necess\u00e1rios.<\/p>\n<p>Um cookie \u00e9 um ficheiro de texto que \u00e9 colocado no seu disco r\u00edgido por um servidor de p\u00e1gina web. Os cookies n\u00e3o podem ser utilizados para executar programas ou entregar v\u00edrus no seu computador. Os cookies s\u00e3o-lhe exclusivamente atribu\u00eddos e s\u00f3 podem ser lidos por um servidor web no dom\u00ednio que lhe emitiu o cookie.<\/p>\n<p>Podemos utilizar cookies para recolher, armazenar, e seguir informa\u00e7\u00f5es para fins estat\u00edsticos ou de marketing para operar o nosso website. Tem a capacidade de aceitar ou recusar Cookies opcionais. Existem alguns Cookies necess\u00e1rios para o funcionamento do nosso s\u00edtio web. Estes cookies n\u00e3o requerem o seu consentimento, uma vez que funcionam sempre. Tenha em mente que ao aceitar os Cookies necess\u00e1rios, tamb\u00e9m aceita Cookies de terceiros, que podem ser utilizados atrav\u00e9s de servi\u00e7os fornecidos por terceiros se utilizar tais servi\u00e7os no nosso website, por exemplo, uma janela de exibi\u00e7\u00e3o de v\u00eddeo fornecida por terceiros e integrada no nosso website.<\/p>\n<p><strong>Licen\u00e7a:<\/strong><\/p>\n<p>Salvo indica\u00e7\u00e3o em contr\u00e1rio, a Chamo BV e\/ou os seus licenciadores s\u00e3o propriet\u00e1rios dos direitos de propriedade intelectual de todo o material em bojungle. Todos os direitos de propriedade intelectual s\u00e3o reservados. Pode ter acesso a este acesso a partir de bojungle para seu uso pessoal sujeito a restri\u00e7\u00f5es estabelecidas nestes termos e condi\u00e7\u00f5es.<\/p>\n<p>N\u00e3o deve:<\/p>\n<ul>\n<li>Copiar ou republicar material de bojungle<\/li>\n<li>Venda, aluguer, ou sub-licenciamento de material de bojungle<\/li>\n<li>Reproduzir, duplicar ou copiar material de bojungle<\/li>\n<li>Redistribuir conte\u00fado de bojungle<\/li>\n<\/ul>\n<p>O presente Acordo ter\u00e1 in\u00edcio na data do mesmo.<\/p>\n<p>Partes deste website oferecem aos utilizadores uma oportunidade de publicar e trocar opini\u00f5es e informa\u00e7\u00f5es em certas \u00e1reas do website. Chamo BV n\u00e3o filtra, edita, publica ou rev\u00ea Coment\u00e1rios antes da sua presen\u00e7a no website. Os coment\u00e1rios n\u00e3o reflectem os pontos de vista e opini\u00f5es da Chamo BV, dos seus agentes e\/ou afiliados. Os coment\u00e1rios reflectem os pontos de vista e opini\u00f5es da pessoa que publica os seus pontos de vista e opini\u00f5es. Na medida do permitido pela legisla\u00e7\u00e3o aplic\u00e1vel, Chamo BV n\u00e3o ser\u00e1 respons\u00e1vel pelos Coment\u00e1rios ou qualquer responsabilidade, danos, ou despesas causadas e\/ou sofridas como resultado de qualquer utiliza\u00e7\u00e3o e\/ou publica\u00e7\u00e3o de e\/ou aparecimento dos Coment\u00e1rios neste website.<\/p>\n<p>Chamo BV reserva-se o direito de monitorizar todos os Coment\u00e1rios e remover quaisquer Coment\u00e1rios que possam ser considerados inadequados, ofensivos, ou que causem viola\u00e7\u00e3o dos presentes Termos e Condi\u00e7\u00f5es.<\/p>\n<p>O senhor garante e representa isso:<\/p>\n<ul>\n<li>Tem o direito de publicar os Coment\u00e1rios no nosso s\u00edtio web e tem todas as licen\u00e7as e consentimentos necess\u00e1rios para o fazer;<\/li>\n<li>Os Coment\u00e1rios n\u00e3o invadem qualquer direito de propriedade intelectual, incluindo sem limita\u00e7\u00e3o os direitos de autor, patente, ou marca registada de terceiros;<\/li>\n<li>Os Coment\u00e1rios n\u00e3o cont\u00eam qualquer material difamat\u00f3rio, calunioso, ofensivo, indecente, ou de outra forma ilegal, o que constitui uma invas\u00e3o de privacidade.<\/li>\n<li>Os Coment\u00e1rios n\u00e3o ser\u00e3o utilizados para solicitar ou promover neg\u00f3cios ou costumes ou apresentar actividades comerciais ou actividades ilegais.<\/li>\n<\/ul>\n<p>Pelo presente concede \u00e0 Chamo BV uma licen\u00e7a n\u00e3o exclusiva para utilizar, reproduzir, editar e autorizar outros a utilizar, reproduzir e editar qualquer um dos seus Coment\u00e1rios em qualquer e todas as formas, formatos ou suportes.<\/p>\n<p><strong>Hiperliga\u00e7\u00e3o ao nosso Conte\u00fado:<\/strong><\/p>\n<p>As seguintes organiza\u00e7\u00f5es podem criar um link para o nosso s\u00edtio web sem aprova\u00e7\u00e3o pr\u00e9via por escrito:<\/p>\n<ul>\n<li>Ag\u00eancias governamentais;<\/li>\n<li>Motores de pesquisa;<\/li>\n<li>Organiza\u00e7\u00f5es de not\u00edcias;<\/li>\n<li>Os distribuidores de direct\u00f3rios em linha podem ligar ao nosso Website da mesma forma que hiperligam para os Websites de outras empresas listadas; e<\/li>\n<li>Empresas acreditadas em todo o sistema, excepto organiza\u00e7\u00f5es sem fins lucrativos, centros comerciais de caridade e grupos de angaria\u00e7\u00e3o de fundos que n\u00e3o podem fazer hiperliga\u00e7\u00f5es para o nosso s\u00edtio Web.<\/li>\n<\/ul>\n<p>Estas organiza\u00e7\u00f5es podem ligar \u00e0 nossa p\u00e1gina inicial, a publica\u00e7\u00f5es, ou a outras informa\u00e7\u00f5es do Website, desde que a liga\u00e7\u00e3o seja feita: (a) n\u00e3o \u00e9 de forma alguma enganosa; (b) n\u00e3o implica falsamente o patroc\u00ednio, endosso ou aprova\u00e7\u00e3o da parte que liga e dos seus produtos e\/ou servi\u00e7os; e (c) enquadra-se no contexto do site da parte que liga.<\/p>\n<p>Podemos considerar e aprovar outros pedidos de liga\u00e7\u00e3o dos seguintes tipos de organiza\u00e7\u00f5es:<\/p>\n<ul>\n<li>fontes de informa\u00e7\u00e3o de consumidores e\/ou empresas comummente conhecidas;<\/li>\n<li>s\u00edtios comunit\u00e1rios dot.com;<\/li>\n<li>associa\u00e7\u00f5es ou outros grupos representativos de institui\u00e7\u00f5es de caridade;<\/li>\n<li>distribuidores de direct\u00f3rios em linha;<\/li>\n<li>portais de internet;<\/li>\n<li>empresas de contabilidade, direito e consultoria; e<\/li>\n<li>institui\u00e7\u00f5es educacionais e associa\u00e7\u00f5es comerciais.<\/li>\n<\/ul>\n<p>Aprovaremos os pedidos de liga\u00e7\u00e3o destas organiza\u00e7\u00f5es se decidirmos isso: (a) A liga\u00e7\u00e3o n\u00e3o nos faria parecer desfavoravelmente a n\u00f3s pr\u00f3prios nem \u00e0s nossas empresas acreditadas; (b) a organiza\u00e7\u00e3o n\u00e3o tem connosco quaisquer registos negativos; (c) o benef\u00edcio para n\u00f3s da visibilidade do hyperlink compensa a aus\u00eancia da Chamo BV; e (d) A liga\u00e7\u00e3o est\u00e1 no contexto de informa\u00e7\u00e3o geral sobre recursos.<\/p>\n<p>Estas organiza\u00e7\u00f5es podem ligar \u00e0 nossa p\u00e1gina inicial, desde que a liga\u00e7\u00e3o seja feita: (a) n\u00e3o \u00e9 de forma alguma enganosa; (b) n\u00e3o implica falsamente o patroc\u00ednio, endosso ou aprova\u00e7\u00e3o da parte que liga e dos seus produtos ou servi\u00e7os; e (c) enquadra-se no contexto do site da parte que liga.<\/p>\n<p>Se for uma das organiza\u00e7\u00f5es listadas no par\u00e1grafo 2 acima e estiver interessado em ligar-se ao nosso website, deve informar-nos enviando um e-mail para Chamo BV. Por favor inclua o seu nome, o nome da sua organiza\u00e7\u00e3o, informa\u00e7\u00f5es de contacto assim como o URL do seu site, uma lista de quaisquer URLs a partir dos quais pretende criar um link para o nosso site, e uma lista dos URLs no nosso site para os quais pretende criar um link. Esperar 2-3 semanas por uma resposta.<\/p>\n<p>As organiza\u00e7\u00f5es aprovadas podem fazer a seguinte hiperliga\u00e7\u00e3o para o nosso Website:<\/p>\n<ul>\n<li>Pela utiliza\u00e7\u00e3o do nosso nome empresarial; ou<\/li>\n<li>Atrav\u00e9s da utiliza\u00e7\u00e3o do localizador uniforme de recursos a que est\u00e1 ligado; ou<\/li>\n<li>A utiliza\u00e7\u00e3o de qualquer outra descri\u00e7\u00e3o do nosso Website a que esteja ligado faz sentido dentro do contexto e formato do conte\u00fado do Website da parte que faz a liga\u00e7\u00e3o.<\/li>\n<\/ul>\n<p>N\u00e3o ser\u00e1 permitida a utiliza\u00e7\u00e3o do log\u00f3tipo da Chamo BV ou de outras obras de arte para a liga\u00e7\u00e3o, na aus\u00eancia de um acordo de licen\u00e7a de marca registada.<\/p>\n<p><strong>Responsabilidade pelo conte\u00fado:<\/strong><\/p>\n<p>N\u00e3o seremos responsabilizados por qualquer conte\u00fado que apare\u00e7a no seu Website. Concorda em proteger-nos e defender-nos contra todas as reivindica\u00e7\u00f5es que s\u00e3o levantadas no seu Website. Nenhum link(s) deve aparecer em qualquer Website que possa ser interpretado como calunioso, obsceno, ou criminoso, ou que infrinja, de outra forma viole, ou defenda a infrac\u00e7\u00e3o ou outra viola\u00e7\u00e3o de quaisquer direitos de terceiros.<\/p>\n<p><strong>Reserva de Direitos:<\/strong><\/p>\n<p>Reservamo-nos o direito de lhe pedir que remova todos os links ou qualquer link em particular para o nosso Website. O utilizador aprova a remo\u00e7\u00e3o imediata de todos os links para o nosso Website mediante pedido. Tamb\u00e9m nos reservamos o direito de alterar estes termos e condi\u00e7\u00f5es e a sua pol\u00edtica de liga\u00e7\u00e3o em qualquer altura. Ao criar uma liga\u00e7\u00e3o cont\u00ednua ao nosso Website, concorda em estar vinculado e seguir estes termos e condi\u00e7\u00f5es de liga\u00e7\u00e3o.<\/p>\n<p><strong>Remo\u00e7\u00e3o de links do nosso website:<\/strong><\/p>\n<p>Se encontrar algum link no nosso Website que seja ofensivo por qualquer raz\u00e3o, \u00e9 livre de nos contactar e informar-nos a qualquer momento. Consideraremos pedidos para remover liga\u00e7\u00f5es, mas n\u00e3o somos obrigados ou a responder directamente a si.<\/p>\n<p>N\u00e3o garantimos que a informa\u00e7\u00e3o contida neste s\u00edtio web esteja correcta. N\u00e3o garantimos a sua integralidade ou exactid\u00e3o, nem prometemos assegurar que o website permane\u00e7a dispon\u00edvel ou que o material do website seja mantido actualizado.<\/p>\n<p><strong>Ren\u00fancia de responsabilidade:<\/strong><\/p>\n<p>Na medida m\u00e1xima permitida pela lei aplic\u00e1vel, exclu\u00edmos todas as representa\u00e7\u00f5es, garantias, e condi\u00e7\u00f5es relacionadas com o nosso website e com a utiliza\u00e7\u00e3o deste website. Nada nesta declara\u00e7\u00e3o de exonera\u00e7\u00e3o de responsabilidade o far\u00e1:<\/p>\n<ul>\n<li>limitar ou excluir a nossa ou a sua responsabilidade por morte ou danos pessoais;<\/li>\n<li>limitar ou excluir a nossa ou a sua responsabilidade por fraude ou deturpa\u00e7\u00e3o fraudulenta;<\/li>\n<li>limitar as nossas ou as suas responsabilidades de qualquer forma que n\u00e3o seja permitida pela lei aplic\u00e1vel; ou<\/li>\n<li>excluir quaisquer das nossas ou das suas responsabilidades que n\u00e3o possam ser exclu\u00eddas ao abrigo da lei aplic\u00e1vel.<\/li>\n<\/ul>\n<p>As limita\u00e7\u00f5es e proibi\u00e7\u00f5es de responsabilidade estabelecidas nesta Sec\u00e7\u00e3o e em qualquer outra parte desta exonera\u00e7\u00e3o de responsabilidade: (a) est\u00e3o sujeitos ao par\u00e1grafo anterior; e (b) reger todas as responsabilidades decorrentes da ren\u00fancia de responsabilidade, incluindo responsabilidades decorrentes de contrato, de delito civil, e de viola\u00e7\u00e3o do dever estatut\u00e1rio.<\/p>\n<p>Desde que o website e as informa\u00e7\u00f5es e servi\u00e7os no website sejam fornecidos gratuitamente, n\u00e3o seremos respons\u00e1veis por qualquer perda ou dano de qualquer natureza.<\/p>\n<p> <\/p>\t\t\t\t\t\t\t\t<\/div>\n\t\t\t\t<\/div>\n\t\t\t\t\t<\/div>\n\t\t<\/div>\n\t\t\t\t\t<\/div>\n\t\t<\/section>\n\t\t\t\t<\/div>\n\t\t","protected":false},"excerpt":{"rendered":"<p>Termos e Condi\u00e7\u00f5es Bem-vindo \u00e0 Bo Jungle! Estes termos e condi\u00e7\u00f5es descrevem as regras e regulamentos para a utiliza\u00e7\u00e3o do Website da Chamo BV, localizado em https:\/\/www.bojungle.eu. Ao aceder a este website, assumimos que aceita estes termos e condi\u00e7\u00f5es. N\u00e3o continue a utilizar bojungle se n\u00e3o concordar em aceitar todos os termos e condi\u00e7\u00f5es indicados [&hellip;]<\/p>\n","protected":false},"author":6,"featured_media":0,"parent":0,"menu_order":0,"comment_status":"closed","ping_status":"closed","template":"elementor_theme","meta":{"_lmt_disableupdate":"","_lmt_disable":"","footnotes":""},"categories":[],"tags":[],"class_list":["post-40014","page","type-page","status-publish","hentry"],"_links":{"self":[{"href":"https:\/\/www.bojungle.eu\/pt-pt\/wp-json\/wp\/v2\/pages\/40014","targetHints":{"allow":["GET"]}}],"collection":[{"href":"https:\/\/www.bojungle.eu\/pt-pt\/wp-json\/wp\/v2\/pages"}],"about":[{"href":"https:\/\/www.bojungle.eu\/pt-pt\/wp-json\/wp\/v2\/types\/page"}],"author":[{"embeddable":true,"href":"https:\/\/www.bojungle.eu\/pt-pt\/wp-json\/wp\/v2\/users\/6"}],"replies":[{"embeddable":true,"href":"https:\/\/www.bojungle.eu\/pt-pt\/wp-json\/wp\/v2\/comments?post=40014"}],"version-history":[{"count":1,"href":"https:\/\/www.bojungle.eu\/pt-pt\/wp-json\/wp\/v2\/pages\/40014\/revisions"}],"predecessor-version":[{"id":40017,"href":"https:\/\/www.bojungle.eu\/pt-pt\/wp-json\/wp\/v2\/pages\/40014\/revisions\/40017"}],"wp:attachment":[{"href":"https:\/\/www.bojungle.eu\/pt-pt\/wp-json\/wp\/v2\/media?parent=40014"}],"wp:term":[{"taxonomy":"category","embeddable":true,"href":"https:\/\/www.bojungle.eu\/pt-pt\/wp-json\/wp\/v2\/categories?post=40014"},{"taxonomy":"post_tag","embeddable":true,"href":"https:\/\/www.bojungle.eu\/pt-pt\/wp-json\/wp\/v2\/tags?post=40014"}],"curies":[{"name":"wp","href":"https:\/\/api.w.org\/{rel}","templated":true}]}}