{"id":41831,"date":"2022-05-29T09:55:52","date_gmt":"2022-05-29T09:55:52","guid":{"rendered":"https:\/\/dev.authority.biz\/boj\/politica-de-privacidade\/"},"modified":"2023-02-06T12:30:31","modified_gmt":"2023-02-06T12:30:31","slug":"politica-de-privacidade","status":"publish","type":"page","link":"https:\/\/www.bojungle.eu\/pt-pt\/politica-de-privacidade\/","title":{"rendered":"Pol\u00edtica de privacidade"},"content":{"rendered":"\t\t<div data-elementor-type=\"wp-page\" data-elementor-id=\"41831\" class=\"elementor elementor-41831 elementor-3\" data-elementor-post-type=\"page\">\n\t\t\t\t\t\t<section class=\"elementor-section elementor-top-section elementor-element elementor-element-1711ebdd elementor-section-boxed elementor-section-height-default elementor-section-height-default rael-particle-no\" data-id=\"1711ebdd\" data-element_type=\"section\" data-e-type=\"section\" data-settings=\"{&quot;rae_animations_entrance&quot;:&quot;none&quot;}\">\n\t\t\t\t\t\t<div class=\"elementor-container elementor-column-gap-default\">\n\t\t\t\t\t<div class=\"elementor-column elementor-col-100 elementor-top-column elementor-element elementor-element-2999eab rael-particle-no\" data-id=\"2999eab\" data-element_type=\"column\" data-e-type=\"column\">\n\t\t\t<div class=\"elementor-widget-wrap elementor-element-populated\">\n\t\t\t\t\t\t<div class=\"elementor-element elementor-element-48a44f04 elementor-widget elementor-widget-text-editor\" data-id=\"48a44f04\" data-element_type=\"widget\" data-e-type=\"widget\" data-widget_type=\"text-editor.default\">\n\t\t\t\t<div class=\"elementor-widget-container\">\n\t\t\t\t\t\t\t\t\t<p><\/p>\n<p id=\"tw-target-text\" class=\"tw-data-text tw-text-large tw-ta\" dir=\"ltr\" data-placeholder=\"Vertaling\"><span class=\"Y2IQFc\" lang=\"en\">Bo Jungle, localizada em Brambroek 23b Geraadsbergen 9500, \u00e9 respons\u00e1vel pelo tratamento de dados pessoais, tal como demonstrado nesta declara\u00e7\u00e3o de privacidade.  <\/span><\/p>\n<p class=\"tw-data-text tw-text-large tw-ta\" dir=\"ltr\" data-placeholder=\"Vertaling\"><span class=\"Y2IQFc\" lang=\"en\">Detalhes de contacto: http:\/\/www.bojungle.eu Brambroek 23b Geraadsbergen 9500 +32 54 24 03 31 Dados pessoais que processamos  <\/span><\/p>\n<p class=\"tw-data-text tw-text-large tw-ta\" dir=\"ltr\" data-placeholder=\"Vertaling\"><span class=\"Y2IQFc\" lang=\"en\">A Bo Jungle processa os seus dados pessoais porque utiliza os nossos servi\u00e7os e\/ou porque os fornece a n\u00f3s pr\u00f3prios. Abaixo encontrar\u00e1 uma vis\u00e3o geral dos dados pessoais que processamos:<\/span><\/p>\n<ol>\n<li class=\"tw-data-text tw-text-large tw-ta\" dir=\"ltr\" data-placeholder=\"Vertaling\"><span class=\"Y2IQFc\" lang=\"en\">Primeiro e \u00faltimo nome  <\/span><\/li>\n<li class=\"tw-data-text tw-text-large tw-ta\" dir=\"ltr\" data-placeholder=\"Vertaling\"><span class=\"Y2IQFc\" lang=\"en\">Sexo  <\/span><\/li>\n<li class=\"tw-data-text tw-text-large tw-ta\" dir=\"ltr\" data-placeholder=\"Vertaling\"><span class=\"Y2IQFc\" lang=\"en\">Data de nascimento  <\/span><\/li>\n<li class=\"tw-data-text tw-text-large tw-ta\" dir=\"ltr\" data-placeholder=\"Vertaling\"><span class=\"Y2IQFc\" lang=\"en\">Local de nascimento  <\/span><\/li>\n<li class=\"tw-data-text tw-text-large tw-ta\" dir=\"ltr\" data-placeholder=\"Vertaling\"><span class=\"Y2IQFc\" lang=\"en\">Dados de endere\u00e7o  <\/span><\/li>\n<li class=\"tw-data-text tw-text-large tw-ta\" dir=\"ltr\" data-placeholder=\"Vertaling\"><span class=\"Y2IQFc\" lang=\"en\">N\u00famero de telefone  <\/span><\/li>\n<li class=\"tw-data-text tw-text-large tw-ta\" dir=\"ltr\" data-placeholder=\"Vertaling\"><span class=\"Y2IQFc\" lang=\"en\">Endere\u00e7o de correio electr\u00f3nico  <\/span><\/li>\n<li class=\"tw-data-text tw-text-large tw-ta\" dir=\"ltr\" data-placeholder=\"Vertaling\"><span class=\"Y2IQFc\" lang=\"en\">Endere\u00e7o IP  <\/span><\/li>\n<li class=\"tw-data-text tw-text-large tw-ta\" dir=\"ltr\" data-placeholder=\"Vertaling\"><span class=\"Y2IQFc\" lang=\"en\">Outros dados pessoais que fornece activamente, por exemplo atrav\u00e9s da cria\u00e7\u00e3o de um perfil neste website, em correspond\u00eancia e por telefone  <\/span><\/li>\n<li class=\"tw-data-text tw-text-large tw-ta\" dir=\"ltr\" data-placeholder=\"Vertaling\"><span class=\"Y2IQFc\" lang=\"en\">Dados de localiza\u00e7\u00e3o  <\/span><\/li>\n<li class=\"tw-data-text tw-text-large tw-ta\" dir=\"ltr\" data-placeholder=\"Vertaling\"><span class=\"Y2IQFc\" lang=\"en\">Informa\u00e7\u00f5es sobre as suas actividades no nosso s\u00edtio web  <\/span><\/li>\n<li class=\"tw-data-text tw-text-large tw-ta\" dir=\"ltr\" data-placeholder=\"Vertaling\"><span class=\"Y2IQFc\" lang=\"en\">Dados sobre o seu comportamento de navega\u00e7\u00e3o em diferentes websites (por exemplo, porque esta empresa faz parte de uma rede de publicidade)  <\/span><\/li>\n<li class=\"tw-data-text tw-text-large tw-ta\" dir=\"ltr\" data-placeholder=\"Vertaling\"><span class=\"Y2IQFc\" lang=\"en\">Navegador de Internet e tipo de dispositivo<\/span><\/li>\n<\/ol>\n<p dir=\"ltr\" data-placeholder=\"Vertaling\"> <\/p>\n<p id=\"tw-target-text\" class=\"tw-data-text tw-text-large tw-ta\" dir=\"ltr\" data-placeholder=\"Vertaling\"><span class=\"Y2IQFc\" lang=\"en\">Dados pessoais especiais e\/ou sens\u00edveis que processamos O nosso website e\/ou servi\u00e7o n\u00e3o pretende recolher dados sobre visitantes do website com menos de 16 anos de idade. A menos que tenham autoriza\u00e7\u00e3o dos pais ou tutores. No entanto, n\u00e3o podemos verificar se um visitante tem mais de 16 anos. Assim, aconselhamos os pais a envolverem-se nas actividades em linha dos seus filhos, a fim de evitar que dados sobre crian\u00e7as sejam recolhidos sem o consentimento dos pais. Se estiver convencido de que recolhemos informa\u00e7\u00f5es pessoais sobre um menor sem esta permiss\u00e3o, por favor contacte-nos em marketing@bojungle.eu e eliminaremos estas informa\u00e7\u00f5es. Para que fins e com que base processamos os seus dados pessoais Bo Jungle processa os seus dados pessoais para os seguintes fins:  <\/span><\/p>\n<ol>\n<li class=\"tw-data-text tw-text-large tw-ta\" dir=\"ltr\" data-placeholder=\"Vertaling\"><span class=\"Y2IQFc\" lang=\"en\">Envio da nossa newsletter e\/ou brochura publicit\u00e1ria  <\/span><\/li>\n<li class=\"tw-data-text tw-text-large tw-ta\" dir=\"ltr\" data-placeholder=\"Vertaling\"><span class=\"Y2IQFc\" lang=\"en\">Inform\u00e1-lo sobre as altera\u00e7\u00f5es aos nossos servi\u00e7os e produtos  <\/span><\/li>\n<li class=\"tw-data-text tw-text-large tw-ta\" dir=\"ltr\" data-placeholder=\"Vertaling\"><span class=\"Y2IQFc\" lang=\"en\">Oferecer-lhe a op\u00e7\u00e3o de criar uma conta  <\/span><\/li>\n<li class=\"tw-data-text tw-text-large tw-ta\" dir=\"ltr\" data-placeholder=\"Vertaling\"><span class=\"Y2IQFc\" lang=\"en\">Para lhe entregar bens e servi\u00e7os  <\/span><\/li>\n<li class=\"tw-data-text tw-text-large tw-ta\" dir=\"ltr\" data-placeholder=\"Vertaling\"><span class=\"Y2IQFc\" lang=\"en\">Bo Jungle analisa o seu comportamento no website a fim de melhorar o website e de adaptar a gama de produtos e servi\u00e7os \u00e0s suas prefer\u00eancias.  <\/span><\/li>\n<li class=\"tw-data-text tw-text-large tw-ta\" dir=\"ltr\" data-placeholder=\"Vertaling\"><span class=\"Y2IQFc\" lang=\"en\">Bo Jungle acompanha o seu comportamento de surf em v\u00e1rios websites com os quais adaptamos os nossos produtos e servi\u00e7os \u00e0s suas necessidades.  <\/span><\/li>\n<li class=\"tw-data-text tw-text-large tw-ta\" dir=\"ltr\" data-placeholder=\"Vertaling\"><span class=\"Y2IQFc\" lang=\"en\">A Bo Jungle tamb\u00e9m processa dados pessoais se formos legalmente obrigados a faz\u00ea-lo, tais como dados que precisamos para a nossa declara\u00e7\u00e3o de impostos.<\/span><\/li>\n<\/ol>\n<p dir=\"ltr\" data-placeholder=\"Vertaling\"> <\/p>\n<p id=\"tw-target-text\" class=\"tw-data-text tw-text-large tw-ta\" dir=\"ltr\" data-placeholder=\"Vertaling\"><span class=\"Y2IQFc\" lang=\"en\">Tomada de decis\u00e3o automatizada  <\/span><\/p>\n<p class=\"tw-data-text tw-text-large tw-ta\" dir=\"ltr\" data-placeholder=\"Vertaling\"><span class=\"Y2IQFc\" lang=\"en\">Bo Jungle leva  <\/span><span class=\"Y2IQFc\" lang=\"en\">#decis\u00f5es de responsabilidade baseadas no processamento automatizado de assuntos que podem ter consequ\u00eancias (significativas) para as pessoas. Estas s\u00e3o decis\u00f5es tomadas por programas ou sistemas inform\u00e1ticos, sem envolver uma pessoa (por exemplo, um empregado da Bo Jungle). A Bo Jungle utiliza os seguintes programas ou sistemas inform\u00e1ticos:  <\/span><\/p>\n<p class=\"tw-data-text tw-text-large tw-ta\" dir=\"ltr\" data-placeholder=\"Vertaling\"><span class=\"Y2IQFc\" lang=\"en\">#utiliza\u00e7\u00e3o_explica\u00e7\u00e3o  <\/span><\/p>\n<p class=\"tw-data-text tw-text-large tw-ta\" dir=\"ltr\" data-placeholder=\"Vertaling\"><span class=\"Y2IQFc\" lang=\"en\">Quanto tempo guardamos os seus dados pessoais Bo Jungle n\u00e3o guarda os seus dados pessoais por mais tempo do que o estritamente necess\u00e1rio para realizar as finalidades para as quais os seus dados s\u00e3o recolhidos. Utilizamos os seguintes per\u00edodos de reten\u00e7\u00e3o para as seguintes (categorias) de dados pessoais:  <\/span><\/p>\n<p class=\"tw-data-text tw-text-large tw-ta\" dir=\"ltr\" data-placeholder=\"Vertaling\"><span class=\"Y2IQFc\" lang=\"en\">#per\u00edodo_de_reten\u00e7\u00e3o  <\/span><\/p>\n<p class=\"tw-data-text tw-text-large tw-ta\" dir=\"ltr\" data-placeholder=\"Vertaling\"><span class=\"Y2IQFc\" lang=\"en\">Partilha de dados pessoais com terceiros A Bo Jungle n\u00e3o vende os seus dados a terceiros e s\u00f3 os fornece se tal for necess\u00e1rio para a execu\u00e7\u00e3o do nosso acordo consigo ou para o cumprimento de uma obriga\u00e7\u00e3o legal. Celebramos um acordo de processamento com empresas que processam os seus dados em nosso nome para garantir o mesmo n\u00edvel de seguran\u00e7a e confidencialidade dos seus dados. Bo Jungle continua a ser respons\u00e1vel por estas opera\u00e7\u00f5es de processamento. Os cookies, ou t\u00e9cnicas semelhantes, que utilizamos Bo Jungle, utilizam apenas cookies t\u00e9cnicos e funcionais. E cookies anal\u00edticos que n\u00e3o infrinjam a sua privacidade. Um cookie \u00e9 um pequeno ficheiro de texto que \u00e9 armazenado no seu computador, tablet ou smartphone quando visita este s\u00edtio web pela primeira vez. Os cookies que utilizamos s\u00e3o necess\u00e1rios para o funcionamento t\u00e9cnico do website e para a sua facilidade de utiliza\u00e7\u00e3o. Asseguram-se de que o s\u00edtio web funciona correctamente e, por exemplo, lembram-se das suas defini\u00e7\u00f5es preferidas. Tamb\u00e9m podemos optimizar o nosso s\u00edtio web com isto. Pode optar por n\u00e3o utilizar cookies definindo o seu navegador de Internet para que este deixe de armazenar cookies. Al\u00e9m disso, tamb\u00e9m pode apagar todas as informa\u00e7\u00f5es que tenham sido anteriormente armazenadas atrav\u00e9s das defini\u00e7\u00f5es do seu navegador.<\/span><\/p>\n<p id=\"tw-target-text\" class=\"tw-data-text tw-text-large tw-ta\" dir=\"ltr\" data-placeholder=\"Vertaling\"><span class=\"Y2IQFc\" lang=\"en\">Ver, modificar ou apagar dados Tem o direito de ver, corrigir ou apagar os seus dados pessoais. Pode faz\u00ea-lo voc\u00ea mesmo atrav\u00e9s das configura\u00e7\u00f5es pessoais da sua conta. Al\u00e9m disso, tem o direito de retirar o seu consentimento ao processamento de dados ou de se opor ao processamento dos seus dados pessoais pela nossa empresa e tem o direito \u00e0 portabilidade dos dados. Isto significa que pode enviar-nos um pedido de envio dos dados pessoais que temos sobre si num ficheiro inform\u00e1tico para si ou para outra organiza\u00e7\u00e3o mencionada por si. Se desejar exercer o seu direito de objec\u00e7\u00e3o e\/ou direito \u00e0 portabilidade dos dados ou se tiver outras perguntas\/coment\u00e1rios sobre o processamento de dados, queira enviar um pedido espec\u00edfico para marketing@bojungle.eu. Para garantir que o pedido de acesso foi feito por si, pedimos-lhe que anexe uma c\u00f3pia da sua prova de identidade ao pedido. Fa\u00e7a a sua fotografia de passaporte, MRZ (zona de leitura \u00f3ptica, a faixa com n\u00fameros na parte inferior do passaporte), n\u00famero de passaporte e n\u00famero de servi\u00e7o do cidad\u00e3o (BSN) preto nesta c\u00f3pia. Isto \u00e9 para proteger a sua privacidade. Bo Jungle responder\u00e1 ao seu pedido o mais rapidamente poss\u00edvel, mas em qualquer caso no prazo de quatro semanas. Bo Jungle gostaria tamb\u00e9m de salientar que tem a op\u00e7\u00e3o de apresentar uma queixa \u00e0 autoridade supervisora nacional, a Autoridade Holandesa para a Protec\u00e7\u00e3o de Dados. Pode faz\u00ea-lo atrav\u00e9s da seguinte liga\u00e7\u00e3o: https:\/\/autoriteitpersoonsgegevens.nl\/nl\/contact-met-de-autoriteit-persoonsgegevens\/tip-ons Como protegemos os dados pessoais Bo Jungle leva a s\u00e9rio a protec\u00e7\u00e3o dos seus dados e toma as medidas adequadas para evitar a sua utiliza\u00e7\u00e3o indevida, perda, acesso n\u00e3o autorizado, divulga\u00e7\u00e3o n\u00e3o desejada e modifica\u00e7\u00e3o n\u00e3o autorizada. Se tiver a impress\u00e3o de que os seus dados n\u00e3o est\u00e3o devidamente protegidos ou se houver ind\u00edcios de utiliza\u00e7\u00e3o indevida, contacte o nosso servi\u00e7o de apoio ao cliente ou via marketing@bojungle.eu<\/span><\/p>\n<p><\/p>\t\t\t\t\t\t\t\t<\/div>\n\t\t\t\t<\/div>\n\t\t\t\t\t<\/div>\n\t\t<\/div>\n\t\t\t\t\t<\/div>\n\t\t<\/section>\n\t\t\t\t<\/div>\n\t\t","protected":false},"excerpt":{"rendered":"<p>Bo Jungle, localizada em Brambroek 23b Geraadsbergen 9500, \u00e9 respons\u00e1vel pelo tratamento de dados pessoais, tal como demonstrado nesta declara\u00e7\u00e3o de privacidade. Detalhes de contacto: http:\/\/www.bojungle.eu Brambroek 23b Geraadsbergen 9500 +32 54 24 03 31 Dados pessoais que processamos A Bo Jungle processa os seus dados pessoais porque utiliza os nossos servi\u00e7os e\/ou porque os [&hellip;]<\/p>\n","protected":false},"author":6,"featured_media":0,"parent":0,"menu_order":0,"comment_status":"closed","ping_status":"closed","template":"elementor_theme","meta":{"_lmt_disableupdate":"","_lmt_disable":"","footnotes":""},"categories":[],"tags":[],"class_list":["post-41831","page","type-page","status-publish","hentry"],"_links":{"self":[{"href":"https:\/\/www.bojungle.eu\/pt-pt\/wp-json\/wp\/v2\/pages\/41831","targetHints":{"allow":["GET"]}}],"collection":[{"href":"https:\/\/www.bojungle.eu\/pt-pt\/wp-json\/wp\/v2\/pages"}],"about":[{"href":"https:\/\/www.bojungle.eu\/pt-pt\/wp-json\/wp\/v2\/types\/page"}],"author":[{"embeddable":true,"href":"https:\/\/www.bojungle.eu\/pt-pt\/wp-json\/wp\/v2\/users\/6"}],"replies":[{"embeddable":true,"href":"https:\/\/www.bojungle.eu\/pt-pt\/wp-json\/wp\/v2\/comments?post=41831"}],"version-history":[{"count":3,"href":"https:\/\/www.bojungle.eu\/pt-pt\/wp-json\/wp\/v2\/pages\/41831\/revisions"}],"predecessor-version":[{"id":41846,"href":"https:\/\/www.bojungle.eu\/pt-pt\/wp-json\/wp\/v2\/pages\/41831\/revisions\/41846"}],"wp:attachment":[{"href":"https:\/\/www.bojungle.eu\/pt-pt\/wp-json\/wp\/v2\/media?parent=41831"}],"wp:term":[{"taxonomy":"category","embeddable":true,"href":"https:\/\/www.bojungle.eu\/pt-pt\/wp-json\/wp\/v2\/categories?post=41831"},{"taxonomy":"post_tag","embeddable":true,"href":"https:\/\/www.bojungle.eu\/pt-pt\/wp-json\/wp\/v2\/tags?post=41831"}],"curies":[{"name":"wp","href":"https:\/\/api.w.org\/{rel}","templated":true}]}}