{"id":64763,"date":"2020-08-19T07:40:26","date_gmt":"2020-08-19T05:40:26","guid":{"rendered":"https:\/\/www.bojungle.eu\/faq\/"},"modified":"2024-01-23T11:32:14","modified_gmt":"2024-01-23T10:32:14","slug":"faq","status":"publish","type":"page","link":"https:\/\/www.bojungle.eu\/pt-pt\/faq\/","title":{"rendered":"Faq"},"content":{"rendered":"\t\t<div data-elementor-type=\"wp-page\" data-elementor-id=\"64763\" class=\"elementor elementor-64763 elementor-14474\" data-elementor-post-type=\"page\">\n\t\t\t\t<div class=\"elementor-element elementor-element-223e7ce e-flex e-con-boxed rael-particle-no e-con e-parent\" data-id=\"223e7ce\" data-element_type=\"container\" data-e-type=\"container\" data-settings=\"{&quot;rae_animations_entrance&quot;:&quot;none&quot;}\">\n\t\t\t\t\t<div class=\"e-con-inner\">\n\t\t<div class=\"elementor-element elementor-element-534d81a e-con-full e-flex rael-particle-no e-con e-child\" data-id=\"534d81a\" data-element_type=\"container\" data-e-type=\"container\" data-settings=\"{&quot;rae_animations_entrance&quot;:&quot;none&quot;}\">\n\t\t\t\t<div class=\"elementor-element elementor-element-a5c7eab title-block-1 elementor-widget elementor-widget-heading\" data-id=\"a5c7eab\" data-element_type=\"widget\" data-e-type=\"widget\" data-widget_type=\"heading.default\">\n\t\t\t\t<div class=\"elementor-widget-container\">\n\t\t\t\t\t<h2 class=\"elementor-heading-title elementor-size-default\">Perguntas Frequentes<\/h2>\t\t\t\t<\/div>\n\t\t\t\t<\/div>\n\t\t\t\t<\/div>\n\t\t\t\t\t<\/div>\n\t\t\t\t<\/div>\n\t\t<div class=\"elementor-element elementor-element-2b1cb52 e-flex e-con-boxed rael-particle-no e-con e-parent\" data-id=\"2b1cb52\" data-element_type=\"container\" data-e-type=\"container\" data-settings=\"{&quot;rae_animations_entrance&quot;:&quot;none&quot;}\">\n\t\t\t\t\t<div class=\"e-con-inner\">\n\t\t<div class=\"elementor-element elementor-element-f2c3de9 e-flex e-con-boxed rael-particle-no e-con e-child\" data-id=\"f2c3de9\" data-element_type=\"container\" data-e-type=\"container\" data-settings=\"{&quot;rae_animations_entrance&quot;:&quot;none&quot;}\">\n\t\t\t\t\t<div class=\"e-con-inner\">\n\t\t\t\t<div class=\"elementor-element elementor-element-b20a25a elementor-widget elementor-widget-toggle\" data-id=\"b20a25a\" data-element_type=\"widget\" data-e-type=\"widget\" data-widget_type=\"toggle.default\">\n\t\t\t\t<div class=\"elementor-widget-container\">\n\t\t\t\t\t\t\t<div class=\"elementor-toggle\">\n\t\t\t\t\t\t\t<div class=\"elementor-toggle-item\">\n\t\t\t\t\t<div id=\"elementor-tab-title-1861\" class=\"elementor-tab-title\" data-tab=\"1\" role=\"button\" aria-controls=\"elementor-tab-content-1861\" aria-expanded=\"false\">\n\t\t\t\t\t\t\t\t\t\t\t\t<span class=\"elementor-toggle-icon elementor-toggle-icon-left\" aria-hidden=\"true\">\n\t\t\t\t\t\t\t\t\t\t\t\t\t\t\t<span class=\"elementor-toggle-icon-closed\"><i class=\"fas fa-caret-right\"><\/i><\/span>\n\t\t\t\t\t\t\t\t<span class=\"elementor-toggle-icon-opened\"><i class=\"elementor-toggle-icon-opened fas fa-caret-up\"><\/i><\/span>\n\t\t\t\t\t\t\t\t\t\t\t\t\t<\/span>\n\t\t\t\t\t\t\t\t\t\t\t\t<a class=\"elementor-toggle-title\" tabindex=\"0\">O que Bo Jungle representa?<\/a>\n\t\t\t\t\t<\/div>\n\n\t\t\t\t\t<div id=\"elementor-tab-content-1861\" class=\"elementor-tab-content elementor-clearfix\" data-tab=\"1\" role=\"region\" aria-labelledby=\"elementor-tab-title-1861\"><p style=\"border: 0px solid #d9d9e3; --tw-border-spacing-x: 0; --tw-border-spacing-y: 0; --tw-translate-x: 0; --tw-translate-y: 0; --tw-rotate: 0; --tw-skew-x: 0; --tw-skew-y: 0; --tw-scale-x: 1; --tw-scale-y: 1; --tw-scroll-snap-strictness: proximity; --tw-ring-offset-width: 0px; --tw-ring-offset-color: #fff; --tw-ring-color: rgba(69,89,164,.5); --tw-ring-offset-shadow: 0 0 transparent; --tw-ring-shadow: 0 0 transparent; --tw-shadow: 0 0 transparent; --tw-shadow-colored: 0 0 transparent; margin: 1.25em 0px; color: #374151; font-family: S\u00f6hne, ui-sans-serif, system-ui, -apple-system, 'Segoe UI', Roboto, Ubuntu, Cantarell, 'Noto Sans', sans-serif, 'Helvetica Neue', Arial, 'Apple Color Emoji', 'Segoe UI Emoji', 'Segoe UI Symbol', 'Noto Color Emoji'; letter-spacing: normal; white-space-collapse: preserve;\">Bo Jungle \u00e9 mais do que apenas uma marca; \u00e9 um compromisso de apoiar pais e cuidadores na gratificante jornada de criar seus filhos. Origin\u00e1rios da B\u00e9lgica, a nossa miss\u00e3o \u00e9 fornecer assist\u00eancia abrangente em v\u00e1rios aspectos da parentalidade, incluindo refei\u00e7\u00f5es, passeios, cuidados, brincadeiras, sono, seguran\u00e7a e muito mais. <\/p>\n<p style=\"border: 0px solid #d9d9e3; --tw-border-spacing-x: 0; --tw-border-spacing-y: 0; --tw-translate-x: 0; --tw-translate-y: 0; --tw-rotate: 0; --tw-skew-x: 0; --tw-skew-y: 0; --tw-scale-x: 1; --tw-scale-y: 1; --tw-scroll-snap-strictness: proximity; --tw-ring-offset-width: 0px; --tw-ring-offset-color: #fff; --tw-ring-color: rgba(69,89,164,.5); --tw-ring-offset-shadow: 0 0 transparent; --tw-ring-shadow: 0 0 transparent; --tw-shadow: 0 0 transparent; --tw-shadow-colored: 0 0 transparent; margin: 1.25em 0px 0px; color: #374151; font-family: S\u00f6hne, ui-sans-serif, system-ui, -apple-system, 'Segoe UI', Roboto, Ubuntu, Cantarell, 'Noto Sans', sans-serif, 'Helvetica Neue', Arial, 'Apple Color Emoji', 'Segoe UI Emoji', 'Segoe UI Symbol', 'Noto Color Emoji'; letter-spacing: normal; white-space-collapse: preserve;\">Nossa extensa linha de produtos acess\u00edveis foi cuidadosamente projetada para melhorar a vida di\u00e1ria de pais e filhos. Com foco no belo design, inova\u00e7\u00e3o e, o mais importante, no artesanato de alta qualidade, Bo Jungle se esfor\u00e7a para tornar a experi\u00eancia dos pais mais agrad\u00e1vel e gratificante. Acreditamos na cria\u00e7\u00e3o de produtos que n\u00e3o s\u00f3 atendam \u00e0s necessidades pr\u00e1ticas dos pais, mas tamb\u00e9m acrescentem um toque de alegria e conforto \u00e0 vida dos pequenos que amamos.  <\/p><\/p>\n<\/div>\n\t\t\t\t<\/div>\n\t\t\t\t\t\t\t<div class=\"elementor-toggle-item\">\n\t\t\t\t\t<div id=\"elementor-tab-title-1862\" class=\"elementor-tab-title\" data-tab=\"2\" role=\"button\" aria-controls=\"elementor-tab-content-1862\" aria-expanded=\"false\">\n\t\t\t\t\t\t\t\t\t\t\t\t<span class=\"elementor-toggle-icon elementor-toggle-icon-left\" aria-hidden=\"true\">\n\t\t\t\t\t\t\t\t\t\t\t\t\t\t\t<span class=\"elementor-toggle-icon-closed\"><i class=\"fas fa-caret-right\"><\/i><\/span>\n\t\t\t\t\t\t\t\t<span class=\"elementor-toggle-icon-opened\"><i class=\"elementor-toggle-icon-opened fas fa-caret-up\"><\/i><\/span>\n\t\t\t\t\t\t\t\t\t\t\t\t\t<\/span>\n\t\t\t\t\t\t\t\t\t\t\t\t<a class=\"elementor-toggle-title\" tabindex=\"0\">E se eu tiver uma reclama\u00e7\u00e3o sobre um produto Bo Jungle?<\/a>\n\t\t\t\t\t<\/div>\n\n\t\t\t\t\t<div id=\"elementor-tab-content-1862\" class=\"elementor-tab-content elementor-clearfix\" data-tab=\"2\" role=\"region\" aria-labelledby=\"elementor-tab-title-1862\"><p>Se o seu produto estiver com defeito, entre em contato com a loja de compra com o comprovante de compra. Eles poder\u00e3o ajud\u00e1-lo ainda mais. <br \/>Se diz respeito a outra coisa, pode sempre enviar-nos uma mensagem atrav\u00e9s da p\u00e1gina<a href=\"https:\/\/www.bojungle.eu\/pt-pt\/contacto\/\">&#8220;contacto<\/a>&#8220;.<\/p><\/p>\n<\/div>\n\t\t\t\t<\/div>\n\t\t\t\t\t\t\t<div class=\"elementor-toggle-item\">\n\t\t\t\t\t<div id=\"elementor-tab-title-1863\" class=\"elementor-tab-title\" data-tab=\"3\" role=\"button\" aria-controls=\"elementor-tab-content-1863\" aria-expanded=\"false\">\n\t\t\t\t\t\t\t\t\t\t\t\t<span class=\"elementor-toggle-icon elementor-toggle-icon-left\" aria-hidden=\"true\">\n\t\t\t\t\t\t\t\t\t\t\t\t\t\t\t<span class=\"elementor-toggle-icon-closed\"><i class=\"fas fa-caret-right\"><\/i><\/span>\n\t\t\t\t\t\t\t\t<span class=\"elementor-toggle-icon-opened\"><i class=\"elementor-toggle-icon-opened fas fa-caret-up\"><\/i><\/span>\n\t\t\t\t\t\t\t\t\t\t\t\t\t<\/span>\n\t\t\t\t\t\t\t\t\t\t\t\t<a class=\"elementor-toggle-title\" tabindex=\"0\">Qual servi\u00e7o de remessa a Bo Jungle usa?<\/a>\n\t\t\t\t\t<\/div>\n\n\t\t\t\t\t<div id=\"elementor-tab-content-1863\" class=\"elementor-tab-content elementor-clearfix\" data-tab=\"3\" role=\"region\" aria-labelledby=\"elementor-tab-title-1863\"><p>\n            <span style=\"color: #374151; font-family: S\u00f6hne, ui-sans-serif, system-ui, -apple-system, 'Segoe UI', Roboto, Ubuntu, Cantarell, 'Noto Sans', sans-serif, 'Helvetica Neue', Arial, 'Apple Color Emoji', 'Segoe UI Emoji', 'Segoe UI Symbol', 'Noto Color Emoji'; letter-spacing: normal; white-space-collapse: preserve;\">Bo Jungle utiliza o servi\u00e7o de remessa DPD.<\/span>\n          <\/p>\n<\/div>\n\t\t\t\t<\/div>\n\t\t\t\t\t\t\t<div class=\"elementor-toggle-item\">\n\t\t\t\t\t<div id=\"elementor-tab-title-1864\" class=\"elementor-tab-title\" data-tab=\"4\" role=\"button\" aria-controls=\"elementor-tab-content-1864\" aria-expanded=\"false\">\n\t\t\t\t\t\t\t\t\t\t\t\t<span class=\"elementor-toggle-icon elementor-toggle-icon-left\" aria-hidden=\"true\">\n\t\t\t\t\t\t\t\t\t\t\t\t\t\t\t<span class=\"elementor-toggle-icon-closed\"><i class=\"fas fa-caret-right\"><\/i><\/span>\n\t\t\t\t\t\t\t\t<span class=\"elementor-toggle-icon-opened\"><i class=\"elementor-toggle-icon-opened fas fa-caret-up\"><\/i><\/span>\n\t\t\t\t\t\t\t\t\t\t\t\t\t<\/span>\n\t\t\t\t\t\t\t\t\t\t\t\t<a class=\"elementor-toggle-title\" tabindex=\"0\">Qual \u00e9 o valor dos itens que se qualificam para frete gr\u00e1tis?<\/a>\n\t\t\t\t\t<\/div>\n\n\t\t\t\t\t<div id=\"elementor-tab-content-1864\" class=\"elementor-tab-content elementor-clearfix\" data-tab=\"4\" role=\"region\" aria-labelledby=\"elementor-tab-title-1864\"><p>\n            <span style=\"color: #374151; font-family: S\u00f6hne, ui-sans-serif, system-ui, -apple-system, 'Segoe UI', Roboto, Ubuntu, Cantarell, 'Noto Sans', sans-serif, 'Helvetica Neue', Arial, 'Apple Color Emoji', 'Segoe UI Emoji', 'Segoe UI Symbol', 'Noto Color Emoji'; letter-spacing: normal; white-space-collapse: preserve;\">Os artigos s\u00e3o eleg\u00edveis para envio gratuito em encomendas totalizando 40\u20ac ou mais.<\/span>\n          <\/p>\n<\/div>\n\t\t\t\t<\/div>\n\t\t\t\t\t\t\t<div class=\"elementor-toggle-item\">\n\t\t\t\t\t<div id=\"elementor-tab-title-1865\" class=\"elementor-tab-title\" data-tab=\"5\" role=\"button\" aria-controls=\"elementor-tab-content-1865\" aria-expanded=\"false\">\n\t\t\t\t\t\t\t\t\t\t\t\t<span class=\"elementor-toggle-icon elementor-toggle-icon-left\" aria-hidden=\"true\">\n\t\t\t\t\t\t\t\t\t\t\t\t\t\t\t<span class=\"elementor-toggle-icon-closed\"><i class=\"fas fa-caret-right\"><\/i><\/span>\n\t\t\t\t\t\t\t\t<span class=\"elementor-toggle-icon-opened\"><i class=\"elementor-toggle-icon-opened fas fa-caret-up\"><\/i><\/span>\n\t\t\t\t\t\t\t\t\t\t\t\t\t<\/span>\n\t\t\t\t\t\t\t\t\t\t\t\t<a class=\"elementor-toggle-title\" tabindex=\"0\">O que o recurso \"Localizador de lojas\" indica?<\/a>\n\t\t\t\t\t<\/div>\n\n\t\t\t\t\t<div id=\"elementor-tab-content-1865\" class=\"elementor-tab-content elementor-clearfix\" data-tab=\"5\" role=\"region\" aria-labelledby=\"elementor-tab-title-1865\"><p>O localizador de lojas ajuda voc\u00ea a encontrar lojas f\u00edsicas que vendem produtos Bo Jungle. No entanto, observe que isso n\u00e3o garante que todos os produtos estejam dispon\u00edveis em todas as lojas listadas. <\/p>\n<\/div>\n\t\t\t\t<\/div>\n\t\t\t\t\t\t\t<div class=\"elementor-toggle-item\">\n\t\t\t\t\t<div id=\"elementor-tab-title-1866\" class=\"elementor-tab-title\" data-tab=\"6\" role=\"button\" aria-controls=\"elementor-tab-content-1866\" aria-expanded=\"false\">\n\t\t\t\t\t\t\t\t\t\t\t\t<span class=\"elementor-toggle-icon elementor-toggle-icon-left\" aria-hidden=\"true\">\n\t\t\t\t\t\t\t\t\t\t\t\t\t\t\t<span class=\"elementor-toggle-icon-closed\"><i class=\"fas fa-caret-right\"><\/i><\/span>\n\t\t\t\t\t\t\t\t<span class=\"elementor-toggle-icon-opened\"><i class=\"elementor-toggle-icon-opened fas fa-caret-up\"><\/i><\/span>\n\t\t\t\t\t\t\t\t\t\t\t\t\t<\/span>\n\t\t\t\t\t\t\t\t\t\t\t\t<a class=\"elementor-toggle-title\" tabindex=\"0\">A Bo Jungle possui loja f\u00edsica pr\u00f3pria?<\/a>\n\t\t\t\t\t<\/div>\n\n\t\t\t\t\t<div id=\"elementor-tab-content-1866\" class=\"elementor-tab-content elementor-clearfix\" data-tab=\"6\" role=\"region\" aria-labelledby=\"elementor-tab-title-1866\"><p>N\u00e3o, a Bo Jungle opera exclusivamente por meio de vendas online e n\u00e3o possui lojas f\u00edsicas. Por\u00e9m, voc\u00ea pode encontrar os produtos Bo Jungle em diversas lojas f\u00edsicas. Use nosso localizador de lojas para descobrir quais lojas vendem itens da Bo Jungle. Lembre-se de que nem todos os produtos podem estar dispon\u00edveis em todas as lojas listadas.   <\/p>\n<\/div>\n\t\t\t\t<\/div>\n\t\t\t\t\t\t\t<div class=\"elementor-toggle-item\">\n\t\t\t\t\t<div id=\"elementor-tab-title-1867\" class=\"elementor-tab-title\" data-tab=\"7\" role=\"button\" aria-controls=\"elementor-tab-content-1867\" aria-expanded=\"false\">\n\t\t\t\t\t\t\t\t\t\t\t\t<span class=\"elementor-toggle-icon elementor-toggle-icon-left\" aria-hidden=\"true\">\n\t\t\t\t\t\t\t\t\t\t\t\t\t\t\t<span class=\"elementor-toggle-icon-closed\"><i class=\"fas fa-caret-right\"><\/i><\/span>\n\t\t\t\t\t\t\t\t<span class=\"elementor-toggle-icon-opened\"><i class=\"elementor-toggle-icon-opened fas fa-caret-up\"><\/i><\/span>\n\t\t\t\t\t\t\t\t\t\t\t\t\t<\/span>\n\t\t\t\t\t\t\t\t\t\t\t\t<a class=\"elementor-toggle-title\" tabindex=\"0\">Estou procurando uma pe\u00e7a de reposi\u00e7\u00e3o, como posso encontrar isso?<\/a>\n\t\t\t\t\t<\/div>\n\n\t\t\t\t\t<div id=\"elementor-tab-content-1867\" class=\"elementor-tab-content elementor-clearfix\" data-tab=\"7\" role=\"region\" aria-labelledby=\"elementor-tab-title-1867\"><p>Para d\u00favidas sobre pe\u00e7as de reposi\u00e7\u00e3o, voc\u00ea pode enviar um e-mail para <a target=\"_new\">office@bojungle.eu<\/a> para verificar se podemos fornecer assist\u00eancia. Esteja ciente de que nem sempre as pe\u00e7as sobressalentes podem estar dispon\u00edveis.<\/p>\n<\/div>\n\t\t\t\t<\/div>\n\t\t\t\t\t\t\t<div class=\"elementor-toggle-item\">\n\t\t\t\t\t<div id=\"elementor-tab-title-1868\" class=\"elementor-tab-title\" data-tab=\"8\" role=\"button\" aria-controls=\"elementor-tab-content-1868\" aria-expanded=\"false\">\n\t\t\t\t\t\t\t\t\t\t\t\t<span class=\"elementor-toggle-icon elementor-toggle-icon-left\" aria-hidden=\"true\">\n\t\t\t\t\t\t\t\t\t\t\t\t\t\t\t<span class=\"elementor-toggle-icon-closed\"><i class=\"fas fa-caret-right\"><\/i><\/span>\n\t\t\t\t\t\t\t\t<span class=\"elementor-toggle-icon-opened\"><i class=\"elementor-toggle-icon-opened fas fa-caret-up\"><\/i><\/span>\n\t\t\t\t\t\t\t\t\t\t\t\t\t<\/span>\n\t\t\t\t\t\t\t\t\t\t\t\t<a class=\"elementor-toggle-title\" tabindex=\"0\">Posso adquirir produtos Bo Jungle em loja f\u00edsica?<\/a>\n\t\t\t\t\t<\/div>\n\n\t\t\t\t\t<div id=\"elementor-tab-content-1868\" class=\"elementor-tab-content elementor-clearfix\" data-tab=\"8\" role=\"region\" aria-labelledby=\"elementor-tab-title-1868\"><p>Certamente! Use nosso localizador de lojas para encontrar lojas que vendem produtos Bo Jungle. No entanto, \u00e9 importante observar que nem todos os produtos podem estar dispon\u00edveis em todas as lojas listadas.  <\/p>\n<\/div>\n\t\t\t\t<\/div>\n\t\t\t\t\t\t\t<div class=\"elementor-toggle-item\">\n\t\t\t\t\t<div id=\"elementor-tab-title-1869\" class=\"elementor-tab-title\" data-tab=\"9\" role=\"button\" aria-controls=\"elementor-tab-content-1869\" aria-expanded=\"false\">\n\t\t\t\t\t\t\t\t\t\t\t\t<span class=\"elementor-toggle-icon elementor-toggle-icon-left\" aria-hidden=\"true\">\n\t\t\t\t\t\t\t\t\t\t\t\t\t\t\t<span class=\"elementor-toggle-icon-closed\"><i class=\"fas fa-caret-right\"><\/i><\/span>\n\t\t\t\t\t\t\t\t<span class=\"elementor-toggle-icon-opened\"><i class=\"elementor-toggle-icon-opened fas fa-caret-up\"><\/i><\/span>\n\t\t\t\t\t\t\t\t\t\t\t\t\t<\/span>\n\t\t\t\t\t\t\t\t\t\t\t\t<a class=\"elementor-toggle-title\" tabindex=\"0\">Em quais pa\u00edses o Bo Jungle est\u00e1 dispon\u00edvel para compra?<\/a>\n\t\t\t\t\t<\/div>\n\n\t\t\t\t\t<div id=\"elementor-tab-content-1869\" class=\"elementor-tab-content elementor-clearfix\" data-tab=\"9\" role=\"region\" aria-labelledby=\"elementor-tab-title-1869\"><p>Os produtos Bo Jungle est\u00e3o dispon\u00edveis em v\u00e1rios pa\u00edses; no entanto, este site atualmente facilita entregas apenas para o Benelux e Fran\u00e7a. Para clientes noutros pa\u00edses, incluindo Rep\u00fablica Checa, Pol\u00f3nia, Espanha, Malta, It\u00e1lia, Portugal, Gr\u00e9cia, Alemanha, \u00c1frica do Sul, Cazaquist\u00e3o, Quirguist\u00e3o, Alb\u00e2nia e Bulg\u00e1ria, recomendamos que nos contacte diretamente. Entre em contato com nosso suporte ao cliente e teremos prazer em ajud\u00e1-lo a encontrar a loja ou distribuidor mais pr\u00f3ximo em seu pa\u00eds para acesso conveniente aos produtos Bo Jungle.  <\/p>\n<\/div>\n\t\t\t\t<\/div>\n\t\t\t\t\t\t\t\t\t\t<script type=\"application\/ld+json\">{\"@context\":\"https:\\\/\\\/schema.org\",\"@type\":\"FAQPage\",\"mainEntity\":[{\"@type\":\"Question\",\"name\":\"O que Bo Jungle representa?\",\"acceptedAnswer\":{\"@type\":\"Answer\",\"text\":\"<p style=\\\"border: 0px solid #d9d9e3; --tw-border-spacing-x: 0; --tw-border-spacing-y: 0; --tw-translate-x: 0; --tw-translate-y: 0; --tw-rotate: 0; --tw-skew-x: 0; --tw-skew-y: 0; --tw-scale-x: 1; --tw-scale-y: 1; --tw-scroll-snap-strictness: proximity; --tw-ring-offset-width: 0px; --tw-ring-offset-color: #fff; --tw-ring-color: rgba(69,89,164,.5); --tw-ring-offset-shadow: 0 0 transparent; --tw-ring-shadow: 0 0 transparent; --tw-shadow: 0 0 transparent; --tw-shadow-colored: 0 0 transparent; margin: 1.25em 0px; color: #374151; font-family: S\\u00f6hne, ui-sans-serif, system-ui, -apple-system, 'Segoe UI', Roboto, Ubuntu, Cantarell, 'Noto Sans', sans-serif, 'Helvetica Neue', Arial, 'Apple Color Emoji', 'Segoe UI Emoji', 'Segoe UI Symbol', 'Noto Color Emoji'; letter-spacing: normal; white-space-collapse: preserve;\\\">Bo Jungle \\u00e9 mais do que apenas uma marca; \\u00e9 um compromisso de apoiar pais e cuidadores na gratificante jornada de criar seus filhos. Origin\\u00e1rios da B\\u00e9lgica, a nossa miss\\u00e3o \\u00e9 fornecer assist\\u00eancia abrangente em v\\u00e1rios aspectos da parentalidade, incluindo refei\\u00e7\\u00f5es, passeios, cuidados, brincadeiras, sono, seguran\\u00e7a e muito mais. <\\\/p>\\n<p style=\\\"border: 0px solid #d9d9e3; --tw-border-spacing-x: 0; --tw-border-spacing-y: 0; --tw-translate-x: 0; --tw-translate-y: 0; --tw-rotate: 0; --tw-skew-x: 0; --tw-skew-y: 0; --tw-scale-x: 1; --tw-scale-y: 1; --tw-scroll-snap-strictness: proximity; --tw-ring-offset-width: 0px; --tw-ring-offset-color: #fff; --tw-ring-color: rgba(69,89,164,.5); --tw-ring-offset-shadow: 0 0 transparent; --tw-ring-shadow: 0 0 transparent; --tw-shadow: 0 0 transparent; --tw-shadow-colored: 0 0 transparent; margin: 1.25em 0px 0px; color: #374151; font-family: S\\u00f6hne, ui-sans-serif, system-ui, -apple-system, 'Segoe UI', Roboto, Ubuntu, Cantarell, 'Noto Sans', sans-serif, 'Helvetica Neue', Arial, 'Apple Color Emoji', 'Segoe UI Emoji', 'Segoe UI Symbol', 'Noto Color Emoji'; letter-spacing: normal; white-space-collapse: preserve;\\\">Nossa extensa linha de produtos acess\\u00edveis foi cuidadosamente projetada para melhorar a vida di\\u00e1ria de pais e filhos. Com foco no belo design, inova\\u00e7\\u00e3o e, o mais importante, no artesanato de alta qualidade, Bo Jungle se esfor\\u00e7a para tornar a experi\\u00eancia dos pais mais agrad\\u00e1vel e gratificante. Acreditamos na cria\\u00e7\\u00e3o de produtos que n\\u00e3o s\\u00f3 atendam \\u00e0s necessidades pr\\u00e1ticas dos pais, mas tamb\\u00e9m acrescentem um toque de alegria e conforto \\u00e0 vida dos pequenos que amamos.  <\\\/p><\\\/p>\\n\"}},{\"@type\":\"Question\",\"name\":\"E se eu tiver uma reclama\\u00e7\\u00e3o sobre um produto Bo Jungle?\",\"acceptedAnswer\":{\"@type\":\"Answer\",\"text\":\"<p>Se o seu produto estiver com defeito, entre em contato com a loja de compra com o comprovante de compra. Eles poder\\u00e3o ajud\\u00e1-lo ainda mais. <br \\\/>Se diz respeito a outra coisa, pode sempre enviar-nos uma mensagem atrav\\u00e9s da p\\u00e1gina<a href=\\\"https:\\\/\\\/www.bojungle.eu\\\/pt-pt\\\/contacto\\\/\\\">&#8220;contacto<\\\/a>&#8220;.<\\\/p><\\\/p>\\n\"}},{\"@type\":\"Question\",\"name\":\"Qual servi\\u00e7o de remessa a Bo Jungle usa?\",\"acceptedAnswer\":{\"@type\":\"Answer\",\"text\":\"<p>\\n            <span style=\\\"color: #374151; font-family: S\\u00f6hne, ui-sans-serif, system-ui, -apple-system, 'Segoe UI', Roboto, Ubuntu, Cantarell, 'Noto Sans', sans-serif, 'Helvetica Neue', Arial, 'Apple Color Emoji', 'Segoe UI Emoji', 'Segoe UI Symbol', 'Noto Color Emoji'; letter-spacing: normal; white-space-collapse: preserve;\\\">Bo Jungle utiliza o servi\\u00e7o de remessa DPD.<\\\/span>\\n          <\\\/p>\\n\"}},{\"@type\":\"Question\",\"name\":\"Qual \\u00e9 o valor dos itens que se qualificam para frete gr\\u00e1tis?\",\"acceptedAnswer\":{\"@type\":\"Answer\",\"text\":\"<p>\\n            <span style=\\\"color: #374151; font-family: S\\u00f6hne, ui-sans-serif, system-ui, -apple-system, 'Segoe UI', Roboto, Ubuntu, Cantarell, 'Noto Sans', sans-serif, 'Helvetica Neue', Arial, 'Apple Color Emoji', 'Segoe UI Emoji', 'Segoe UI Symbol', 'Noto Color Emoji'; letter-spacing: normal; white-space-collapse: preserve;\\\">Os artigos s\\u00e3o eleg\\u00edveis para envio gratuito em encomendas totalizando 40\\u20ac ou mais.<\\\/span>\\n          <\\\/p>\\n\"}},{\"@type\":\"Question\",\"name\":\"O que o recurso \\\"Localizador de lojas\\\" indica?\",\"acceptedAnswer\":{\"@type\":\"Answer\",\"text\":\"<p>O localizador de lojas ajuda voc\\u00ea a encontrar lojas f\\u00edsicas que vendem produtos Bo Jungle. No entanto, observe que isso n\\u00e3o garante que todos os produtos estejam dispon\\u00edveis em todas as lojas listadas. <\\\/p>\\n\"}},{\"@type\":\"Question\",\"name\":\"A Bo Jungle possui loja f\\u00edsica pr\\u00f3pria?\",\"acceptedAnswer\":{\"@type\":\"Answer\",\"text\":\"<p>N\\u00e3o, a Bo Jungle opera exclusivamente por meio de vendas online e n\\u00e3o possui lojas f\\u00edsicas. Por\\u00e9m, voc\\u00ea pode encontrar os produtos Bo Jungle em diversas lojas f\\u00edsicas. Use nosso localizador de lojas para descobrir quais lojas vendem itens da Bo Jungle. Lembre-se de que nem todos os produtos podem estar dispon\\u00edveis em todas as lojas listadas.   <\\\/p>\\n\"}},{\"@type\":\"Question\",\"name\":\"Estou procurando uma pe\\u00e7a de reposi\\u00e7\\u00e3o, como posso encontrar isso?\",\"acceptedAnswer\":{\"@type\":\"Answer\",\"text\":\"<p>Para d\\u00favidas sobre pe\\u00e7as de reposi\\u00e7\\u00e3o, voc\\u00ea pode enviar um e-mail para <a target=\\\"_new\\\">office@bojungle.eu<\\\/a> para verificar se podemos fornecer assist\\u00eancia. Esteja ciente de que nem sempre as pe\\u00e7as sobressalentes podem estar dispon\\u00edveis.<\\\/p>\\n\"}},{\"@type\":\"Question\",\"name\":\"Posso adquirir produtos Bo Jungle em loja f\\u00edsica?\",\"acceptedAnswer\":{\"@type\":\"Answer\",\"text\":\"<p>Certamente! Use nosso localizador de lojas para encontrar lojas que vendem produtos Bo Jungle. No entanto, \\u00e9 importante observar que nem todos os produtos podem estar dispon\\u00edveis em todas as lojas listadas.  <\\\/p>\\n\"}},{\"@type\":\"Question\",\"name\":\"Em quais pa\\u00edses o Bo Jungle est\\u00e1 dispon\\u00edvel para compra?\",\"acceptedAnswer\":{\"@type\":\"Answer\",\"text\":\"<p>Os produtos Bo Jungle est\\u00e3o dispon\\u00edveis em v\\u00e1rios pa\\u00edses; no entanto, este site atualmente facilita entregas apenas para o Benelux e Fran\\u00e7a. Para clientes noutros pa\\u00edses, incluindo Rep\\u00fablica Checa, Pol\\u00f3nia, Espanha, Malta, It\\u00e1lia, Portugal, Gr\\u00e9cia, Alemanha, \\u00c1frica do Sul, Cazaquist\\u00e3o, Quirguist\\u00e3o, Alb\\u00e2nia e Bulg\\u00e1ria, recomendamos que nos contacte diretamente. Entre em contato com nosso suporte ao cliente e teremos prazer em ajud\\u00e1-lo a encontrar a loja ou distribuidor mais pr\\u00f3ximo em seu pa\\u00eds para acesso conveniente aos produtos Bo Jungle.  <\\\/p>\\n\"}}]}<\/script>\n\t\t\t\t\t<\/div>\n\t\t\t\t\t\t<\/div>\n\t\t\t\t<\/div>\n\t\t\t\t\t<\/div>\n\t\t\t\t<\/div>\n\t\t\t\t\t<\/div>\n\t\t\t\t<\/div>\n\t\t\t\t<\/div>\n\t\t","protected":false},"excerpt":{"rendered":"<p>Perguntas Frequentes O que Bo Jungle representa? Bo Jungle \u00e9 mais do que apenas uma marca; \u00e9 um compromisso de apoiar pais e cuidadores na gratificante jornada de criar seus filhos. Origin\u00e1rios da B\u00e9lgica, a nossa miss\u00e3o \u00e9 fornecer assist\u00eancia abrangente em v\u00e1rios aspectos da parentalidade, incluindo refei\u00e7\u00f5es, passeios, cuidados, brincadeiras, sono, seguran\u00e7a e muito [&hellip;]<\/p>\n","protected":false},"author":6,"featured_media":0,"parent":0,"menu_order":0,"comment_status":"closed","ping_status":"closed","template":"elementor_header_footer","meta":{"_lmt_disableupdate":"","_lmt_disable":"","footnotes":""},"categories":[],"tags":[],"class_list":["post-64763","page","type-page","status-publish","hentry"],"_links":{"self":[{"href":"https:\/\/www.bojungle.eu\/pt-pt\/wp-json\/wp\/v2\/pages\/64763","targetHints":{"allow":["GET"]}}],"collection":[{"href":"https:\/\/www.bojungle.eu\/pt-pt\/wp-json\/wp\/v2\/pages"}],"about":[{"href":"https:\/\/www.bojungle.eu\/pt-pt\/wp-json\/wp\/v2\/types\/page"}],"author":[{"embeddable":true,"href":"https:\/\/www.bojungle.eu\/pt-pt\/wp-json\/wp\/v2\/users\/6"}],"replies":[{"embeddable":true,"href":"https:\/\/www.bojungle.eu\/pt-pt\/wp-json\/wp\/v2\/comments?post=64763"}],"version-history":[{"count":1,"href":"https:\/\/www.bojungle.eu\/pt-pt\/wp-json\/wp\/v2\/pages\/64763\/revisions"}],"predecessor-version":[{"id":64764,"href":"https:\/\/www.bojungle.eu\/pt-pt\/wp-json\/wp\/v2\/pages\/64763\/revisions\/64764"}],"wp:attachment":[{"href":"https:\/\/www.bojungle.eu\/pt-pt\/wp-json\/wp\/v2\/media?parent=64763"}],"wp:term":[{"taxonomy":"category","embeddable":true,"href":"https:\/\/www.bojungle.eu\/pt-pt\/wp-json\/wp\/v2\/categories?post=64763"},{"taxonomy":"post_tag","embeddable":true,"href":"https:\/\/www.bojungle.eu\/pt-pt\/wp-json\/wp\/v2\/tags?post=64763"}],"curies":[{"name":"wp","href":"https:\/\/api.w.org\/{rel}","templated":true}]}}