{"id":39887,"date":"2022-09-26T12:17:37","date_gmt":"2022-09-26T10:17:37","guid":{"rendered":"https:\/\/dev.authority.biz\/boj\/product\/coracoes-de-empilhamento-em-silicone-b\/"},"modified":"2025-07-25T09:39:37","modified_gmt":"2025-07-25T07:39:37","slug":"b-silicone-stacking-rounds-duplicate-1-2","status":"publish","type":"product","link":"https:\/\/www.bojungle.eu\/pt-pt\/produto\/b-silicone-stacking-rounds-duplicate-1-2\/","title":{"rendered":"Cora\u00e7\u00f5es de empilhamento em silicone B"},"content":{"rendered":"<ul>\n<li>Um grande cl\u00e1ssico revisitado, a torre de empilhamento multicolorida em silicone para um produto dur\u00e1vel e saud\u00e1vel.<\/li>\n<li>\u00c9 o brinquedo ideal para desenvolver as capacidades motoras finas do seu filho.<\/li>\n<li>Desenho de brinquedos e cores da moda para agradar tanto ao beb\u00e9 como aos pais!<\/li>\n<li>Para uma higiene perfeita, este brinquedo pode ser lavado na m\u00e1quina de lavar loi\u00e7a e pode ser esterilizado.<\/li>\n<li>Brinquedo de silicone de alta qualidade.<\/li>\n<\/ul>\n","protected":false},"excerpt":{"rendered":"<p>Um grande cl\u00e1ssico revisitado, a torre de empilhamento multicolorida em silicone para um produto dur\u00e1vel e saud\u00e1vel.<\/p>\n","protected":false},"featured_media":71134,"comment_status":"closed","ping_status":"closed","template":"","meta":{"_lmt_disableupdate":"","_lmt_disable":""},"product_brand":[],"product_cat":[500,477],"product_tag":[],"woo-feed-brand":[],"class_list":{"0":"post-39887","1":"product","2":"type-product","3":"status-publish","4":"has-post-thumbnail","6":"product_cat-brinquedos-em-silicone","7":"product_cat-hora-de-brincar","9":"first","10":"instock","11":"taxable","12":"shipping-taxable","13":"purchasable","14":"product-type-simple"},"_links":{"self":[{"href":"https:\/\/www.bojungle.eu\/pt-pt\/wp-json\/wp\/v2\/product\/39887","targetHints":{"allow":["GET"]}}],"collection":[{"href":"https:\/\/www.bojungle.eu\/pt-pt\/wp-json\/wp\/v2\/product"}],"about":[{"href":"https:\/\/www.bojungle.eu\/pt-pt\/wp-json\/wp\/v2\/types\/product"}],"replies":[{"embeddable":true,"href":"https:\/\/www.bojungle.eu\/pt-pt\/wp-json\/wp\/v2\/comments?post=39887"}],"version-history":[{"count":0,"href":"https:\/\/www.bojungle.eu\/pt-pt\/wp-json\/wp\/v2\/product\/39887\/revisions"}],"wp:featuredmedia":[{"embeddable":true,"href":"https:\/\/www.bojungle.eu\/pt-pt\/wp-json\/wp\/v2\/media\/71134"}],"wp:attachment":[{"href":"https:\/\/www.bojungle.eu\/pt-pt\/wp-json\/wp\/v2\/media?parent=39887"}],"wp:term":[{"taxonomy":"product_brand","embeddable":true,"href":"https:\/\/www.bojungle.eu\/pt-pt\/wp-json\/wp\/v2\/product_brand?post=39887"},{"taxonomy":"product_cat","embeddable":true,"href":"https:\/\/www.bojungle.eu\/pt-pt\/wp-json\/wp\/v2\/product_cat?post=39887"},{"taxonomy":"product_tag","embeddable":true,"href":"https:\/\/www.bojungle.eu\/pt-pt\/wp-json\/wp\/v2\/product_tag?post=39887"},{"taxonomy":"woo-feed-brand","embeddable":true,"href":"https:\/\/www.bojungle.eu\/pt-pt\/wp-json\/wp\/v2\/woo-feed-brand?post=39887"}],"curies":[{"name":"wp","href":"https:\/\/api.w.org\/{rel}","templated":true}]}}