{"id":39900,"date":"2022-09-26T12:00:10","date_gmt":"2022-09-26T10:00:10","guid":{"rendered":"https:\/\/dev.authority.biz\/boj\/product\/b-booklet-dia-do-bebe\/"},"modified":"2025-07-25T09:39:37","modified_gmt":"2025-07-25T07:39:37","slug":"b-b-booklet-babys-day","status":"publish","type":"product","link":"https:\/\/www.bojungle.eu\/pt-pt\/produto\/b-b-booklet-babys-day\/","title":{"rendered":"B-Booklet Dia do Beb\u00e9"},"content":{"rendered":"<ul>\n<li>  Pequenas m\u00e3os podem facilmente agarrar este livrinho<\/li>\n<li>Anel de denti\u00e7\u00e3o texturizado<\/li>\n<li>As p\u00e1ginas suaves s\u00e3o f\u00e1ceis de virar<\/li>\n<li>Etiquetas de cetim<\/li>\n<li>Brochura crocante e macia<\/li>\n<\/ul>\n","protected":false},"excerpt":{"rendered":"<p>Brochura crocante e macia<\/p>\n","protected":false},"featured_media":70642,"comment_status":"closed","ping_status":"closed","template":"","meta":{"_lmt_disableupdate":"","_lmt_disable":""},"product_brand":[],"product_cat":[497,499,477],"product_tag":[],"woo-feed-brand":[],"class_list":{"0":"post-39900","1":"product","2":"type-product","3":"status-publish","4":"has-post-thumbnail","6":"product_cat-brinquedos-coloridos","7":"product_cat-brinquedos-pendurados","8":"product_cat-hora-de-brincar","10":"first","11":"outofstock","12":"taxable","13":"shipping-taxable","14":"purchasable","15":"product-type-simple"},"_links":{"self":[{"href":"https:\/\/www.bojungle.eu\/pt-pt\/wp-json\/wp\/v2\/product\/39900","targetHints":{"allow":["GET"]}}],"collection":[{"href":"https:\/\/www.bojungle.eu\/pt-pt\/wp-json\/wp\/v2\/product"}],"about":[{"href":"https:\/\/www.bojungle.eu\/pt-pt\/wp-json\/wp\/v2\/types\/product"}],"replies":[{"embeddable":true,"href":"https:\/\/www.bojungle.eu\/pt-pt\/wp-json\/wp\/v2\/comments?post=39900"}],"version-history":[{"count":0,"href":"https:\/\/www.bojungle.eu\/pt-pt\/wp-json\/wp\/v2\/product\/39900\/revisions"}],"wp:featuredmedia":[{"embeddable":true,"href":"https:\/\/www.bojungle.eu\/pt-pt\/wp-json\/wp\/v2\/media\/70642"}],"wp:attachment":[{"href":"https:\/\/www.bojungle.eu\/pt-pt\/wp-json\/wp\/v2\/media?parent=39900"}],"wp:term":[{"taxonomy":"product_brand","embeddable":true,"href":"https:\/\/www.bojungle.eu\/pt-pt\/wp-json\/wp\/v2\/product_brand?post=39900"},{"taxonomy":"product_cat","embeddable":true,"href":"https:\/\/www.bojungle.eu\/pt-pt\/wp-json\/wp\/v2\/product_cat?post=39900"},{"taxonomy":"product_tag","embeddable":true,"href":"https:\/\/www.bojungle.eu\/pt-pt\/wp-json\/wp\/v2\/product_tag?post=39900"},{"taxonomy":"woo-feed-brand","embeddable":true,"href":"https:\/\/www.bojungle.eu\/pt-pt\/wp-json\/wp\/v2\/woo-feed-brand?post=39900"}],"curies":[{"name":"wp","href":"https:\/\/api.w.org\/{rel}","templated":true}]}}