{"id":39947,"date":"2022-09-23T13:09:38","date_gmt":"2022-09-23T11:09:38","guid":{"rendered":"https:\/\/dev.authority.biz\/boj\/product\/b-egg-projector-de-luz-nocturna-com-musica-turquesa\/"},"modified":"2025-07-25T09:39:38","modified_gmt":"2025-07-25T07:39:38","slug":"b-night-duplicate-1","status":"publish","type":"product","link":"https:\/\/www.bojungle.eu\/pt-pt\/produto\/b-night-duplicate-1\/","title":{"rendered":"B-Egg Projector de Luz Nocturna com M\u00fasica Turquesa"},"content":{"rendered":"<ul>\n<li>Linda luz nocturna na forma reconhec\u00edvel de um ovo que ajudar\u00e1 o seu filho a adormecer<\/li>\n<li>Com sons diferentes e configur\u00e1veis que se desligam automaticamente ap\u00f3s 15 minutos<\/li>\n<li>Projectos estrelas coloridas no tecto<\/li>\n<li>Funciona com pilhas (3 x AA) n\u00e3o inclu\u00eddas ou com energia CA (adaptador inclu\u00eddo)<\/li>\n<\/ul>\n","protected":false},"excerpt":{"rendered":"<p>Linda luz nocturna na forma reconhec\u00edvel de um ovo que ajudar\u00e1 o seu filho a adormecer<\/p>\n<p>&nbsp;<\/p>\n","protected":false},"featured_media":66943,"comment_status":"closed","ping_status":"closed","template":"","meta":{"_lmt_disableupdate":"","_lmt_disable":""},"product_brand":[],"product_cat":[528],"product_tag":[],"woo-feed-brand":[],"class_list":{"0":"post-39947","1":"product","2":"type-product","3":"status-publish","4":"has-post-thumbnail","6":"product_cat-dormir","8":"first","9":"instock","10":"taxable","11":"shipping-taxable","12":"purchasable","13":"product-type-simple"},"_links":{"self":[{"href":"https:\/\/www.bojungle.eu\/pt-pt\/wp-json\/wp\/v2\/product\/39947","targetHints":{"allow":["GET"]}}],"collection":[{"href":"https:\/\/www.bojungle.eu\/pt-pt\/wp-json\/wp\/v2\/product"}],"about":[{"href":"https:\/\/www.bojungle.eu\/pt-pt\/wp-json\/wp\/v2\/types\/product"}],"replies":[{"embeddable":true,"href":"https:\/\/www.bojungle.eu\/pt-pt\/wp-json\/wp\/v2\/comments?post=39947"}],"version-history":[{"count":0,"href":"https:\/\/www.bojungle.eu\/pt-pt\/wp-json\/wp\/v2\/product\/39947\/revisions"}],"wp:featuredmedia":[{"embeddable":true,"href":"https:\/\/www.bojungle.eu\/pt-pt\/wp-json\/wp\/v2\/media\/66943"}],"wp:attachment":[{"href":"https:\/\/www.bojungle.eu\/pt-pt\/wp-json\/wp\/v2\/media?parent=39947"}],"wp:term":[{"taxonomy":"product_brand","embeddable":true,"href":"https:\/\/www.bojungle.eu\/pt-pt\/wp-json\/wp\/v2\/product_brand?post=39947"},{"taxonomy":"product_cat","embeddable":true,"href":"https:\/\/www.bojungle.eu\/pt-pt\/wp-json\/wp\/v2\/product_cat?post=39947"},{"taxonomy":"product_tag","embeddable":true,"href":"https:\/\/www.bojungle.eu\/pt-pt\/wp-json\/wp\/v2\/product_tag?post=39947"},{"taxonomy":"woo-feed-brand","embeddable":true,"href":"https:\/\/www.bojungle.eu\/pt-pt\/wp-json\/wp\/v2\/woo-feed-brand?post=39947"}],"curies":[{"name":"wp","href":"https:\/\/api.w.org\/{rel}","templated":true}]}}