{"id":39962,"date":"2022-09-23T11:22:00","date_gmt":"2022-09-23T09:22:00","guid":{"rendered":"https:\/\/dev.authority.biz\/boj\/product\/b-portable-swing-dolphy-beige\/"},"modified":"2024-04-08T10:34:59","modified_gmt":"2024-04-08T08:34:59","slug":"b-portable-swing-dolphy-grey-duplicate-1-2","status":"publish","type":"product","link":"https:\/\/www.bojungle.eu\/pt-pt\/produto\/b-portable-swing-dolphy-grey-duplicate-1-2\/","title":{"rendered":"B-Portable Swing Dolphy Beige"},"content":{"rendered":"<p>Descubra o Portable Swing Dolphy Beige, a derradeira mistura de conforto, conveni\u00eancia e entretenimento para o seu pequeno. Projetado para atender \u00e0s necessidades dos pais e ao conforto dos beb\u00eas desde rec\u00e9m-nascidos at\u00e9 9 kg, este balan\u00e7o port\u00e1til oferece uma combina\u00e7\u00e3o \u00fanica de recursos que o tornam um item obrigat\u00f3rio em sua cole\u00e7\u00e3o de equipamentos para beb\u00eas.<\/p>\n<p><strong>Op\u00e7\u00f5es de energia vers\u00e1teis<\/strong><br \/>\nNunca fique preso a apenas um lugar! The Dolphy Beige Portable Swing works perfectly with the supplied power cable or with 4 C\/LR14 batteries (not included), ensuring that your baby can enjoy a relaxing swing whether you&#8217;re at home or travelling.<\/p>\n<p><strong>Conforto personaliz\u00e1vel<\/strong><br \/>\nCom encosto regul\u00e1vel em 2 posi\u00e7\u00f5es, este baloi\u00e7o adapta-se facilmente \u00e0s necessidades de conforto do seu beb\u00e9, garantindo que est\u00e1 sempre no local perfeito para relaxar ou observar.<\/p>\n<p><strong>Fun\u00e7\u00e3o de temporizador intuitivo<\/strong><br \/>\nCom uma fun\u00e7\u00e3o de temporizador com defini\u00e7\u00f5es para 15, 30, 45 ou 60 minutos, o Baloi\u00e7o Port\u00e1til Dolphy Beige permite-lhe personalizar o tempo de baloi\u00e7o de acordo com a disposi\u00e7\u00e3o e as necessidades do seu beb\u00e9, assegurando que ele \u00e9 acalmado e entretido na medida certa.<\/p>\n<p><strong>M\u00faltiplas velocidades e melodias de swing<\/strong><br \/>\nEscolha entre 5 velocidades de balan\u00e7o diferentes para encontrar o ritmo perfeito para o seu beb\u00e9 e melhore o seu relaxamento e entretenimento com 8 melodias diferentes. \u00c9 a forma perfeita de acalmar ou envolver o seu filho nas suas fases iniciais.<\/p>\n<p><strong>Conforto e seguran\u00e7a supremos<\/strong><br \/>\nFabricado com tecidos macios e de alta qualidade, lav\u00e1veis na m\u00e1quina para facilitar a manuten\u00e7\u00e3o, e incluindo um apoio de cabe\u00e7a em pel\u00facia para maior apoio, este baloi\u00e7o garante sempre o conforto do seu beb\u00e9. O arn\u00eas de seguran\u00e7a de 5 pontos mant\u00e9m o seu beb\u00e9 seguro, dando-lhe paz de esp\u00edrito. <\/p>\n<p><strong>Envolvente e divertido<\/strong><br \/>\nO arco de brinquedos facilmente destac\u00e1vel, adornado com dois brinquedos envolventes, cativa a aten\u00e7\u00e3o do seu beb\u00e9 e estimula os seus sentidos em desenvolvimento, tornando a hora do baloi\u00e7o uma experi\u00eancia divertida e educativa.<\/p>\n<p><strong>Convenientemente port\u00e1til<\/strong><br \/>\nConcebido a pensar nas fam\u00edlias ocupadas, o Dolphy Beige apresenta um design facilmente dobr\u00e1vel para uma arruma\u00e7\u00e3o e transporte eficientes, garantindo que pode levar o conforto de casa para onde quer que v\u00e1. O Portable Swing Dolphy Beige n\u00e3o \u00e9 apenas um baloi\u00e7o; \u00e9 um ref\u00fagio acolhedor, divertido e seguro para o seu beb\u00e9.<\/p>\n<p> Representa uma combina\u00e7\u00e3o perfeita de funcionalidade e divers\u00e3o, tornando-se um complemento essencial aos cuidados essenciais do seu beb\u00ea.<\/p>\n","protected":false},"excerpt":{"rendered":"<div class=\"elementor-element elementor-element-80cf67d elementor-widget elementor-widget-jet-single-excerpt\" data-id=\"80cf67d\" data-element_type=\"widget\" data-widget_type=\"jet-single-excerpt.default\">\n<div class=\"elementor-widget-container\">\n<div class=\"elementor-jet-single-excerpt jet-woo-builder\">\n<div class=\"woocommerce-product-details__short-description\">\n<div class=\"flex-1 overflow-hidden\">\n<div class=\"react-scroll-to-bottom--css-fpkau-79elbk h-full\">\n<div class=\"react-scroll-to-bottom--css-fpkau-1n7m0yu\">\n<div class=\"flex flex-col text-sm pb-9\">\n<div class=\"w-full text-token-text-primary\" data-testid=\"conversation-turn-8\">\n<div class=\"px-4 py-2 justify-center text-base md:gap-6 m-auto\">\n<div class=\"flex flex-1 text-base mx-auto gap-3 md:px-5 lg:px-1 xl:px-5 md:max-w-3xl lg:max-w-[40rem] xl:max-w-[48rem] group final-completion\">\n<div class=\"relative flex w-full flex-col agent-turn\">\n<div class=\"flex-col gap-1 md:gap-3\">\n<div class=\"flex flex-grow flex-col max-w-full\">\n<div class=\"min-h-[20px] text-message flex flex-col items-start gap-3 whitespace-pre-wrap break-words [.text-message+&amp;]:mt-5 overflow-x-auto\" data-message-author-role=\"assistant\" data-message-id=\"fbd77af2-e82b-4b38-a269-e92651bbb0c3\">\n<div class=\"markdown prose w-full break-words dark:prose-invert light\">\n<p>Diga ol\u00e1 ao Portable Swing Dolphy Beige: uma forma pr\u00e1tica de manter o seu beb\u00e9 confort\u00e1vel e feliz onde quer que v\u00e1. Tem defini\u00e7\u00f5es ajust\u00e1veis para que o beb\u00e9 se sinta confort\u00e1vel, diferentes velocidades para baloi\u00e7ar e toca melodias agrad\u00e1veis. Al\u00e9m disso, mant\u00e9m o seu filho seguro com um arn\u00eas e divertido com brinquedos. E quando terminar, basta dobr\u00e1-lo para facilitar a arruma\u00e7\u00e3o ou a desloca\u00e7\u00e3o. Ideal para beb\u00e9s at\u00e9 9 kg e perfeito para fam\u00edlias ocupadas!  <\/p>\n<\/div>\n<\/div>\n<\/div>\n<\/div>\n<\/div>\n<\/div>\n<\/div>\n<\/div>\n<\/div>\n<\/div>\n<\/div>\n<\/div>\n<div class=\"w-full pt-2 md:pt-0 dark:border-white\/20 md:border-transparent md:dark:border-transparent md:w-[calc(100%-.5rem)]\">\n<form class=\"stretch mx-2 flex flex-row gap-3 last:mb-2 md:mx-4 md:last:mb-6 lg:mx-auto lg:max-w-2xl xl:max-w-3xl\">\n<div class=\"relative flex h-full flex-1 flex-col\">\n<div class=\"flex w-full items-center\"><\/div>\n<\/div>\n<\/form>\n<\/div>\n<\/div>\n<\/div>\n<\/div>\n<\/div>\n<div class=\"elementor-element elementor-element-c5d7d93 elementor-widget elementor-widget-spacer\" data-id=\"c5d7d93\" data-element_type=\"widget\" data-widget_type=\"spacer.default\">\n<div class=\"elementor-widget-container\">\n<div class=\"elementor-spacer\"><\/div>\n<\/div>\n<\/div>\n","protected":false},"featured_media":72057,"comment_status":"closed","ping_status":"closed","template":"","meta":{"_lmt_disableupdate":"","_lmt_disable":""},"product_brand":[],"product_cat":[540],"product_tag":[],"woo-feed-brand":[],"class_list":{"0":"post-39962","1":"product","2":"type-product","3":"status-publish","4":"has-post-thumbnail","6":"product_cat-baloicos-e-roqueiros","8":"first","9":"outofstock","10":"taxable","11":"shipping-taxable","12":"purchasable","13":"product-type-simple"},"_links":{"self":[{"href":"https:\/\/www.bojungle.eu\/pt-pt\/wp-json\/wp\/v2\/product\/39962","targetHints":{"allow":["GET"]}}],"collection":[{"href":"https:\/\/www.bojungle.eu\/pt-pt\/wp-json\/wp\/v2\/product"}],"about":[{"href":"https:\/\/www.bojungle.eu\/pt-pt\/wp-json\/wp\/v2\/types\/product"}],"replies":[{"embeddable":true,"href":"https:\/\/www.bojungle.eu\/pt-pt\/wp-json\/wp\/v2\/comments?post=39962"}],"version-history":[{"count":1,"href":"https:\/\/www.bojungle.eu\/pt-pt\/wp-json\/wp\/v2\/product\/39962\/revisions"}],"predecessor-version":[{"id":72291,"href":"https:\/\/www.bojungle.eu\/pt-pt\/wp-json\/wp\/v2\/product\/39962\/revisions\/72291"}],"wp:featuredmedia":[{"embeddable":true,"href":"https:\/\/www.bojungle.eu\/pt-pt\/wp-json\/wp\/v2\/media\/72057"}],"wp:attachment":[{"href":"https:\/\/www.bojungle.eu\/pt-pt\/wp-json\/wp\/v2\/media?parent=39962"}],"wp:term":[{"taxonomy":"product_brand","embeddable":true,"href":"https:\/\/www.bojungle.eu\/pt-pt\/wp-json\/wp\/v2\/product_brand?post=39962"},{"taxonomy":"product_cat","embeddable":true,"href":"https:\/\/www.bojungle.eu\/pt-pt\/wp-json\/wp\/v2\/product_cat?post=39962"},{"taxonomy":"product_tag","embeddable":true,"href":"https:\/\/www.bojungle.eu\/pt-pt\/wp-json\/wp\/v2\/product_tag?post=39962"},{"taxonomy":"woo-feed-brand","embeddable":true,"href":"https:\/\/www.bojungle.eu\/pt-pt\/wp-json\/wp\/v2\/woo-feed-brand?post=39962"}],"curies":[{"name":"wp","href":"https:\/\/api.w.org\/{rel}","templated":true}]}}