{"id":40098,"date":"2022-05-29T12:06:19","date_gmt":"2022-05-29T10:06:19","guid":{"rendered":"https:\/\/dev.authority.biz\/boj\/product\/conjunto-de-louca-de-mesa-b-biodegradavel-cpla-5pcs-purpura-rosa\/"},"modified":"2025-07-25T09:39:38","modified_gmt":"2025-07-25T07:39:38","slug":"b-biodegradable-cpla-tableware-set-5pcs-purple-purple-pink","status":"publish","type":"product","link":"https:\/\/www.bojungle.eu\/pt-pt\/produto\/b-biodegradable-cpla-tableware-set-5pcs-purple-purple-pink\/","title":{"rendered":"Conjunto de lou\u00e7a de mesa B-Biodegrad\u00e1vel CPLA 5pcs P\u00farpura\/Rosa"},"content":{"rendered":"<p>Este conjunto cont\u00e9m um copo para beber, um prato, talheres e uma tigela.<\/p>\n<p>PLA significa \u00c1cido Polil\u00e1ctico. \u00c9 um pl\u00e1stico biodegrad\u00e1vel derivado de recursos de amido renov\u00e1veis como o milho ou a cana-de-a\u00e7\u00facar. O CPLA \u00e9 um PLA cristalizado que \u00e9 mais forte e suporta temperaturas mais elevadas.<\/p>\n<p>Os jantares para crian\u00e7as da CPLA s\u00e3o feitos de plantas naturais e n\u00e3o de \u00f3leo. Pode incluir milho, mandioca, cana-de-a\u00e7\u00facar, beterraba sacarina, trigo, res\u00edduos agr\u00edcolas e plantas n\u00e3o alimentares. Por conseguinte, o CPLA \u00e9 100% natural, o que significa que tem zero \u00f3leo, zero toxicidade, zero metal pesado. Al\u00e9m disso, pode ser utilizado no microondas e na m\u00e1quina de lavar lou\u00e7a (mas n\u00e3o no forno). Portanto, o CPLA \u00e9 a escolha mais segura para os seus filhos.<\/p>\n","protected":false},"excerpt":{"rendered":"<p>Este conjunto cont\u00e9m um copo para beber, um prato, talheres e uma tigela.<\/p>\n","protected":false},"featured_media":70216,"comment_status":"closed","ping_status":"closed","template":"","meta":{"_lmt_disableupdate":"","_lmt_disable":""},"product_brand":[],"product_cat":[451,553,551],"product_tag":[],"woo-feed-brand":[],"class_list":{"0":"post-40098","1":"product","2":"type-product","3":"status-publish","4":"has-post-thumbnail","6":"product_cat-comida-e-bebida","7":"product_cat-gama-cpla","8":"product_cat-hora-do-jantar","10":"first","11":"outofstock","12":"taxable","13":"shipping-taxable","14":"purchasable","15":"product-type-simple"},"_links":{"self":[{"href":"https:\/\/www.bojungle.eu\/pt-pt\/wp-json\/wp\/v2\/product\/40098","targetHints":{"allow":["GET"]}}],"collection":[{"href":"https:\/\/www.bojungle.eu\/pt-pt\/wp-json\/wp\/v2\/product"}],"about":[{"href":"https:\/\/www.bojungle.eu\/pt-pt\/wp-json\/wp\/v2\/types\/product"}],"replies":[{"embeddable":true,"href":"https:\/\/www.bojungle.eu\/pt-pt\/wp-json\/wp\/v2\/comments?post=40098"}],"version-history":[{"count":0,"href":"https:\/\/www.bojungle.eu\/pt-pt\/wp-json\/wp\/v2\/product\/40098\/revisions"}],"wp:featuredmedia":[{"embeddable":true,"href":"https:\/\/www.bojungle.eu\/pt-pt\/wp-json\/wp\/v2\/media\/70216"}],"wp:attachment":[{"href":"https:\/\/www.bojungle.eu\/pt-pt\/wp-json\/wp\/v2\/media?parent=40098"}],"wp:term":[{"taxonomy":"product_brand","embeddable":true,"href":"https:\/\/www.bojungle.eu\/pt-pt\/wp-json\/wp\/v2\/product_brand?post=40098"},{"taxonomy":"product_cat","embeddable":true,"href":"https:\/\/www.bojungle.eu\/pt-pt\/wp-json\/wp\/v2\/product_cat?post=40098"},{"taxonomy":"product_tag","embeddable":true,"href":"https:\/\/www.bojungle.eu\/pt-pt\/wp-json\/wp\/v2\/product_tag?post=40098"},{"taxonomy":"woo-feed-brand","embeddable":true,"href":"https:\/\/www.bojungle.eu\/pt-pt\/wp-json\/wp\/v2\/woo-feed-brand?post=40098"}],"curies":[{"name":"wp","href":"https:\/\/api.w.org\/{rel}","templated":true}]}}