{"id":40304,"date":"2022-05-29T12:05:39","date_gmt":"2022-05-29T10:05:39","guid":{"rendered":"https:\/\/dev.authority.biz\/boj\/product\/leopardo-pequeno-embrulho-b\/"},"modified":"2024-01-15T11:58:40","modified_gmt":"2024-01-15T10:58:40","slug":"b-wrap-leopard-small-2","status":"publish","type":"product","link":"https:\/\/www.bojungle.eu\/pt-pt\/produto\/b-wrap-leopard-small-2\/","title":{"rendered":"Leopardo Pequeno Embrulho B"},"content":{"rendered":"<ul>\n<li>Pequeno (3,2 a 6,4 kg): desde o nascimento at\u00e9 +\/- 4 meses<\/li>\n<li>Manta de embrulho de 100% algod\u00e3o<\/li>\n<li>A maneira mais f\u00e1cil de envolver o seu beb\u00e9 em 3 passos<\/li>\n<\/ul>\n","protected":false},"excerpt":{"rendered":"<p>O Wrap Leopard \u00e9 um cobertor acolhedor 100% algod\u00e3o com um elegante padr\u00e3o de leopardo branco, projetado especificamente para beb\u00eas na faixa de tamanho pequeno (3,2 a 6,4 kg), adequado desde o nascimento at\u00e9 aproximadamente 4 meses. Esta manta de embrulho, feita de algod\u00e3o de alta qualidade, proporciona um ambiente confort\u00e1vel e confort\u00e1vel para o seu pequeno. Simplificando o processo, oferece a forma mais f\u00e1cil de envolver o seu beb\u00e9 em apenas tr\u00eas passos simples.<\/p>\n","protected":false},"featured_media":64377,"comment_status":"closed","ping_status":"closed","template":"","meta":{"_lmt_disableupdate":"","_lmt_disable":""},"product_brand":[],"product_cat":[528,571],"product_tag":[],"woo-feed-brand":[],"class_list":{"0":"post-40304","1":"product","2":"type-product","3":"status-publish","4":"has-post-thumbnail","6":"product_cat-dormir","7":"product_cat-envolver-cobertores","9":"first","10":"instock","11":"taxable","12":"shipping-taxable","13":"purchasable","14":"product-type-simple"},"_links":{"self":[{"href":"https:\/\/www.bojungle.eu\/pt-pt\/wp-json\/wp\/v2\/product\/40304","targetHints":{"allow":["GET"]}}],"collection":[{"href":"https:\/\/www.bojungle.eu\/pt-pt\/wp-json\/wp\/v2\/product"}],"about":[{"href":"https:\/\/www.bojungle.eu\/pt-pt\/wp-json\/wp\/v2\/types\/product"}],"replies":[{"embeddable":true,"href":"https:\/\/www.bojungle.eu\/pt-pt\/wp-json\/wp\/v2\/comments?post=40304"}],"version-history":[{"count":1,"href":"https:\/\/www.bojungle.eu\/pt-pt\/wp-json\/wp\/v2\/product\/40304\/revisions"}],"predecessor-version":[{"id":64367,"href":"https:\/\/www.bojungle.eu\/pt-pt\/wp-json\/wp\/v2\/product\/40304\/revisions\/64367"}],"wp:featuredmedia":[{"embeddable":true,"href":"https:\/\/www.bojungle.eu\/pt-pt\/wp-json\/wp\/v2\/media\/64377"}],"wp:attachment":[{"href":"https:\/\/www.bojungle.eu\/pt-pt\/wp-json\/wp\/v2\/media?parent=40304"}],"wp:term":[{"taxonomy":"product_brand","embeddable":true,"href":"https:\/\/www.bojungle.eu\/pt-pt\/wp-json\/wp\/v2\/product_brand?post=40304"},{"taxonomy":"product_cat","embeddable":true,"href":"https:\/\/www.bojungle.eu\/pt-pt\/wp-json\/wp\/v2\/product_cat?post=40304"},{"taxonomy":"product_tag","embeddable":true,"href":"https:\/\/www.bojungle.eu\/pt-pt\/wp-json\/wp\/v2\/product_tag?post=40304"},{"taxonomy":"woo-feed-brand","embeddable":true,"href":"https:\/\/www.bojungle.eu\/pt-pt\/wp-json\/wp\/v2\/woo-feed-brand?post=40304"}],"curies":[{"name":"wp","href":"https:\/\/api.w.org\/{rel}","templated":true}]}}