{"id":40325,"date":"2022-05-29T12:05:39","date_gmt":"2022-05-29T10:05:39","guid":{"rendered":"https:\/\/dev.authority.biz\/boj\/product\/coracoes-adoraveis-de-b-envolvimento-pequeno\/"},"modified":"2024-01-17T15:52:16","modified_gmt":"2024-01-17T14:52:16","slug":"b-wrap-lovely-hearts-pequeno","status":"publish","type":"product","link":"https:\/\/www.bojungle.eu\/pt-pt\/produto\/b-wrap-lovely-hearts-pequeno\/","title":{"rendered":"Cora\u00e7\u00f5es Ador\u00e1veis de B- Envolvimento Pequeno"},"content":{"rendered":"<ul>\n<li>Pequeno (3,2 a 6,4 kg): desde o nascimento at\u00e9 +\/- 4 meses<\/li>\n<li>Manta de embrulho de 100% algod\u00e3o<\/li>\n<li>A maneira mais f\u00e1cil de envolver o seu beb\u00e9 em 3 passos<\/li>\n<\/ul>\n","protected":false},"excerpt":{"rendered":"<p>O Wrap Lovely Hearts Small \u00e9 um cobertor acolhedor 100% algod\u00e3o com um padr\u00e3o elegante de cora\u00e7\u00f5es encantadores, projetado especificamente para beb\u00eas na faixa de tamanho pequeno (3,2 a 6,4 kg), adequado desde o nascimento at\u00e9 aproximadamente 4 meses. Esta manta de embrulho, feita de algod\u00e3o de alta qualidade, proporciona um ambiente confort\u00e1vel e confort\u00e1vel para o seu pequeno. Simplificando o processo, oferece a forma mais f\u00e1cil de envolver o seu beb\u00e9 em apenas tr\u00eas passos simples.<\/p>\n<p>&nbsp;<\/p>\n","protected":false},"featured_media":64621,"comment_status":"closed","ping_status":"closed","template":"","meta":{"_lmt_disableupdate":"","_lmt_disable":""},"product_brand":[],"product_cat":[528,571],"product_tag":[],"woo-feed-brand":[],"class_list":{"0":"post-40325","1":"product","2":"type-product","3":"status-publish","4":"has-post-thumbnail","6":"product_cat-dormir","7":"product_cat-envolver-cobertores","9":"first","10":"instock","11":"taxable","12":"shipping-taxable","13":"purchasable","14":"product-type-simple"},"_links":{"self":[{"href":"https:\/\/www.bojungle.eu\/pt-pt\/wp-json\/wp\/v2\/product\/40325","targetHints":{"allow":["GET"]}}],"collection":[{"href":"https:\/\/www.bojungle.eu\/pt-pt\/wp-json\/wp\/v2\/product"}],"about":[{"href":"https:\/\/www.bojungle.eu\/pt-pt\/wp-json\/wp\/v2\/types\/product"}],"replies":[{"embeddable":true,"href":"https:\/\/www.bojungle.eu\/pt-pt\/wp-json\/wp\/v2\/comments?post=40325"}],"version-history":[{"count":1,"href":"https:\/\/www.bojungle.eu\/pt-pt\/wp-json\/wp\/v2\/product\/40325\/revisions"}],"predecessor-version":[{"id":64630,"href":"https:\/\/www.bojungle.eu\/pt-pt\/wp-json\/wp\/v2\/product\/40325\/revisions\/64630"}],"wp:featuredmedia":[{"embeddable":true,"href":"https:\/\/www.bojungle.eu\/pt-pt\/wp-json\/wp\/v2\/media\/64621"}],"wp:attachment":[{"href":"https:\/\/www.bojungle.eu\/pt-pt\/wp-json\/wp\/v2\/media?parent=40325"}],"wp:term":[{"taxonomy":"product_brand","embeddable":true,"href":"https:\/\/www.bojungle.eu\/pt-pt\/wp-json\/wp\/v2\/product_brand?post=40325"},{"taxonomy":"product_cat","embeddable":true,"href":"https:\/\/www.bojungle.eu\/pt-pt\/wp-json\/wp\/v2\/product_cat?post=40325"},{"taxonomy":"product_tag","embeddable":true,"href":"https:\/\/www.bojungle.eu\/pt-pt\/wp-json\/wp\/v2\/product_tag?post=40325"},{"taxonomy":"woo-feed-brand","embeddable":true,"href":"https:\/\/www.bojungle.eu\/pt-pt\/wp-json\/wp\/v2\/woo-feed-brand?post=40325"}],"curies":[{"name":"wp","href":"https:\/\/api.w.org\/{rel}","templated":true}]}}