{"id":40364,"date":"2022-05-29T12:05:38","date_gmt":"2022-05-29T10:05:38","guid":{"rendered":"https:\/\/dev.authority.biz\/boj\/product\/b-coelho-de-rodas-rosa\/"},"modified":"2025-07-25T09:39:43","modified_gmt":"2025-07-25T07:39:43","slug":"b-woody-rabbit-on-wheels-pink-2","status":"publish","type":"product","link":"https:\/\/www.bojungle.eu\/pt-pt\/produto\/b-woody-rabbit-on-wheels-pink-2\/","title":{"rendered":"B-coelho de rodas rosa"},"content":{"rendered":"<p>Estas bonitas figuras de agarrar s\u00e3o feitas de madeira trabalhada e s\u00e3o ideais para m\u00e3os pequenas e amantes entusiastas de animais. Os nossos animais podem ser agarrados e tamb\u00e9m enrolados nas suas rodas robustas, de cor pastel. As figuras apaixonantes treinam as capacidades motoras do seu pequeno e garantem divers\u00e3o extra!<\/p>\n","protected":false},"excerpt":{"rendered":"<p>Estas bonitas figuras de agarrar s\u00e3o feitas de madeira trabalhada e s\u00e3o ideais para m\u00e3os pequenas e amantes entusiastas de animais. Os nossos animais podem ser agarrados e tamb\u00e9m enrolados nas suas rodas robustas, de cor pastel. As figuras apaixonantes treinam as capacidades motoras do seu pequeno e garantem divers\u00e3o extra!<\/p>\n","protected":false},"featured_media":74835,"comment_status":"closed","ping_status":"closed","template":"","meta":{"_lmt_disableupdate":"","_lmt_disable":""},"product_brand":[],"product_cat":[500,477],"product_tag":[],"woo-feed-brand":[],"class_list":{"0":"post-40364","1":"product","2":"type-product","3":"status-publish","4":"has-post-thumbnail","6":"product_cat-brinquedos-em-silicone","7":"product_cat-hora-de-brincar","9":"first","10":"instock","11":"taxable","12":"shipping-taxable","13":"purchasable","14":"product-type-simple"},"_links":{"self":[{"href":"https:\/\/www.bojungle.eu\/pt-pt\/wp-json\/wp\/v2\/product\/40364","targetHints":{"allow":["GET"]}}],"collection":[{"href":"https:\/\/www.bojungle.eu\/pt-pt\/wp-json\/wp\/v2\/product"}],"about":[{"href":"https:\/\/www.bojungle.eu\/pt-pt\/wp-json\/wp\/v2\/types\/product"}],"replies":[{"embeddable":true,"href":"https:\/\/www.bojungle.eu\/pt-pt\/wp-json\/wp\/v2\/comments?post=40364"}],"version-history":[{"count":0,"href":"https:\/\/www.bojungle.eu\/pt-pt\/wp-json\/wp\/v2\/product\/40364\/revisions"}],"wp:featuredmedia":[{"embeddable":true,"href":"https:\/\/www.bojungle.eu\/pt-pt\/wp-json\/wp\/v2\/media\/74835"}],"wp:attachment":[{"href":"https:\/\/www.bojungle.eu\/pt-pt\/wp-json\/wp\/v2\/media?parent=40364"}],"wp:term":[{"taxonomy":"product_brand","embeddable":true,"href":"https:\/\/www.bojungle.eu\/pt-pt\/wp-json\/wp\/v2\/product_brand?post=40364"},{"taxonomy":"product_cat","embeddable":true,"href":"https:\/\/www.bojungle.eu\/pt-pt\/wp-json\/wp\/v2\/product_cat?post=40364"},{"taxonomy":"product_tag","embeddable":true,"href":"https:\/\/www.bojungle.eu\/pt-pt\/wp-json\/wp\/v2\/product_tag?post=40364"},{"taxonomy":"woo-feed-brand","embeddable":true,"href":"https:\/\/www.bojungle.eu\/pt-pt\/wp-json\/wp\/v2\/woo-feed-brand?post=40364"}],"curies":[{"name":"wp","href":"https:\/\/api.w.org\/{rel}","templated":true}]}}