{"id":40468,"date":"2022-05-29T12:03:58","date_gmt":"2022-05-29T10:03:58","guid":{"rendered":"https:\/\/dev.authority.biz\/boj\/product\/ajuda-de-caminhada-b-saltitante-cinzento\/"},"modified":"2025-07-25T09:39:44","modified_gmt":"2025-07-25T07:39:44","slug":"b-walking-aid-jumpy-grey-2","status":"publish","type":"product","link":"https:\/\/www.bojungle.eu\/pt-pt\/produto\/b-walking-aid-jumpy-grey-2\/","title":{"rendered":"Ajuda de Caminhada B Saltitante Cinzento"},"content":{"rendered":"<p>F\u00e1cil de levar, f\u00e1cil de montar&#8230;<br \/>\nDar ao beb\u00e9 um tempo maravilhoso!<\/p>\n<p>\u00c9 um produto m\u00e1gico, muito simples como o design e muito f\u00e1cil.<br \/>\nSeguro para as crian\u00e7as utiliz\u00e1-lo.<\/p>\n","protected":false},"excerpt":{"rendered":"<p>F\u00e1cil de levar, f\u00e1cil de montar&#8230;<br \/>\nDar ao beb\u00e9 um tempo maravilhoso!<\/p>\n<p>\u00c9 um produto m\u00e1gico, muito simples como o design e muito f\u00e1cil.<br \/>\nSeguro para as crian\u00e7as utiliz\u00e1-lo.<\/p>\n","protected":false},"featured_media":73231,"comment_status":"closed","ping_status":"closed","template":"","meta":{"_lmt_disableupdate":"","_lmt_disable":""},"product_brand":[],"product_cat":[617,618,477,1345],"product_tag":[],"woo-feed-brand":[],"class_list":{"0":"post-40468","1":"product","2":"type-product","3":"status-publish","4":"has-post-thumbnail","6":"product_cat-brinquedos-de-actividade","7":"product_cat-brinquedos-musicais","8":"product_cat-hora-de-brincar","9":"product_cat-saldos","11":"first","12":"instock","13":"sale","14":"taxable","15":"shipping-taxable","16":"purchasable","17":"product-type-simple"},"_links":{"self":[{"href":"https:\/\/www.bojungle.eu\/pt-pt\/wp-json\/wp\/v2\/product\/40468","targetHints":{"allow":["GET"]}}],"collection":[{"href":"https:\/\/www.bojungle.eu\/pt-pt\/wp-json\/wp\/v2\/product"}],"about":[{"href":"https:\/\/www.bojungle.eu\/pt-pt\/wp-json\/wp\/v2\/types\/product"}],"replies":[{"embeddable":true,"href":"https:\/\/www.bojungle.eu\/pt-pt\/wp-json\/wp\/v2\/comments?post=40468"}],"version-history":[{"count":0,"href":"https:\/\/www.bojungle.eu\/pt-pt\/wp-json\/wp\/v2\/product\/40468\/revisions"}],"wp:featuredmedia":[{"embeddable":true,"href":"https:\/\/www.bojungle.eu\/pt-pt\/wp-json\/wp\/v2\/media\/73231"}],"wp:attachment":[{"href":"https:\/\/www.bojungle.eu\/pt-pt\/wp-json\/wp\/v2\/media?parent=40468"}],"wp:term":[{"taxonomy":"product_brand","embeddable":true,"href":"https:\/\/www.bojungle.eu\/pt-pt\/wp-json\/wp\/v2\/product_brand?post=40468"},{"taxonomy":"product_cat","embeddable":true,"href":"https:\/\/www.bojungle.eu\/pt-pt\/wp-json\/wp\/v2\/product_cat?post=40468"},{"taxonomy":"product_tag","embeddable":true,"href":"https:\/\/www.bojungle.eu\/pt-pt\/wp-json\/wp\/v2\/product_tag?post=40468"},{"taxonomy":"woo-feed-brand","embeddable":true,"href":"https:\/\/www.bojungle.eu\/pt-pt\/wp-json\/wp\/v2\/woo-feed-brand?post=40468"}],"curies":[{"name":"wp","href":"https:\/\/api.w.org\/{rel}","templated":true}]}}