{"id":40551,"date":"2022-05-29T11:58:22","date_gmt":"2022-05-29T09:58:22","guid":{"rendered":"https:\/\/dev.authority.biz\/boj\/product\/b-thermo-footmuff-universal-taupe\/"},"modified":"2024-03-04T13:51:44","modified_gmt":"2024-03-04T12:51:44","slug":"b-thermo-footmuff-universal-taupe-2","status":"publish","type":"product","link":"https:\/\/www.bojungle.eu\/pt-pt\/produto\/b-thermo-footmuff-universal-taupe-2\/","title":{"rendered":"B-Thermo Footmuff Universal Taupe"},"content":{"rendered":"<p>O Thermo Footmuff Universal em cinza \u00e9 a solu\u00e7\u00e3o definitiva para manter seu filho aconchegante e confort\u00e1vel durante passeios no frio. Fabricado com aten\u00e7\u00e3o meticulosa aos detalhes, este protetor para os p\u00e9s foi projetado para atender \u00e0s diversas necessidades dos pais modernos e de seus beb\u00eas.<\/p>\n<p><strong>Compatibilidade universal:<\/strong> Compat\u00edvel com a maioria dos tipos de carrinhos, nosso protetor para os p\u00e9s apresenta aberturas estrategicamente posicionadas para cintos de seguran\u00e7a, garantindo um ajuste seguro e ao mesmo tempo oferecendo m\u00e1xima comodidade.<\/p>\n<p><strong>Calor e conforto superiores:<\/strong> envolto em forro de l\u00e3 suntuosamente macio, com espessura de 400 gramas, nosso protetor para os p\u00e9s promete um calor incompar\u00e1vel mesmo nos meses mais frios do inverno. Seu beb\u00ea ficar\u00e1 luxuosamente confort\u00e1vel durante toda a viagem.<\/p>\n<p><strong>Design luxuoso:<\/strong> Mime o seu filho com o ep\u00edtome do luxo. Nosso protetor para os p\u00e9s apresenta tecidos externos opulentos, elevando o estilo e a funcionalidade. <\/p>\n<p><strong>Prote\u00e7\u00e3o aprimorada:<\/strong> proteja seu beb\u00ea das intemp\u00e9ries com nossa prote\u00e7\u00e3o para os p\u00e9s resistente \u00e0 \u00e1gua e ao vento. Seja chuva ou neve, tenha certeza de que seu filho permanecer\u00e1 confort\u00e1vel e seco. <\/p>\n<p><strong>Capuz Adapt\u00e1vel<\/strong>: Combate ventos gelados com facilidade. Nosso protetor para os p\u00e9s oferece a flexibilidade de formar um capuz protetor ao redor da cabe\u00e7a do seu beb\u00ea, proporcionando calor e seguran\u00e7a adicionais em dias gelados. <\/p>\n<p><strong>Robusto e seguro:<\/strong> projetado para proporcionar tranquilidade, nosso protetor para os p\u00e9s possui fundo e al\u00e7as antiderrapantes, garantindo que ele permane\u00e7a firmemente no lugar enquanto estiver preso ao carrinho.<\/p>\n<p><strong>Uso vers\u00e1til:<\/strong> \u00c0 medida que seu beb\u00ea cresce, nosso protetor para os p\u00e9s tamb\u00e9m cresce. A extremidade dos p\u00e9s pode ser convenientemente aberta para permitir liberdade de movimento, acomodando as necessidades de mudan\u00e7a do seu filho.<\/p>\n<p><strong>F\u00e1cil manuten\u00e7\u00e3o:<\/strong> Projetado para pais ocupados, nosso protetor para os p\u00e9s \u00e9 facilmente lav\u00e1vel a 30\u00b0C, mantendo-o limpo e fresco em cada passeio.<\/p>\n<p>Experimente o ep\u00edtome de calor, conforto e estilo com o Thermo Footmuff Universal \u2013 o companheiro perfeito para as aventuras ao ar livre do seu beb\u00ea.<\/p>\n","protected":false},"excerpt":{"rendered":"<div class=\"flex flex-grow flex-col max-w-full\">\n<div class=\"min-h-[20px] text-message flex flex-col items-start gap-3 whitespace-pre-wrap break-words [.text-message+&amp;]:mt-5 overflow-x-auto\" data-message-author-role=\"assistant\" data-message-id=\"b8d9f90e-46a7-45ac-9c2b-1b996e36b397\">\n<div class=\"markdown prose w-full break-words dark:prose-invert light\">\n<p>Descubra o Thermo Footmuff Universal em Taupe \u2013 a solu\u00e7\u00e3o mais aconchegante para passeios de inverno. Com forro de l\u00e3 macio de 400 g, resist\u00eancia \u00e0 \u00e1gua e ao vento e design vers\u00e1til, oferece calor, prote\u00e7\u00e3o e conveni\u00eancia incompar\u00e1veis.  Mantenha seu filho confort\u00e1vel e elegante em cada passeio.<\/p>\n<\/div>\n<\/div>\n<\/div>\n<div class=\"mt-1 flex justify-start gap-3 empty:hidden\">\n<div class=\"text-gray-400 flex self-end lg:self-center justify-center lg:justify-start mt-0 -ml-1 h-7 visible\"><\/div>\n<\/div>\n","protected":false},"featured_media":67671,"comment_status":"closed","ping_status":"closed","template":"","meta":{"_lmt_disableupdate":"","_lmt_disable":""},"product_brand":[],"product_cat":[634,633],"product_tag":[],"woo-feed-brand":[],"class_list":{"0":"post-40551","1":"product","2":"type-product","3":"status-publish","4":"has-post-thumbnail","6":"product_cat-acessorios-para-o-exterior","7":"product_cat-ao-ar-livre","9":"first","10":"instock","11":"taxable","12":"shipping-taxable","13":"purchasable","14":"product-type-simple"},"_links":{"self":[{"href":"https:\/\/www.bojungle.eu\/pt-pt\/wp-json\/wp\/v2\/product\/40551","targetHints":{"allow":["GET"]}}],"collection":[{"href":"https:\/\/www.bojungle.eu\/pt-pt\/wp-json\/wp\/v2\/product"}],"about":[{"href":"https:\/\/www.bojungle.eu\/pt-pt\/wp-json\/wp\/v2\/types\/product"}],"replies":[{"embeddable":true,"href":"https:\/\/www.bojungle.eu\/pt-pt\/wp-json\/wp\/v2\/comments?post=40551"}],"version-history":[{"count":1,"href":"https:\/\/www.bojungle.eu\/pt-pt\/wp-json\/wp\/v2\/product\/40551\/revisions"}],"predecessor-version":[{"id":67700,"href":"https:\/\/www.bojungle.eu\/pt-pt\/wp-json\/wp\/v2\/product\/40551\/revisions\/67700"}],"wp:featuredmedia":[{"embeddable":true,"href":"https:\/\/www.bojungle.eu\/pt-pt\/wp-json\/wp\/v2\/media\/67671"}],"wp:attachment":[{"href":"https:\/\/www.bojungle.eu\/pt-pt\/wp-json\/wp\/v2\/media?parent=40551"}],"wp:term":[{"taxonomy":"product_brand","embeddable":true,"href":"https:\/\/www.bojungle.eu\/pt-pt\/wp-json\/wp\/v2\/product_brand?post=40551"},{"taxonomy":"product_cat","embeddable":true,"href":"https:\/\/www.bojungle.eu\/pt-pt\/wp-json\/wp\/v2\/product_cat?post=40551"},{"taxonomy":"product_tag","embeddable":true,"href":"https:\/\/www.bojungle.eu\/pt-pt\/wp-json\/wp\/v2\/product_tag?post=40551"},{"taxonomy":"woo-feed-brand","embeddable":true,"href":"https:\/\/www.bojungle.eu\/pt-pt\/wp-json\/wp\/v2\/woo-feed-brand?post=40551"}],"curies":[{"name":"wp","href":"https:\/\/api.w.org\/{rel}","templated":true}]}}