{"id":40591,"date":"2022-05-29T11:58:21","date_gmt":"2022-05-29T09:58:21","guid":{"rendered":"https:\/\/dev.authority.biz\/boj\/product\/b-thermo-breastpump-organizador-dark-grey\/"},"modified":"2024-02-15T16:13:45","modified_gmt":"2024-02-15T15:13:45","slug":"b-thermo-breastpump-organiser-dark-grey-2","status":"publish","type":"product","link":"https:\/\/www.bojungle.eu\/pt-pt\/produto\/b-thermo-breastpump-organiser-dark-grey-2\/","title":{"rendered":"Organizador de extratores de leite Thermo Cinzento escuro"},"content":{"rendered":"<ul>\n<li>O Thermo Breastpump Organiser foi concebido para facilitar \u00e0s m\u00e3es que amamentam o transporte de tudo o que precisam quando, por exemplo, regressam ao trabalho e querem continuar a amamentar. Quando o beb\u00e9 deixa de amamentar, esta bolsa discreta pode sempre ser usada para fazer viagens, etc.!<\/li>\n<li>Desenho discreto baseado nas \u00faltimas tend\u00eancias e em linha com os nossos outros produtos<\/li>\n<li>Saco com isolamento t\u00e9rmico para armazenar leite materno (ou mais tarde em frascos de comida para beb\u00e9, etc.) e mant\u00ea-lo fresco<\/li>\n<li>Dois compartimentos separados: compartimento superior para bomba de leite, compartimento inferior para biber\u00f5es, etc.<\/li>\n<li>Espa\u00e7o suficiente para guardar uma bomba de leite, dois biber\u00f5es, algumas almofadas de amamenta\u00e7\u00e3o e outros pequenos pertences<\/li>\n<li>Bolsos no interior para manter tudo no lugar<\/li>\n<li>Dimens\u00f5es: A: 29 cm x P: 18 cm x L: 24 cm<\/li>\n<\/ul>\n","protected":false},"excerpt":{"rendered":"<p>O nosso organizador de extratores de leite Thermo em cinzento escuro \u00e9 a solu\u00e7\u00e3o essencial para as m\u00e3es que amamentam e que est\u00e3o sempre em movimento. Criado a pensar na comodidade e na discri\u00e7\u00e3o, este organizador foi concebido para se integrar perfeitamente no seu estilo de vida agitado, mantendo os seus artigos essenciais para a amamenta\u00e7\u00e3o bem guardados e facilmente acess\u00edveis. Com um design discreto que combina facilmente com as \u00faltimas tend\u00eancias e com a nossa gama de produtos premium, este organizador garante que pode continuar a sua viagem de amamenta\u00e7\u00e3o com confian\u00e7a e estilo. Quer esteja a ir para o escrit\u00f3rio ou a embarcar numa aventura de fim de semana, este saco elegante tem tudo o que precisa. Equipado com um compartimento com isolamento t\u00e9rmico, o nosso organizador mant\u00e9m a temperatura ideal para o seu leite materno ou, mais tarde, para os frascos de comida para beb\u00e9, garantindo a sua frescura onde quer que v\u00e1. Com dois compartimentos separados, pode organizar eficazmente os seus objectos essenciais. O compartimento superior acomoda confortavelmente a bomba tira leite, enquanto o compartimento inferior oferece um amplo espa\u00e7o para guardar os biber\u00f5es de leite e outras necessidades. Com espa\u00e7o suficiente para uma bomba tira leite, dois biber\u00f5es, almofadas de amamenta\u00e7\u00e3o e outros pequenos objectos, tudo o que precisa est\u00e1 na ponta dos seus dedos. No interior, os bolsos estrategicamente colocados mant\u00eam os seus artigos seguros e facilmente acess\u00edveis. Acabou-se a procura de objectos perdidos; tudo fica no lugar, permitindo-lhe concentrar-se nos cuidados com o seu filho.<\/p>\n<p>Melhore a sua jornada de amamenta\u00e7\u00e3o com o nosso organizador de extratores de leite Thermo em cinzento escuro. Pr\u00e1tico, elegante e vers\u00e1til, \u00e9 o companheiro perfeito para todas as m\u00e3es que amamentam em viagem.<\/p>\n","protected":false},"featured_media":66307,"comment_status":"closed","ping_status":"closed","template":"","meta":{"_lmt_disableupdate":"","_lmt_disable":""},"product_brand":[],"product_cat":[634,633],"product_tag":[],"woo-feed-brand":[],"class_list":{"0":"post-40591","1":"product","2":"type-product","3":"status-publish","4":"has-post-thumbnail","6":"product_cat-acessorios-para-o-exterior","7":"product_cat-ao-ar-livre","9":"first","10":"instock","11":"taxable","12":"shipping-taxable","13":"purchasable","14":"product-type-simple"},"_links":{"self":[{"href":"https:\/\/www.bojungle.eu\/pt-pt\/wp-json\/wp\/v2\/product\/40591","targetHints":{"allow":["GET"]}}],"collection":[{"href":"https:\/\/www.bojungle.eu\/pt-pt\/wp-json\/wp\/v2\/product"}],"about":[{"href":"https:\/\/www.bojungle.eu\/pt-pt\/wp-json\/wp\/v2\/types\/product"}],"replies":[{"embeddable":true,"href":"https:\/\/www.bojungle.eu\/pt-pt\/wp-json\/wp\/v2\/comments?post=40591"}],"version-history":[{"count":1,"href":"https:\/\/www.bojungle.eu\/pt-pt\/wp-json\/wp\/v2\/product\/40591\/revisions"}],"predecessor-version":[{"id":66400,"href":"https:\/\/www.bojungle.eu\/pt-pt\/wp-json\/wp\/v2\/product\/40591\/revisions\/66400"}],"wp:featuredmedia":[{"embeddable":true,"href":"https:\/\/www.bojungle.eu\/pt-pt\/wp-json\/wp\/v2\/media\/66307"}],"wp:attachment":[{"href":"https:\/\/www.bojungle.eu\/pt-pt\/wp-json\/wp\/v2\/media?parent=40591"}],"wp:term":[{"taxonomy":"product_brand","embeddable":true,"href":"https:\/\/www.bojungle.eu\/pt-pt\/wp-json\/wp\/v2\/product_brand?post=40591"},{"taxonomy":"product_cat","embeddable":true,"href":"https:\/\/www.bojungle.eu\/pt-pt\/wp-json\/wp\/v2\/product_cat?post=40591"},{"taxonomy":"product_tag","embeddable":true,"href":"https:\/\/www.bojungle.eu\/pt-pt\/wp-json\/wp\/v2\/product_tag?post=40591"},{"taxonomy":"woo-feed-brand","embeddable":true,"href":"https:\/\/www.bojungle.eu\/pt-pt\/wp-json\/wp\/v2\/woo-feed-brand?post=40591"}],"curies":[{"name":"wp","href":"https:\/\/api.w.org\/{rel}","templated":true}]}}