{"id":40596,"date":"2022-05-29T11:58:22","date_gmt":"2022-05-29T09:58:22","guid":{"rendered":"https:\/\/dev.authority.biz\/boj\/product\/b-thermo-garrafa-de-vidro-de-silicone-240-ml-turquesa\/"},"modified":"2025-07-25T09:39:48","modified_gmt":"2025-07-25T07:39:48","slug":"b-termo-bottle-silicone-glass-240-ml-turquoise","status":"publish","type":"product","link":"https:\/\/www.bojungle.eu\/pt-pt\/produto\/b-termo-bottle-silicone-glass-240-ml-turquoise\/","title":{"rendered":"B-Thermo Garrafa de Vidro de Silicone 240 ml Turquesa"},"content":{"rendered":"<ul>\n<li>Prefere comprar um biber\u00e3o em vidro por raz\u00f5es higi\u00e9nicas, mas tem medo que se parta? Quer ter a certeza absoluta de que o biber\u00e3o do seu beb\u00e9 est\u00e1 \u00e0 temperatura certa e que n\u00e3o cont\u00e9m quaisquer produtos qu\u00edmicos perigosos? N\u00e3o procure mais: Bo Jungle desenvolveu uma gama de biber\u00f5es maravilhosos que ser\u00e3o adorados tanto pelo beb\u00e9 como pela m\u00e3e. As nossas garrafas s\u00e3o feitas em vidro borossilicato leve e s\u00e3o f\u00e1ceis de limpar e esterilizar. A sua cor n\u00e3o mudar\u00e1 com o tempo E garantimos que est\u00e3o absolutamente livres de produtos qu\u00edmicos perigosos e que cumprem a legisla\u00e7\u00e3o da UE. N\u00e3o se estilha\u00e7ar<\/li>\n<li>Pode resistir a quedas de at\u00e9 1 metro (em circunst\u00e2ncias normais)<\/li>\n<li>Fun\u00e7\u00e3o de detec\u00e7\u00e3o de calor: ficar branco quando o conte\u00fado da garrafa estiver demasiado quente (a partir de +-40\u00b0C)<\/li>\n<li>Vidro borossilicato leve<\/li>\n<li>BPA livre<\/li>\n<li>Tampa \u00e0 prova de derramamento &#8211; Pegas amov\u00edveis gr\u00e1tis<\/li>\n<li>Higi\u00e9nico: f\u00e1cil de limpar e esterilizar<\/li>\n<li>Diferentes tipos de tetinas dispon\u00edveis: l\u00edquidos lentos, m\u00e9dios, r\u00e1pidos e grossos<\/li>\n<\/ul>\n","protected":false},"excerpt":{"rendered":"<p>Bo Jungle desenvolveu uma gama de biber\u00f5es maravilhosos que ser\u00e3o adorados tanto pelo beb\u00e9 como pela m\u00e3e. As nossas garrafas s\u00e3o feitas em vidro borossilicato leve e s\u00e3o f\u00e1ceis de limpar e esterilizar. A sua cor n\u00e3o mudar\u00e1 com o tempo E garantimos que est\u00e3o absolutamente livres de produtos qu\u00edmicos perigosos e que cumprem a legisla\u00e7\u00e3o da UE.<\/p>\n","protected":false},"featured_media":58834,"comment_status":"closed","ping_status":"closed","template":"","meta":{"_lmt_disableupdate":"","_lmt_disable":""},"product_brand":[],"product_cat":[451,454,551,1345],"product_tag":[],"woo-feed-brand":[],"class_list":{"0":"post-40596","1":"product","2":"type-product","3":"status-publish","4":"has-post-thumbnail","6":"product_cat-comida-e-bebida","7":"product_cat-gama-silicone","8":"product_cat-hora-do-jantar","9":"product_cat-saldos","11":"first","12":"instock","13":"sale","14":"taxable","15":"shipping-taxable","16":"purchasable","17":"product-type-simple"},"_links":{"self":[{"href":"https:\/\/www.bojungle.eu\/pt-pt\/wp-json\/wp\/v2\/product\/40596","targetHints":{"allow":["GET"]}}],"collection":[{"href":"https:\/\/www.bojungle.eu\/pt-pt\/wp-json\/wp\/v2\/product"}],"about":[{"href":"https:\/\/www.bojungle.eu\/pt-pt\/wp-json\/wp\/v2\/types\/product"}],"replies":[{"embeddable":true,"href":"https:\/\/www.bojungle.eu\/pt-pt\/wp-json\/wp\/v2\/comments?post=40596"}],"version-history":[{"count":0,"href":"https:\/\/www.bojungle.eu\/pt-pt\/wp-json\/wp\/v2\/product\/40596\/revisions"}],"wp:featuredmedia":[{"embeddable":true,"href":"https:\/\/www.bojungle.eu\/pt-pt\/wp-json\/wp\/v2\/media\/58834"}],"wp:attachment":[{"href":"https:\/\/www.bojungle.eu\/pt-pt\/wp-json\/wp\/v2\/media?parent=40596"}],"wp:term":[{"taxonomy":"product_brand","embeddable":true,"href":"https:\/\/www.bojungle.eu\/pt-pt\/wp-json\/wp\/v2\/product_brand?post=40596"},{"taxonomy":"product_cat","embeddable":true,"href":"https:\/\/www.bojungle.eu\/pt-pt\/wp-json\/wp\/v2\/product_cat?post=40596"},{"taxonomy":"product_tag","embeddable":true,"href":"https:\/\/www.bojungle.eu\/pt-pt\/wp-json\/wp\/v2\/product_tag?post=40596"},{"taxonomy":"woo-feed-brand","embeddable":true,"href":"https:\/\/www.bojungle.eu\/pt-pt\/wp-json\/wp\/v2\/woo-feed-brand?post=40596"}],"curies":[{"name":"wp","href":"https:\/\/api.w.org\/{rel}","templated":true}]}}