{"id":40788,"date":"2022-05-29T11:53:16","date_gmt":"2022-05-29T09:53:16","guid":{"rendered":"https:\/\/dev.authority.biz\/boj\/product\/b-suction-bowl-silicone-spoon-blue\/"},"modified":"2025-03-26T16:34:46","modified_gmt":"2025-03-26T15:34:46","slug":"b-suction-bowl-silicone-spoon-blue-2","status":"publish","type":"product","link":"https:\/\/www.bojungle.eu\/pt-pt\/produto\/b-suction-bowl-silicone-spoon-blue-2\/","title":{"rendered":"B-Suction Bowl Silicone &amp; Spoon Blue"},"content":{"rendered":"<div class=\"elementor-element elementor-element-80cf67d elementor-widget elementor-widget-jet-single-excerpt\" data-id=\"80cf67d\" data-element_type=\"widget\" data-widget_type=\"jet-single-excerpt.default\">\n<div class=\"elementor-widget-container\">\n<div class=\"elementor-jet-single-excerpt jet-woo-builder\">\n<div class=\"woocommerce-product-details__short-description\">\n<p>A hora da refei\u00e7\u00e3o tornou-se mais f\u00e1cil e divertida com o Suction Bowl Silicone &amp; Conjunto de colher! Concebido para ajudar o seu filho a aprender a comer de forma independente, este conjunto inteligente mant\u00e9m o foco na comida, e n\u00e3o na sujidade. A potente base de ventosa garante que a tigela permanece segura no lugar, evitando derrames e incidentes ocasionais de \u201ctigela voadora\u201d. Feito de silicone premium e dur\u00e1vel, este conjunto foi feito para durar in\u00fameras aventuras na hora da refei\u00e7\u00e3o. \u00c9 resistente \u00e0 quebra, \u00e0 absor\u00e7\u00e3o de odores e \u00e0 transfer\u00eancia de sabor, sendo uma escolha segura e higi\u00e9nica para o seu filho. A colher ergon\u00f3mica correspondente tem um tamanho perfeito para m\u00e3os pequenas, incentivando uma autoalimenta\u00e7\u00e3o confiante. Com o seu design divertido e elegante, o B-Suction Bowl &amp; O conjunto de colheres \u00e9 t\u00e3o agrad\u00e1vel de ver como pr\u00e1tico de usar &#8211; tornando-o um item obrigat\u00f3rio para todas as fam\u00edlias. Adequado para beb\u00e9s e crian\u00e7as pequenas, \u00e9 a forma perfeita de transformar as refei\u00e7\u00f5es numa experi\u00eancia de aprendizagem sem stress.  <\/p>\n<p><strong>Caracter\u00edsticas principais:<\/strong><\/p>\n<ul>\n<li><strong>Base de suc\u00e7\u00e3o forte: <\/strong>mant\u00e9m a ta\u00e7a firmemente no lugar para refei\u00e7\u00f5es sem sujidade.<\/li>\n<li><strong>Silicone Dur\u00e1vel: <\/strong>Resistente a quebras e f\u00e1cil de limpar, sem odores nem absor\u00e7\u00e3o de sabor.<\/li>\n<li><strong>Design adequado para crian\u00e7as:<\/strong> Inclui uma colher feita \u00e0 medida para m\u00e3os pequenas e alimenta\u00e7\u00e3o independente.<\/li>\n<li><strong>Apar\u00eancia atraente: <\/strong>Design brilhante e moderno que agrada tanto \u00e0s crian\u00e7as como aos pais.<\/li>\n<\/ul>\n<p>Torne a hora da refei\u00e7\u00e3o suave, elegante e divertida com o conjunto de colher e silicone com ventosa!<\/p>\n<\/div>\n<\/div>\n<\/div>\n<\/div>\n<div class=\"elementor-element elementor-element-c5d7d93 elementor-widget elementor-widget-spacer\" data-id=\"c5d7d93\" data-element_type=\"widget\" data-widget_type=\"spacer.default\">\n<div class=\"elementor-widget-container\">\n<div class=\"elementor-spacer\"><\/div>\n<\/div>\n<\/div>\n","protected":false},"excerpt":{"rendered":"<div class=\"elementor-element elementor-element-80cf67d elementor-widget elementor-widget-jet-single-excerpt\" data-id=\"80cf67d\" data-element_type=\"widget\" data-widget_type=\"jet-single-excerpt.default\">\n<div class=\"elementor-widget-container\">\n<div class=\"elementor-jet-single-excerpt jet-woo-builder\">\n<div class=\"woocommerce-product-details__short-description\">\n<p>Torne a hora das refei\u00e7\u00f5es livre de stress com a tigela e colher B-Suction! A forte base de suc\u00e7\u00e3o mant\u00e9m a tigela no lugar, enquanto a colher ergon\u00f3mica ajuda o seu filho a aprender a comer de forma independente. Feito de silicone dur\u00e1vel e sem odores, este conjunto \u00e9 resistente a quebras, f\u00e1cil de limpar e concebido com estilo para crian\u00e7as e pais. Perfeito para refei\u00e7\u00f5es felizes e sem sujidade   <\/p>\n<\/div>\n<\/div>\n<\/div>\n<\/div>\n","protected":false},"featured_media":69966,"comment_status":"closed","ping_status":"closed","template":"","meta":{"_lmt_disableupdate":"","_lmt_disable":""},"product_brand":[],"product_cat":[451,454,551],"product_tag":[],"woo-feed-brand":[],"class_list":{"0":"post-40788","1":"product","2":"type-product","3":"status-publish","4":"has-post-thumbnail","6":"product_cat-comida-e-bebida","7":"product_cat-gama-silicone","8":"product_cat-hora-do-jantar","10":"first","11":"instock","12":"taxable","13":"shipping-taxable","14":"purchasable","15":"product-type-simple"},"_links":{"self":[{"href":"https:\/\/www.bojungle.eu\/pt-pt\/wp-json\/wp\/v2\/product\/40788","targetHints":{"allow":["GET"]}}],"collection":[{"href":"https:\/\/www.bojungle.eu\/pt-pt\/wp-json\/wp\/v2\/product"}],"about":[{"href":"https:\/\/www.bojungle.eu\/pt-pt\/wp-json\/wp\/v2\/types\/product"}],"replies":[{"embeddable":true,"href":"https:\/\/www.bojungle.eu\/pt-pt\/wp-json\/wp\/v2\/comments?post=40788"}],"version-history":[{"count":1,"href":"https:\/\/www.bojungle.eu\/pt-pt\/wp-json\/wp\/v2\/product\/40788\/revisions"}],"predecessor-version":[{"id":78473,"href":"https:\/\/www.bojungle.eu\/pt-pt\/wp-json\/wp\/v2\/product\/40788\/revisions\/78473"}],"wp:featuredmedia":[{"embeddable":true,"href":"https:\/\/www.bojungle.eu\/pt-pt\/wp-json\/wp\/v2\/media\/69966"}],"wp:attachment":[{"href":"https:\/\/www.bojungle.eu\/pt-pt\/wp-json\/wp\/v2\/media?parent=40788"}],"wp:term":[{"taxonomy":"product_brand","embeddable":true,"href":"https:\/\/www.bojungle.eu\/pt-pt\/wp-json\/wp\/v2\/product_brand?post=40788"},{"taxonomy":"product_cat","embeddable":true,"href":"https:\/\/www.bojungle.eu\/pt-pt\/wp-json\/wp\/v2\/product_cat?post=40788"},{"taxonomy":"product_tag","embeddable":true,"href":"https:\/\/www.bojungle.eu\/pt-pt\/wp-json\/wp\/v2\/product_tag?post=40788"},{"taxonomy":"woo-feed-brand","embeddable":true,"href":"https:\/\/www.bojungle.eu\/pt-pt\/wp-json\/wp\/v2\/woo-feed-brand?post=40788"}],"curies":[{"name":"wp","href":"https:\/\/api.w.org\/{rel}","templated":true}]}}