{"id":40805,"date":"2022-05-29T11:53:16","date_gmt":"2022-05-29T09:53:16","guid":{"rendered":"https:\/\/dev.authority.biz\/boj\/product\/b-suction-bowl-silicone-spoon-grey\/"},"modified":"2025-07-25T09:39:49","modified_gmt":"2025-07-25T07:39:49","slug":"b-suction-bowl-silicone-spoon-grey-2","status":"publish","type":"product","link":"https:\/\/www.bojungle.eu\/pt-pt\/produto\/b-suction-bowl-silicone-spoon-grey-2\/","title":{"rendered":"B-Suction Bowl Silicone &amp; Spoon Grey"},"content":{"rendered":"<p>Esta tigela com ventosa e colher a condizer assegura que a crian\u00e7a pode aprender a comer independentemente, sem que a m\u00e3e ou o pai tenham de segurar o prato. Gra\u00e7as \u00e0 ventosa, a tigela n\u00e3o se pode mover e certamente n\u00e3o pode voar atrav\u00e9s da sala. Este conjunto \u00e9 feito de material de alta qualidade e dur\u00e1vel. N\u00e3o pode ser quebrado, absorve odores nem sabores e \u00e9 acima de tudo um banquete para os olhos!<\/p>\n","protected":false},"excerpt":{"rendered":"<p>Esta tigela com ventosa e colher a condizer assegura que a crian\u00e7a pode aprender a comer independentemente, sem que a m\u00e3e ou o pai tenham de segurar o prato. Gra\u00e7as \u00e0 ventosa, a tigela n\u00e3o se pode mover e certamente n\u00e3o pode voar atrav\u00e9s da sala. Este conjunto \u00e9 feito de material de alta qualidade e dur\u00e1vel. N\u00e3o pode ser quebrado, absorve odores nem sabores e \u00e9 acima de tudo um banquete para os olhos!<\/p>\n","protected":false},"featured_media":69926,"comment_status":"closed","ping_status":"closed","template":"","meta":{"_lmt_disableupdate":"","_lmt_disable":""},"product_brand":[],"product_cat":[451,454,551],"product_tag":[],"woo-feed-brand":[],"class_list":{"0":"post-40805","1":"product","2":"type-product","3":"status-publish","4":"has-post-thumbnail","6":"product_cat-comida-e-bebida","7":"product_cat-gama-silicone","8":"product_cat-hora-do-jantar","10":"first","11":"instock","12":"taxable","13":"shipping-taxable","14":"purchasable","15":"product-type-simple"},"_links":{"self":[{"href":"https:\/\/www.bojungle.eu\/pt-pt\/wp-json\/wp\/v2\/product\/40805","targetHints":{"allow":["GET"]}}],"collection":[{"href":"https:\/\/www.bojungle.eu\/pt-pt\/wp-json\/wp\/v2\/product"}],"about":[{"href":"https:\/\/www.bojungle.eu\/pt-pt\/wp-json\/wp\/v2\/types\/product"}],"replies":[{"embeddable":true,"href":"https:\/\/www.bojungle.eu\/pt-pt\/wp-json\/wp\/v2\/comments?post=40805"}],"version-history":[{"count":0,"href":"https:\/\/www.bojungle.eu\/pt-pt\/wp-json\/wp\/v2\/product\/40805\/revisions"}],"wp:featuredmedia":[{"embeddable":true,"href":"https:\/\/www.bojungle.eu\/pt-pt\/wp-json\/wp\/v2\/media\/69926"}],"wp:attachment":[{"href":"https:\/\/www.bojungle.eu\/pt-pt\/wp-json\/wp\/v2\/media?parent=40805"}],"wp:term":[{"taxonomy":"product_brand","embeddable":true,"href":"https:\/\/www.bojungle.eu\/pt-pt\/wp-json\/wp\/v2\/product_brand?post=40805"},{"taxonomy":"product_cat","embeddable":true,"href":"https:\/\/www.bojungle.eu\/pt-pt\/wp-json\/wp\/v2\/product_cat?post=40805"},{"taxonomy":"product_tag","embeddable":true,"href":"https:\/\/www.bojungle.eu\/pt-pt\/wp-json\/wp\/v2\/product_tag?post=40805"},{"taxonomy":"woo-feed-brand","embeddable":true,"href":"https:\/\/www.bojungle.eu\/pt-pt\/wp-json\/wp\/v2\/woo-feed-brand?post=40805"}],"curies":[{"name":"wp","href":"https:\/\/api.w.org\/{rel}","templated":true}]}}