{"id":40815,"date":"2022-05-29T11:53:16","date_gmt":"2022-05-29T09:53:16","guid":{"rendered":"https:\/\/dev.authority.biz\/boj\/product\/placa-de-aspiracao-b-urso-cinzento\/"},"modified":"2025-08-11T16:18:13","modified_gmt":"2025-08-11T14:18:13","slug":"b-suction-plate-bear-grey-2","status":"publish","type":"product","link":"https:\/\/www.bojungle.eu\/pt-pt\/produto\/b-suction-plate-bear-grey-2\/","title":{"rendered":"Placa de aspira\u00e7\u00e3o B Urso Cinzento"},"content":{"rendered":"<p data-start=\"84\" data-end=\"132\">Chega de refei\u00e7\u00f5es desarrumadas com o prato com ventosa Bear. Ele adere \u00e0 mesa, para que o seu beb\u00e9 n\u00e3o o possa atirar para o ch\u00e3o. Possui uma ventosa forte que mant\u00e9m o prato no lugar enquanto o seu filho come.  <\/p>\n<p data-start=\"311\" data-end=\"446\">Feito de silicone macio e seguro, \u00e9 suave para os beb\u00e9s e f\u00e1cil de limpar para os pais. As orelhas de urso fofas tornam a hora da refei\u00e7\u00e3o mais divertida! <\/p>\n<ul>\n<li data-start=\"448\" data-end=\"643\">Mant\u00e9m-se no lugar com forte suc\u00e7\u00e3o<\/li>\n<li data-start=\"448\" data-end=\"643\">Pode ser utilizado no micro-ondas e no forno (at\u00e9 220 \u00b0C)<\/li>\n<li data-start=\"448\" data-end=\"643\">F\u00e1cil de limpar \u2013 basta coloc\u00e1-lo na m\u00e1quina de lavar lou\u00e7a<\/li>\n<li data-start=\"448\" data-end=\"643\">Feito de silicone<\/li>\n<\/ul>\n<p data-start=\"645\" data-end=\"716\">\u00d3timo para refei\u00e7\u00f5es di\u00e1rias e para as m\u00e3ozinhas que est\u00e3o a aprender a comer sozinhas.<\/p>\n","protected":false},"excerpt":{"rendered":"<p>O prato com ventosa Bear \u00e9 um prato de silicone bonito e pr\u00e1tico com forte ventosa para evitar derrames. Pode ser utilizado no micro-ondas, no forno (at\u00e9 220 \u00b0C) e na m\u00e1quina de lavar lou\u00e7a. <\/p>\n","protected":false},"featured_media":72444,"comment_status":"closed","ping_status":"closed","template":"","meta":{"_lmt_disableupdate":"","_lmt_disable":""},"product_brand":[],"product_cat":[451,454,551],"product_tag":[],"woo-feed-brand":[],"class_list":{"0":"post-40815","1":"product","2":"type-product","3":"status-publish","4":"has-post-thumbnail","6":"product_cat-comida-e-bebida","7":"product_cat-gama-silicone","8":"product_cat-hora-do-jantar","10":"first","11":"outofstock","12":"taxable","13":"shipping-taxable","14":"purchasable","15":"product-type-simple"},"_links":{"self":[{"href":"https:\/\/www.bojungle.eu\/pt-pt\/wp-json\/wp\/v2\/product\/40815","targetHints":{"allow":["GET"]}}],"collection":[{"href":"https:\/\/www.bojungle.eu\/pt-pt\/wp-json\/wp\/v2\/product"}],"about":[{"href":"https:\/\/www.bojungle.eu\/pt-pt\/wp-json\/wp\/v2\/types\/product"}],"replies":[{"embeddable":true,"href":"https:\/\/www.bojungle.eu\/pt-pt\/wp-json\/wp\/v2\/comments?post=40815"}],"version-history":[{"count":1,"href":"https:\/\/www.bojungle.eu\/pt-pt\/wp-json\/wp\/v2\/product\/40815\/revisions"}],"predecessor-version":[{"id":80932,"href":"https:\/\/www.bojungle.eu\/pt-pt\/wp-json\/wp\/v2\/product\/40815\/revisions\/80932"}],"wp:featuredmedia":[{"embeddable":true,"href":"https:\/\/www.bojungle.eu\/pt-pt\/wp-json\/wp\/v2\/media\/72444"}],"wp:attachment":[{"href":"https:\/\/www.bojungle.eu\/pt-pt\/wp-json\/wp\/v2\/media?parent=40815"}],"wp:term":[{"taxonomy":"product_brand","embeddable":true,"href":"https:\/\/www.bojungle.eu\/pt-pt\/wp-json\/wp\/v2\/product_brand?post=40815"},{"taxonomy":"product_cat","embeddable":true,"href":"https:\/\/www.bojungle.eu\/pt-pt\/wp-json\/wp\/v2\/product_cat?post=40815"},{"taxonomy":"product_tag","embeddable":true,"href":"https:\/\/www.bojungle.eu\/pt-pt\/wp-json\/wp\/v2\/product_tag?post=40815"},{"taxonomy":"woo-feed-brand","embeddable":true,"href":"https:\/\/www.bojungle.eu\/pt-pt\/wp-json\/wp\/v2\/woo-feed-brand?post=40815"}],"curies":[{"name":"wp","href":"https:\/\/api.w.org\/{rel}","templated":true}]}}