{"id":40848,"date":"2022-05-29T11:52:36","date_gmt":"2022-05-29T09:52:36","guid":{"rendered":"https:\/\/dev.authority.biz\/boj\/product\/b-strolly-grey-moon-moldura-unidade-de-assento-adaptadores-de-assento-para-automovel-proteccao-contra-a-chuva-berco\/"},"modified":"2025-07-25T09:39:50","modified_gmt":"2025-07-25T07:39:50","slug":"b-strolly-grey-silver-moon-frame-seat-unit-car-seat-adapters-rain-protection-cradle-2","status":"publish","type":"product","link":"https:\/\/www.bojungle.eu\/pt-pt\/produto\/b-strolly-grey-silver-moon-frame-seat-unit-car-seat-adapters-rain-protection-cradle-2\/","title":{"rendered":"B-Strolly Grey Moon (Moldura + Unidade de assento + Adaptadores de assento para autom\u00f3vel + Protec\u00e7\u00e3o contra a chuva + Ber\u00e7o)"},"content":{"rendered":"<ul>\n<li>Conhe\u00e7a a Bo Jungle Strolly que oferece caracter\u00edsticas de seguran\u00e7a e sa\u00fade para o seu beb\u00e9 que est\u00e3o dispon\u00edveis em todos os carrinhos de beb\u00e9 da Bo Jungle. O B-Strolly \u00e9 adequado para todos. Desfrute da sua simplicidade e qualidade.<\/li>\n<li>Na simplicidade \u00e9 genial &#8211; B-Strolly tem a maioria das caracter\u00edsticas dos carrinhos de beb\u00e9 de primeira classe, por isso \u00e9 confort\u00e1vel e conveniente para viagens di\u00e1rias na cidade e na natureza. O chassis com rodas de espuma EVA permitir\u00e1 desfrutar do passeio em caminhos atractivos na floresta ou no parque. Al\u00e9m disso, os bordados especiais e os elementos de desenho reflectores de luz tornam o carrinho de beb\u00e9 \u00fanico e vis\u00edvel em qualquer altura do dia. O colch\u00e3o macio de flocos de coco e a protec\u00e7\u00e3o extra do ber\u00e7o contra o vento ir\u00e3o criar um ambiente seguro e confort\u00e1vel para o seu beb\u00e9.<\/li>\n<li>Dimens\u00f5es (dobrado): 61 cm x 81 cm<\/li>\n<\/ul>\n","protected":false},"excerpt":{"rendered":"<p>Na simplicidade \u00e9 a genialidade<\/p>\n","protected":false},"featured_media":57449,"comment_status":"closed","ping_status":"closed","template":"","meta":{"_lmt_disableupdate":"","_lmt_disable":""},"product_brand":[],"product_cat":[633,1345,648],"product_tag":[],"woo-feed-brand":[],"class_list":{"0":"post-40848","1":"product","2":"type-product","3":"status-publish","4":"has-post-thumbnail","6":"product_cat-ao-ar-livre","7":"product_cat-saldos","8":"product_cat-strollers","10":"first","11":"instock","12":"sale","13":"taxable","14":"shipping-taxable","15":"purchasable","16":"product-type-simple"},"_links":{"self":[{"href":"https:\/\/www.bojungle.eu\/pt-pt\/wp-json\/wp\/v2\/product\/40848","targetHints":{"allow":["GET"]}}],"collection":[{"href":"https:\/\/www.bojungle.eu\/pt-pt\/wp-json\/wp\/v2\/product"}],"about":[{"href":"https:\/\/www.bojungle.eu\/pt-pt\/wp-json\/wp\/v2\/types\/product"}],"replies":[{"embeddable":true,"href":"https:\/\/www.bojungle.eu\/pt-pt\/wp-json\/wp\/v2\/comments?post=40848"}],"version-history":[{"count":0,"href":"https:\/\/www.bojungle.eu\/pt-pt\/wp-json\/wp\/v2\/product\/40848\/revisions"}],"wp:featuredmedia":[{"embeddable":true,"href":"https:\/\/www.bojungle.eu\/pt-pt\/wp-json\/wp\/v2\/media\/57449"}],"wp:attachment":[{"href":"https:\/\/www.bojungle.eu\/pt-pt\/wp-json\/wp\/v2\/media?parent=40848"}],"wp:term":[{"taxonomy":"product_brand","embeddable":true,"href":"https:\/\/www.bojungle.eu\/pt-pt\/wp-json\/wp\/v2\/product_brand?post=40848"},{"taxonomy":"product_cat","embeddable":true,"href":"https:\/\/www.bojungle.eu\/pt-pt\/wp-json\/wp\/v2\/product_cat?post=40848"},{"taxonomy":"product_tag","embeddable":true,"href":"https:\/\/www.bojungle.eu\/pt-pt\/wp-json\/wp\/v2\/product_tag?post=40848"},{"taxonomy":"woo-feed-brand","embeddable":true,"href":"https:\/\/www.bojungle.eu\/pt-pt\/wp-json\/wp\/v2\/woo-feed-brand?post=40848"}],"curies":[{"name":"wp","href":"https:\/\/api.w.org\/{rel}","templated":true}]}}