{"id":40855,"date":"2022-05-29T11:53:13","date_gmt":"2022-05-29T09:53:13","guid":{"rendered":"https:\/\/dev.authority.biz\/boj\/product\/b-submarino-de-silicone-amarelo\/"},"modified":"2025-07-25T09:39:50","modified_gmt":"2025-07-25T07:39:50","slug":"b-submarina-silicone-amarelo","status":"publish","type":"product","link":"https:\/\/www.bojungle.eu\/pt-pt\/produto\/b-submarina-silicone-amarelo\/","title":{"rendered":"B-Submarino de Silicone Amarelo"},"content":{"rendered":"<div id=\"description\" class=\"tab-pane fade in active\" role=\"tabpanel\">\n<div class=\"product-description\">\n<ul>\n<li>O nosso submarino de silicone estimula tanto as mordeduras como o aperto dos sentidos. Assegura que a dor e o desconforto da passagem dos dentes s\u00e3o suavizados a tal ponto e tamb\u00e9m estimula os l\u00e1bios e a l\u00edngua devido \u00e0s suas diferentes superf\u00edcies de mordedura. Os dentes s\u00e3o massajados e tamb\u00e9m amolece as gengivas. Ideal para m\u00e3os pequenas e dentes que se aproximam!<\/li>\n<li>F\u00e1cil de manter, lav\u00e1vel \u00e0 m\u00e1quina<\/li>\n<li>Feito em silicone<\/li>\n<\/ul>\n<p>&nbsp;<\/p>\n<\/div>\n<\/div>\n<div id=\"product-details\" class=\"tab-pane fade\" style=\"box-sizing: inherit; opacity: 1; transition: opacity 0.15s linear 0s; display: block; margin-bottom: 20px; color: #000000; font-family: Roboto, Arial, Helvetica, sans-serif; font-size: 13px; font-style: normal; font-variant-ligatures: normal; font-variant-caps: normal; font-weight: 400; letter-spacing: normal; orphans: 2; text-align: start; text-indent: 0px; text-transform: none; white-space: normal; widows: 2; word-spacing: 0px; -webkit-text-stroke-width: 0px; background-color: #ffffff; text-decoration-thickness: initial; text-decoration-style: initial; text-decoration-color: initial;\" role=\"tabpanel\" data-product=\"{\"id_shop_default\":\"1\",\"id_manufacturer\":\"1\",\"id_supplier\":\"2\",\"reference\":\"B910450\",\"is_virtual\":\"0\",\"delivery_in_stock\":\"\",\"delivery_out_stock\":\"\",\"id_category_default\":\"11\",\"on_sale\":\"0\",\"online_only\":\"1\",\"ecotax\":0,\"minimal_quantity\":\"1\",\"low_stock_threshold\":null,\"low_stock_alert\":\"0\",\"price\":\"\\u20ac8.26\",\"unity\":\"\",\"unit_price_ratio\":\"0.000000\",\"additional_shipping_cost\":\"0.000000\",\"customizable\":\"0\",\"text_fields\":\"0\",\"uploadable_files\":\"0\",\"redirect_type\":\"404\",\"id_type_redirected\":\"0\",\"available_for_order\":\"1\",\"available_date\":\"2020-01-31\",\"show_condition\":\"1\",\"condition\":\"new\",\"show_price\":\"1\",\"indexed\":\"1\",\"visibility\":\"both\",\"cache_default_attribute\":\"0\",\"advanced_stock_management\":\"0\",\"date_add\":\"2020-10-23 11:41:57\",\"date_upd\":\"2021-12-07 10:36:56\",\"pack_stock_type\":\"0\",\"meta_description\":\"Discover our B-Silicone Yellow Submarine from the product range: Playing | Bo Jungle\",\"meta_keywords\":\"\",\"meta_title\":\"B-Silicone Yellow Submarine | Bo Jungle\",\"link_rewrite\":\"b-silicone-yellow-submarine\",\"name\":\"B-Silicone Yellow Submarine\",\"description\":\"&lt;encoded_tag_open \/&gt;ul&lt;encoded_tag_closed \/&gt;\\r\\n&lt;encoded_tag_open \/&gt;ul&lt;encoded_tag_closed \/&gt;\\r\\n&lt;encoded_tag_open \/&gt;li&lt;encoded_tag_closed \/&gt;Our silicone\\u00a0submarine\\u00a0stimulates both bites and gripping senses. It ensures that the pain and discomfort of passing teeth are softened to such an extent and also stimulates the lips and tongue because of its different bite surfaces. The teeth are massaged and it also softens the gums. Ideal for small hands and coming teeth!&lt;encoded_tag_open \/&gt;\\\/li&lt;encoded_tag_closed \/&gt;\\r\\n&lt;encoded_tag_open \/&gt;li&lt;encoded_tag_closed \/&gt;Easy to maintain, machine washable&lt;encoded_tag_open \/&gt;\\\/li&lt;encoded_tag_closed \/&gt;\\r\\n&lt;encoded_tag_open \/&gt;li&lt;encoded_tag_closed \/&gt;Made in silicone&lt;encoded_tag_open \/&gt;\\\/li&lt;encoded_tag_closed \/&gt;\\r\\n&lt;encoded_tag_open \/&gt;\\\/ul&lt;encoded_tag_closed \/&gt;\\r\\n&lt;encoded_tag_open \/&gt;\\\/ul&lt;encoded_tag_closed \/&gt;\\r\\n&lt;encoded_tag_open \/&gt;p&lt;encoded_tag_closed \/&gt;&lt;encoded_tag_open \/&gt;\\\/p&lt;encoded_tag_closed \/&gt;\",\"description_short\":\"&lt;encoded_tag_open \/&gt;p&lt;encoded_tag_closed \/&gt;B-Silicone Yellow Submarine&lt;encoded_tag_open \/&gt;\\\/p&lt;encoded_tag_closed \/&gt;\",\"available_now\":\"\",\"available_later\":\"\",\"id\":972,\"id_product\":972,\"out_of_stock\":0,\"new\":0,\"id_product_attribute\":\"0\",\"quantity_wanted\":1,\"extraContent\":[],\"allow_oosp\":true,\"category\":\"playing\",\"category_name\":\"Playing\",\"link\":\"https:\\\/\\\/bojungle.eu\\\/gb\\\/playing\\\/972-b-silicone-yellow-submarine-1703739104009.html\",\"attribute_price\":0,\"price_tax_exc\":8.256198,\"price_without_reduction\":8.256198,\"reduction\":0,\"specific_prices\":[],\"quantity\":0,\"quantity_all_versions\":0,\"id_image\":\"gb-default\",\"features\":[],\"attachments\":[],\"virtual\":0,\"pack\":0,\"packItems\":[],\"nopackprice\":0,\"customization_required\":false,\"rate\":0,\"tax_name\":\"\",\"ecotax_rate\":0,\"unit_price\":\"\",\"customizations\":{\"fields\":[]},\"id_customization\":0,\"is_customizable\":false,\"show_quantities\":false,\"quantity_label\":\"Item\",\"quantity_discounts\":[],\"customer_group_discount\":0,\"images\":[{\"bySize\":{\"small_default\":{\"url\":\"https:\\\/\\\/bojungle.eu\\\/2740-small_default\\\/b-silicone-yellow-submarine.jpg\",\"width\":98,\"height\":98},\"cart_default\":{\"url\":\"https:\\\/\\\/bojungle.eu\\\/2740-cart_default\\\/b-silicone-yellow-submarine.jpg\",\"width\":125,\"height\":125},\"home_default\":{\"url\":\"https:\\\/\\\/bojungle.eu\\\/2740-home_default\\\/b-silicone-yellow-submarine.jpg\",\"width\":259,\"height\":259},\"medium_default\":{\"url\":\"https:\\\/\\\/bojungle.eu\\\/2740-medium_default\\\/b-silicone-yellow-submarine.jpg\",\"width\":452,\"height\":452},\"large_default\":{\"url\":\"https:\\\/\\\/bojungle.eu\\\/2740-large_default\\\/b-silicone-yellow-submarine.jpg\",\"width\":800,\"height\":800}},\"small\":{\"url\":\"https:\\\/\\\/bojungle.eu\\\/2740-small_default\\\/b-silicone-yellow-submarine.jpg\",\"width\":98,\"height\":98},\"medium\":{\"url\":\"https:\\\/\\\/bojungle.eu\\\/2740-home_default\\\/b-silicone-yellow-submarine.jpg\",\"width\":259,\"height\":259},\"large\":{\"url\":\"https:\\\/\\\/bojungle.eu\\\/2740-large_default\\\/b-silicone-yellow-submarine.jpg\",\"width\":800,\"height\":800},\"legend\":\"\",\"id_image\":\"2740\",\"cover\":\"1\",\"position\":\"1\",\"associatedVariants\":[]}],\"cover\":{\"bySize\":{\"small_default\":{\"url\":\"https:\\\/\\\/bojungle.eu\\\/2740-small_default\\\/b-silicone-yellow-submarine.jpg\",\"width\":98,\"height\":98},\"cart_default\":{\"url\":\"https:\\\/\\\/bojungle.eu\\\/2740-cart_default\\\/b-silicone-yellow-submarine.jpg\",\"width\":125,\"height\":125},\"home_default\":{\"url\":\"https:\\\/\\\/bojungle.eu\\\/2740-home_default\\\/b-silicone-yellow-submarine.jpg\",\"width\":259,\"height\":259},\"medium_default\":{\"url\":\"https:\\\/\\\/bojungle.eu\\\/2740-medium_default\\\/b-silicone-yellow-submarine.jpg\",\"width\":452,\"height\":452},\"large_default\":{\"url\":\"https:\\\/\\\/bojungle.eu\\\/2740-large_default\\\/b-silicone-yellow-submarine.jpg\",\"width\":800,\"height\":800}},\"small\":{\"url\":\"https:\\\/\\\/bojungle.eu\\\/2740-small_default\\\/b-silicone-yellow-submarine.jpg\",\"width\":98,\"height\":98},\"medium\":{\"url\":\"https:\\\/\\\/bojungle.eu\\\/2740-home_default\\\/b-silicone-yellow-submarine.jpg\",\"width\":259,\"height\":259},\"large\":{\"url\":\"https:\\\/\\\/bojungle.eu\\\/2740-large_default\\\/b-silicone-yellow-submarine.jpg\",\"width\":800,\"height\":800},\"legend\":\"\",\"id_image\":\"2740\",\"cover\":\"1\",\"position\":\"1\",\"associatedVariants\":[]},\"has_discount\":false,\"discount_type\":null,\"discount_percentage\":null,\"discount_percentage_absolute\":null,\"discount_amount\":null,\"discount_amount_to_display\":null,\"price_amount\":8.26,\"unit_price_full\":\"\",\"show_availability\":false,\"availability_message\":null,\"availability_date\":null,\"availability\":null}\"><\/div>\n","protected":false},"excerpt":{"rendered":"<p>O nosso submarino de silicone estimula tanto as mordeduras como o aperto dos sentidos. Assegura que a dor e o desconforto da passagem dos dentes s\u00e3o suavizados a tal ponto e tamb\u00e9m estimula os l\u00e1bios e a l\u00edngua devido \u00e0s suas diferentes superf\u00edcies de mordedura. Os dentes s\u00e3o massajados e tamb\u00e9m amolece as gengivas. Ideal para m\u00e3os pequenas e dentes que se aproximam!<\/p>\n","protected":false},"featured_media":73179,"comment_status":"closed","ping_status":"closed","template":"","meta":{"_lmt_disableupdate":"","_lmt_disable":""},"product_brand":[],"product_cat":[601,500,477],"product_tag":[],"woo-feed-brand":[],"class_list":{"0":"post-40855","1":"product","2":"type-product","3":"status-publish","4":"has-post-thumbnail","6":"product_cat-brinquedos-de-teether","7":"product_cat-brinquedos-em-silicone","8":"product_cat-hora-de-brincar","10":"first","11":"instock","12":"taxable","13":"shipping-taxable","14":"purchasable","15":"product-type-simple"},"_links":{"self":[{"href":"https:\/\/www.bojungle.eu\/pt-pt\/wp-json\/wp\/v2\/product\/40855","targetHints":{"allow":["GET"]}}],"collection":[{"href":"https:\/\/www.bojungle.eu\/pt-pt\/wp-json\/wp\/v2\/product"}],"about":[{"href":"https:\/\/www.bojungle.eu\/pt-pt\/wp-json\/wp\/v2\/types\/product"}],"replies":[{"embeddable":true,"href":"https:\/\/www.bojungle.eu\/pt-pt\/wp-json\/wp\/v2\/comments?post=40855"}],"version-history":[{"count":0,"href":"https:\/\/www.bojungle.eu\/pt-pt\/wp-json\/wp\/v2\/product\/40855\/revisions"}],"wp:featuredmedia":[{"embeddable":true,"href":"https:\/\/www.bojungle.eu\/pt-pt\/wp-json\/wp\/v2\/media\/73179"}],"wp:attachment":[{"href":"https:\/\/www.bojungle.eu\/pt-pt\/wp-json\/wp\/v2\/media?parent=40855"}],"wp:term":[{"taxonomy":"product_brand","embeddable":true,"href":"https:\/\/www.bojungle.eu\/pt-pt\/wp-json\/wp\/v2\/product_brand?post=40855"},{"taxonomy":"product_cat","embeddable":true,"href":"https:\/\/www.bojungle.eu\/pt-pt\/wp-json\/wp\/v2\/product_cat?post=40855"},{"taxonomy":"product_tag","embeddable":true,"href":"https:\/\/www.bojungle.eu\/pt-pt\/wp-json\/wp\/v2\/product_tag?post=40855"},{"taxonomy":"woo-feed-brand","embeddable":true,"href":"https:\/\/www.bojungle.eu\/pt-pt\/wp-json\/wp\/v2\/woo-feed-brand?post=40855"}],"curies":[{"name":"wp","href":"https:\/\/api.w.org\/{rel}","templated":true}]}}