{"id":40860,"date":"2022-05-29T11:49:08","date_gmt":"2022-05-29T09:49:08","guid":{"rendered":"https:\/\/dev.authority.biz\/boj\/product\/b-step-up-cinzento-de-banqueta\/"},"modified":"2025-02-10T16:05:55","modified_gmt":"2025-02-10T15:05:55","slug":"b-step-up-stool-grey-2","status":"publish","type":"product","link":"https:\/\/www.bojungle.eu\/pt-pt\/produto\/b-step-up-stool-grey-2\/","title":{"rendered":"Banco elevat\u00f3rio cinzento"},"content":{"rendered":"<p>O banco elevat\u00f3rio Bo Jungle em cinzento \u00e9 perfeito para crian\u00e7as que est\u00e3o a aprender a usar o bacio ou que precisam de ajuda para chegar ao lava-loi\u00e7a. \u00c9 seguro, com um sistema de fecho seguro e p\u00e9s antiderrapantes para o manter est\u00e1vel durante a utiliza\u00e7\u00e3o. <\/p>\n<p>Este banco tem uma altura ajust\u00e1vel (15cm &#8211; 26cm), pelo que cresce com o seu filho. \u00c9 leve e inclui uma pega de transporte, o que facilita a sua desloca\u00e7\u00e3o. Al\u00e9m disso, \u00e9 f\u00e1cil de limpar, para que a sua casa se mantenha arrumada.  <\/p>\n<p>Com o seu design moderno e simples, o banco elevat\u00f3rio Bo Jungle fica bem em qualquer divis\u00e3o. Suporta at\u00e9 150 kg, pelo que \u00e9 suficientemente forte para toda a fam\u00edlia <\/p>\n<p>Seguro, pr\u00e1tico e elegante, o banco elevat\u00f3rio Bo Jungle \u00e9 indispens\u00e1vel em qualquer casa.<\/p>\n","protected":false},"excerpt":{"rendered":"<div class=\"flex-1 overflow-hidden @container\/thread translate-y-[1.5rem] -mt-[1.5rem] pb-[1.5rem]\">\n<div class=\"h-full\">\n<div class=\"react-scroll-to-bottom--css-wjdla-79elbk h-full\">\n<div class=\"react-scroll-to-bottom--css-wjdla-1n7m0yu\">\n<div class=\"flex flex-col text-sm\">\n<article class=\"w-full text-token-text-primary focus-visible:outline-2 focus-visible:outline-offset-[-4px]\" dir=\"auto\" data-testid=\"conversation-turn-7\" data-scroll-anchor=\"true\">\n<div class=\"m-auto text-base py-[18px] px-6\">\n<div class=\"mx-auto flex flex-1 gap-4 text-base md:gap-5 lg:gap-6 md:max-w-3xl\">\n<div class=\"group\/conversation-turn relative flex w-full min-w-0 flex-col agent-turn @xs\/thread:px-0 @sm\/thread:px-1.5 @md\/thread:px-4\">\n<div class=\"flex-col gap-1 md:gap-3\">\n<div class=\"flex max-w-full flex-col flex-grow\">\n<div class=\"min-h-8 text-message flex w-full flex-col items-end gap-2 whitespace-normal break-words text-start [.text-message+&amp;]:mt-5\" dir=\"auto\" data-message-author-role=\"assistant\" data-message-id=\"b4871a3b-8d97-4bd5-9e52-52989dc4a866\" data-message-model-slug=\"gpt-4o-mini\">\n<div class=\"flex w-full flex-col gap-1 empty:hidden first:pt-[3px]\">\n<div class=\"markdown prose w-full break-words dark:prose-invert light\">\n<p>O banco Step-Up Bo Jungle em cinzento \u00e9 perfeito para crian\u00e7as pequenas, ajudando-as a aprender a usar o bacio e a chegar aos lavat\u00f3rios. \u00c9 seguro, leve e f\u00e1cil de deslocar, com um sistema de fecho seguro e p\u00e9s antiderrapantes. A altura ajust\u00e1vel (15 cm &#8211; 26 cm) cresce com o seu filho e pode suportar at\u00e9 150 kg. Com um design moderno e uma superf\u00edcie f\u00e1cil de limpar, \u00e9 o complemento perfeito para qualquer casa!   <\/p>\n<\/div>\n<\/div>\n<\/div>\n<\/div>\n<\/div>\n<\/div>\n<\/div>\n<\/div>\n<\/article>\n<\/div>\n<\/div>\n<\/div>\n<\/div>\n<\/div>\n","protected":false},"featured_media":69696,"comment_status":"closed","ping_status":"closed","template":"","meta":{"_lmt_disableupdate":"","_lmt_disable":""},"product_brand":[],"product_cat":[543,516],"product_tag":[],"woo-feed-brand":[],"class_list":{"0":"post-40860","1":"product","2":"type-product","3":"status-publish","4":"has-post-thumbnail","6":"product_cat-artigos-de-higiene-pessoal","7":"product_cat-tosquia","9":"first","10":"instock","11":"taxable","12":"shipping-taxable","13":"purchasable","14":"product-type-simple"},"_links":{"self":[{"href":"https:\/\/www.bojungle.eu\/pt-pt\/wp-json\/wp\/v2\/product\/40860","targetHints":{"allow":["GET"]}}],"collection":[{"href":"https:\/\/www.bojungle.eu\/pt-pt\/wp-json\/wp\/v2\/product"}],"about":[{"href":"https:\/\/www.bojungle.eu\/pt-pt\/wp-json\/wp\/v2\/types\/product"}],"replies":[{"embeddable":true,"href":"https:\/\/www.bojungle.eu\/pt-pt\/wp-json\/wp\/v2\/comments?post=40860"}],"version-history":[{"count":1,"href":"https:\/\/www.bojungle.eu\/pt-pt\/wp-json\/wp\/v2\/product\/40860\/revisions"}],"predecessor-version":[{"id":79031,"href":"https:\/\/www.bojungle.eu\/pt-pt\/wp-json\/wp\/v2\/product\/40860\/revisions\/79031"}],"wp:featuredmedia":[{"embeddable":true,"href":"https:\/\/www.bojungle.eu\/pt-pt\/wp-json\/wp\/v2\/media\/69696"}],"wp:attachment":[{"href":"https:\/\/www.bojungle.eu\/pt-pt\/wp-json\/wp\/v2\/media?parent=40860"}],"wp:term":[{"taxonomy":"product_brand","embeddable":true,"href":"https:\/\/www.bojungle.eu\/pt-pt\/wp-json\/wp\/v2\/product_brand?post=40860"},{"taxonomy":"product_cat","embeddable":true,"href":"https:\/\/www.bojungle.eu\/pt-pt\/wp-json\/wp\/v2\/product_cat?post=40860"},{"taxonomy":"product_tag","embeddable":true,"href":"https:\/\/www.bojungle.eu\/pt-pt\/wp-json\/wp\/v2\/product_tag?post=40860"},{"taxonomy":"woo-feed-brand","embeddable":true,"href":"https:\/\/www.bojungle.eu\/pt-pt\/wp-json\/wp\/v2\/woo-feed-brand?post=40860"}],"curies":[{"name":"wp","href":"https:\/\/api.w.org\/{rel}","templated":true}]}}