{"id":40930,"date":"2022-05-29T11:49:07","date_gmt":"2022-05-29T09:49:07","guid":{"rendered":"https:\/\/dev.authority.biz\/boj\/product\/conjunto-colher-b-soft-3-pcs-cinzento-branco-rosa\/"},"modified":"2025-07-25T09:39:51","modified_gmt":"2025-07-25T07:39:51","slug":"b-spoon-set-3-pcs-grey-white-pink","status":"publish","type":"product","link":"https:\/\/www.bojungle.eu\/pt-pt\/produto\/b-spoon-set-3-pcs-grey-white-pink\/","title":{"rendered":"Conjunto Colher B-Soft 3 pcs (Cinzento &#8211; Branco &#8211; Rosa)"},"content":{"rendered":"<ul>\n<li>A colher perfeita para as primeiras dentadas do seu beb\u00e9!<\/li>\n<li>Colher com pontas em silicone macio para proteger as gengivas sens\u00edveis do seu beb\u00e9<\/li>\n<li>Frente macia e plana para que mesmo os beb\u00e9s pequenos possam tirar a comida<\/li>\n<li>O cabo de pl\u00e1stico proporciona uma boa ader\u00eancia<\/li>\n<li>Lav\u00e1vel na m\u00e1quina de lavar lou\u00e7a<\/li>\n<li>Vendido num conjunto de 3 colheres em branco, rosa e cinzento<\/li>\n<\/ul>\n","protected":false},"excerpt":{"rendered":"<p>A colher perfeita para as primeiras dentadas do seu beb\u00e9!<\/p>\n","protected":false},"featured_media":56984,"comment_status":"closed","ping_status":"closed","template":"","meta":{"_lmt_disableupdate":"","_lmt_disable":""},"product_brand":[],"product_cat":[451,551],"product_tag":[],"woo-feed-brand":[],"class_list":{"0":"post-40930","1":"product","2":"type-product","3":"status-publish","4":"has-post-thumbnail","6":"product_cat-comida-e-bebida","7":"product_cat-hora-do-jantar","9":"first","10":"outofstock","11":"taxable","12":"shipping-taxable","13":"purchasable","14":"product-type-simple"},"_links":{"self":[{"href":"https:\/\/www.bojungle.eu\/pt-pt\/wp-json\/wp\/v2\/product\/40930","targetHints":{"allow":["GET"]}}],"collection":[{"href":"https:\/\/www.bojungle.eu\/pt-pt\/wp-json\/wp\/v2\/product"}],"about":[{"href":"https:\/\/www.bojungle.eu\/pt-pt\/wp-json\/wp\/v2\/types\/product"}],"replies":[{"embeddable":true,"href":"https:\/\/www.bojungle.eu\/pt-pt\/wp-json\/wp\/v2\/comments?post=40930"}],"version-history":[{"count":0,"href":"https:\/\/www.bojungle.eu\/pt-pt\/wp-json\/wp\/v2\/product\/40930\/revisions"}],"wp:featuredmedia":[{"embeddable":true,"href":"https:\/\/www.bojungle.eu\/pt-pt\/wp-json\/wp\/v2\/media\/56984"}],"wp:attachment":[{"href":"https:\/\/www.bojungle.eu\/pt-pt\/wp-json\/wp\/v2\/media?parent=40930"}],"wp:term":[{"taxonomy":"product_brand","embeddable":true,"href":"https:\/\/www.bojungle.eu\/pt-pt\/wp-json\/wp\/v2\/product_brand?post=40930"},{"taxonomy":"product_cat","embeddable":true,"href":"https:\/\/www.bojungle.eu\/pt-pt\/wp-json\/wp\/v2\/product_cat?post=40930"},{"taxonomy":"product_tag","embeddable":true,"href":"https:\/\/www.bojungle.eu\/pt-pt\/wp-json\/wp\/v2\/product_tag?post=40930"},{"taxonomy":"woo-feed-brand","embeddable":true,"href":"https:\/\/www.bojungle.eu\/pt-pt\/wp-json\/wp\/v2\/woo-feed-brand?post=40930"}],"curies":[{"name":"wp","href":"https:\/\/api.w.org\/{rel}","templated":true}]}}