{"id":40960,"date":"2022-05-29T11:49:07","date_gmt":"2022-05-29T09:49:07","guid":{"rendered":"https:\/\/dev.authority.biz\/boj\/product\/b-silicone-colher-fork-knife-set-blue\/"},"modified":"2025-05-14T11:39:39","modified_gmt":"2025-05-14T09:39:39","slug":"b-silicone-spoon-fork-knife-set-blue-2","status":"publish","type":"product","link":"https:\/\/www.bojungle.eu\/pt-pt\/produto\/b-silicone-spoon-fork-knife-set-blue-2\/","title":{"rendered":"Conjunto de colheres, garfos e facas de silicone Azul"},"content":{"rendered":"<p data-pm-slice=\"1 1 []\">Torne a hora das refei\u00e7\u00f5es divertida e segura com o nosso conjunto de silicone colher-garfo-faca, o conjunto de talheres para crian\u00e7as perfeito para m\u00e3os pequenas. Este conjunto encantador inclui uma colher, um garfo e uma faca, todos fabricados em borracha de silicone de qualidade alimentar. Concebidas para serem f\u00e1ceis de agarrar, as pegas ergon\u00f3micas t\u00eam um formato especial para os dedos mais pequenos, promovendo a auto-alimenta\u00e7\u00e3o e criando confian\u00e7a nos mais pequenos. O conjunto \u00e9 dur\u00e1vel, leve e suave para as gengivas sens\u00edveis, tornando-o a escolha ideal para beb\u00e9s e crian\u00e7as pequenas que est\u00e3o a aprender a comer de forma independente.   <\/p>\n<p>Caracter\u00edsticas principais:<\/p>\n<ul data-spread=\"false\">\n<li><strong>Design amigo das crian\u00e7as: <\/strong>Os cantos arredondados e macios e o material de silicone suave garantem uma utiliza\u00e7\u00e3o segura e confort\u00e1vel.<\/li>\n<li><strong>Pegas f\u00e1ceis de agarrar:<\/strong> Especialmente concebidas para se adaptarem a m\u00e3os pequenas, incentivando a auto-alimenta\u00e7\u00e3o.<\/li>\n<li><strong>Material de alta qualidade:<\/strong> Fabricado em silicone de qualidade alimentar, sem BPA, para maior seguran\u00e7a e durabilidade.<\/li>\n<li><strong>Cores vibrantes:<\/strong> Dispon\u00edvel em cores divertidas e l\u00fadicas que envolvem e encantam os pequenos comedores.<\/li>\n<li><strong>Pode ser lavado na m\u00e1quina de lavar lou\u00e7a: <\/strong>F\u00e1cil de limpar e manter para pais ocupados.<\/li>\n<\/ul>\n<p>Fa\u00e7a de cada dentada uma experi\u00eancia divertida com o conjunto colher-forquilha-faca de silicone, um conjunto de talheres para crian\u00e7as pr\u00e1tico e divertido, concebido para m\u00e3os pequenas e apetites em crescimento.<\/p>\n","protected":false},"excerpt":{"rendered":"<p>Torne a hora das refei\u00e7\u00f5es f\u00e1cil e divertida com o nosso conjunto de silicone colher-forquilha-faca &#8211; o conjunto ideal de talheres para crian\u00e7as, concebido para m\u00e3os pequenas. Fabricado em silicone de qualidade alimentar e sem BPA, este conjunto duradouro \u00e9 macio, seguro e f\u00e1cil de agarrar, ajudando os mais pequenos a aprender a comer de forma aut\u00f3noma. <\/p>\n","protected":false},"featured_media":72374,"comment_status":"closed","ping_status":"closed","template":"","meta":{"_lmt_disableupdate":"","_lmt_disable":""},"product_brand":[],"product_cat":[451,454,551],"product_tag":[],"woo-feed-brand":[],"class_list":{"0":"post-40960","1":"product","2":"type-product","3":"status-publish","4":"has-post-thumbnail","6":"product_cat-comida-e-bebida","7":"product_cat-gama-silicone","8":"product_cat-hora-do-jantar","10":"first","11":"instock","12":"taxable","13":"shipping-taxable","14":"purchasable","15":"product-type-simple"},"_links":{"self":[{"href":"https:\/\/www.bojungle.eu\/pt-pt\/wp-json\/wp\/v2\/product\/40960","targetHints":{"allow":["GET"]}}],"collection":[{"href":"https:\/\/www.bojungle.eu\/pt-pt\/wp-json\/wp\/v2\/product"}],"about":[{"href":"https:\/\/www.bojungle.eu\/pt-pt\/wp-json\/wp\/v2\/types\/product"}],"replies":[{"embeddable":true,"href":"https:\/\/www.bojungle.eu\/pt-pt\/wp-json\/wp\/v2\/comments?post=40960"}],"version-history":[{"count":1,"href":"https:\/\/www.bojungle.eu\/pt-pt\/wp-json\/wp\/v2\/product\/40960\/revisions"}],"predecessor-version":[{"id":79670,"href":"https:\/\/www.bojungle.eu\/pt-pt\/wp-json\/wp\/v2\/product\/40960\/revisions\/79670"}],"wp:featuredmedia":[{"embeddable":true,"href":"https:\/\/www.bojungle.eu\/pt-pt\/wp-json\/wp\/v2\/media\/72374"}],"wp:attachment":[{"href":"https:\/\/www.bojungle.eu\/pt-pt\/wp-json\/wp\/v2\/media?parent=40960"}],"wp:term":[{"taxonomy":"product_brand","embeddable":true,"href":"https:\/\/www.bojungle.eu\/pt-pt\/wp-json\/wp\/v2\/product_brand?post=40960"},{"taxonomy":"product_cat","embeddable":true,"href":"https:\/\/www.bojungle.eu\/pt-pt\/wp-json\/wp\/v2\/product_cat?post=40960"},{"taxonomy":"product_tag","embeddable":true,"href":"https:\/\/www.bojungle.eu\/pt-pt\/wp-json\/wp\/v2\/product_tag?post=40960"},{"taxonomy":"woo-feed-brand","embeddable":true,"href":"https:\/\/www.bojungle.eu\/pt-pt\/wp-json\/wp\/v2\/woo-feed-brand?post=40960"}],"curies":[{"name":"wp","href":"https:\/\/api.w.org\/{rel}","templated":true}]}}