{"id":40996,"date":"2022-05-29T11:49:07","date_gmt":"2022-05-29T09:49:07","guid":{"rendered":"https:\/\/dev.authority.biz\/boj\/product\/b-step-up-stool-blue\/"},"modified":"2025-03-18T13:53:39","modified_gmt":"2025-03-18T12:53:39","slug":"b-step-up-stool-azul","status":"publish","type":"product","link":"https:\/\/www.bojungle.eu\/pt-pt\/produto\/b-step-up-stool-azul\/","title":{"rendered":"B-Step up Stool Blue"},"content":{"rendered":"<p>O banco Step-Up Bo Jungle em azul \u00e9 perfeito para crian\u00e7as que est\u00e3o a aprender a usar o bacio ou que precisam de ajuda para chegar ao lava-loi\u00e7a. \u00c9 seguro, com um sistema de fecho seguro e p\u00e9s antiderrapantes para o manter est\u00e1vel durante a utiliza\u00e7\u00e3o. <\/p>\n<p>Este banco tem uma altura ajust\u00e1vel (15cm &#8211; 26cm), pelo que cresce com o seu filho. \u00c9 leve e inclui uma pega de transporte, o que facilita a sua desloca\u00e7\u00e3o. Al\u00e9m disso, \u00e9 f\u00e1cil de limpar, para que a sua casa se mantenha arrumada.  <\/p>\n<p>Com o seu design moderno e simples, o banco elevat\u00f3rio Bo Jungle fica bem em qualquer divis\u00e3o. Suporta at\u00e9 150 kg, pelo que \u00e9 suficientemente forte para toda a fam\u00edlia <\/p>\n<p>Seguro, pr\u00e1tico e elegante, o banco elevat\u00f3rio Bo Jungle \u00e9 indispens\u00e1vel em qualquer casa.<\/p>\n","protected":false},"excerpt":{"rendered":"<p>O banco elevat\u00f3rio Bo Jungle Step-Up em azul \u00e9 perfeito para os mais pequenos, ajudando-os a aprender a usar o bacio e a chegar aos lavat\u00f3rios. \u00c9 seguro, leve e f\u00e1cil de deslocar, com um sistema de fecho seguro e p\u00e9s antiderrapantes. A altura ajust\u00e1vel (15cm &#8211; 26cm) cresce com o seu filho e pode suportar at\u00e9 150 kg. Com um design moderno e uma superf\u00edcie f\u00e1cil de limpar, \u00e9 o complemento perfeito para qualquer casa!   <\/p>\n","protected":false},"featured_media":69756,"comment_status":"closed","ping_status":"closed","template":"","meta":{"_lmt_disableupdate":"","_lmt_disable":""},"product_brand":[],"product_cat":[543,516],"product_tag":[],"woo-feed-brand":[],"class_list":{"0":"post-40996","1":"product","2":"type-product","3":"status-publish","4":"has-post-thumbnail","6":"product_cat-artigos-de-higiene-pessoal","7":"product_cat-tosquia","9":"first","10":"outofstock","11":"taxable","12":"shipping-taxable","13":"purchasable","14":"product-type-simple"},"_links":{"self":[{"href":"https:\/\/www.bojungle.eu\/pt-pt\/wp-json\/wp\/v2\/product\/40996","targetHints":{"allow":["GET"]}}],"collection":[{"href":"https:\/\/www.bojungle.eu\/pt-pt\/wp-json\/wp\/v2\/product"}],"about":[{"href":"https:\/\/www.bojungle.eu\/pt-pt\/wp-json\/wp\/v2\/types\/product"}],"replies":[{"embeddable":true,"href":"https:\/\/www.bojungle.eu\/pt-pt\/wp-json\/wp\/v2\/comments?post=40996"}],"version-history":[{"count":1,"href":"https:\/\/www.bojungle.eu\/pt-pt\/wp-json\/wp\/v2\/product\/40996\/revisions"}],"predecessor-version":[{"id":79369,"href":"https:\/\/www.bojungle.eu\/pt-pt\/wp-json\/wp\/v2\/product\/40996\/revisions\/79369"}],"wp:featuredmedia":[{"embeddable":true,"href":"https:\/\/www.bojungle.eu\/pt-pt\/wp-json\/wp\/v2\/media\/69756"}],"wp:attachment":[{"href":"https:\/\/www.bojungle.eu\/pt-pt\/wp-json\/wp\/v2\/media?parent=40996"}],"wp:term":[{"taxonomy":"product_brand","embeddable":true,"href":"https:\/\/www.bojungle.eu\/pt-pt\/wp-json\/wp\/v2\/product_brand?post=40996"},{"taxonomy":"product_cat","embeddable":true,"href":"https:\/\/www.bojungle.eu\/pt-pt\/wp-json\/wp\/v2\/product_cat?post=40996"},{"taxonomy":"product_tag","embeddable":true,"href":"https:\/\/www.bojungle.eu\/pt-pt\/wp-json\/wp\/v2\/product_tag?post=40996"},{"taxonomy":"woo-feed-brand","embeddable":true,"href":"https:\/\/www.bojungle.eu\/pt-pt\/wp-json\/wp\/v2\/woo-feed-brand?post=40996"}],"curies":[{"name":"wp","href":"https:\/\/api.w.org\/{rel}","templated":true}]}}