{"id":41026,"date":"2022-05-29T11:49:06","date_gmt":"2022-05-29T09:49:06","guid":{"rendered":"https:\/\/dev.authority.biz\/boj\/product\/b-snooze-3-em-1-branco-cinzento\/"},"modified":"2024-02-12T12:51:05","modified_gmt":"2024-02-12T11:51:05","slug":"b-snooze-3-in-1-white-grey-2","status":"publish","type":"product","link":"https:\/\/www.bojungle.eu\/pt-pt\/produto\/b-snooze-3-in-1-white-grey-2\/","title":{"rendered":"B-Snooze 3 em 1 Branco\/Cinzento"},"content":{"rendered":"<p>O B-Snooze 3 em 1 Branco\/Cinzento foi concebido a pensar na versatilidade. Pode ser utilizada em tr\u00eas configura\u00e7\u00f5es diferentes, cada uma oferecendo um apoio adaptado a v\u00e1rias posi\u00e7\u00f5es e necessidades de sono.  Quer se trate de elevar suavemente a cabe\u00e7a do seu beb\u00e9, de embalar o seu corpo delicado ou de lhe oferecer apoio durante as viagens, esta almofada adapta-se sem esfor\u00e7o \u00e0s necessidades do seu beb\u00e9, que v\u00e3o mudando. Uma das caracter\u00edsticas de destaque da B-Snooze 3 em 1 \u00e9 o seu apoio de cabe\u00e7a ajust\u00e1vel, concebido para se adaptar ao crescimento e desenvolvimento do seu beb\u00e9. \u00c0 medida que o seu filho cresce, basta modificar o apoio para a cabe\u00e7a para garantir um conforto e um alinhamento \u00f3ptimos, promovendo h\u00e1bitos de sono saud\u00e1veis desde a inf\u00e2ncia at\u00e9 \u00e0 idade adulta. Concebida com materiais ventilados, esta cama de dormir promove o fluxo de ar e a respirabilidade, mantendo o seu beb\u00e9 fresco e confort\u00e1vel em todas as esta\u00e7\u00f5es. A utiliza\u00e7\u00e3o de tecidos respir\u00e1veis de primeira qualidade n\u00e3o s\u00f3 aumenta o conforto, como tamb\u00e9m d\u00e1 prioridade \u00e0 seguran\u00e7a, garantindo que o seu beb\u00e9 dorme profundamente sem sobreaquecer. A seguran\u00e7a \u00e9 primordial, e \u00e9 por isso que o B-Snooze 3 em 1 est\u00e1 equipado com aberturas para cintos de seguran\u00e7a, proporcionando um ajuste seguro e confort\u00e1vel durante as viagens ou durante a utiliza\u00e7\u00e3o num carrinho de beb\u00e9 ou numa cadeira auto. Al\u00e9m disso, a parte inferior \u00e9 resistente \u00e0 \u00e1gua, oferecendo uma prote\u00e7\u00e3o adicional contra acidentes com fraldas e derrames, para que possa ter a tranquilidade de saber que o ambiente de sono do seu beb\u00e9 permanece limpo e higi\u00e9nico.<\/p>\n<p>Melhore a experi\u00eancia de viagem e de sono do seu beb\u00e9 com o B-Snooze 3 em 1 Branco\/Cinza. Concebido para ser vers\u00e1til, confort\u00e1vel e seguro, \u00e9 o companheiro perfeito para a viagem do seu filho!<\/p>\n<ul>\n<li>Travesseiro universal que oferece apoio a todo o corpo do seu beb\u00e9<\/li>\n<li>As 3 partes tamb\u00e9m podem ser utilizadas individualmente<\/li>\n<li>O encosto de cabe\u00e7a pode ser ajustado \u00e0 medida que o beb\u00e9 cresce<\/li>\n<li>As subst\u00e2ncias ventilantes oferecem mais conforto e seguran\u00e7a em todas as esta\u00e7\u00f5es<\/li>\n<li>Com aberturas para os cintos de seguran\u00e7a<\/li>\n<li>A parte inferior \u00e9 resistente \u00e0 \u00e1gua, para oferecer protec\u00e7\u00e3o contra acidentes com diper<\/li>\n<\/ul>\n","protected":false},"excerpt":{"rendered":"<p>Descubra o B-Snooze 3 em 1 Branco\/Cinza, a solu\u00e7\u00e3o definitiva para o conforto e a seguran\u00e7a do seu beb\u00e9 durante o sono e as viagens. Esta inovadora almofada universal foi meticulosamente concebida para proporcionar um apoio abrangente a todo o corpo do seu filho, garantindo sempre um descanso confort\u00e1vel e seguro.<\/p>\n","protected":false},"featured_media":56942,"comment_status":"closed","ping_status":"closed","template":"","meta":{"_lmt_disableupdate":"","_lmt_disable":""},"product_brand":[],"product_cat":[634,633],"product_tag":[],"woo-feed-brand":[],"class_list":{"0":"post-41026","1":"product","2":"type-product","3":"status-publish","4":"has-post-thumbnail","6":"product_cat-acessorios-para-o-exterior","7":"product_cat-ao-ar-livre","9":"first","10":"instock","11":"taxable","12":"shipping-taxable","13":"purchasable","14":"product-type-simple"},"_links":{"self":[{"href":"https:\/\/www.bojungle.eu\/pt-pt\/wp-json\/wp\/v2\/product\/41026","targetHints":{"allow":["GET"]}}],"collection":[{"href":"https:\/\/www.bojungle.eu\/pt-pt\/wp-json\/wp\/v2\/product"}],"about":[{"href":"https:\/\/www.bojungle.eu\/pt-pt\/wp-json\/wp\/v2\/types\/product"}],"replies":[{"embeddable":true,"href":"https:\/\/www.bojungle.eu\/pt-pt\/wp-json\/wp\/v2\/comments?post=41026"}],"version-history":[{"count":1,"href":"https:\/\/www.bojungle.eu\/pt-pt\/wp-json\/wp\/v2\/product\/41026\/revisions"}],"predecessor-version":[{"id":65857,"href":"https:\/\/www.bojungle.eu\/pt-pt\/wp-json\/wp\/v2\/product\/41026\/revisions\/65857"}],"wp:featuredmedia":[{"embeddable":true,"href":"https:\/\/www.bojungle.eu\/pt-pt\/wp-json\/wp\/v2\/media\/56942"}],"wp:attachment":[{"href":"https:\/\/www.bojungle.eu\/pt-pt\/wp-json\/wp\/v2\/media?parent=41026"}],"wp:term":[{"taxonomy":"product_brand","embeddable":true,"href":"https:\/\/www.bojungle.eu\/pt-pt\/wp-json\/wp\/v2\/product_brand?post=41026"},{"taxonomy":"product_cat","embeddable":true,"href":"https:\/\/www.bojungle.eu\/pt-pt\/wp-json\/wp\/v2\/product_cat?post=41026"},{"taxonomy":"product_tag","embeddable":true,"href":"https:\/\/www.bojungle.eu\/pt-pt\/wp-json\/wp\/v2\/product_tag?post=41026"},{"taxonomy":"woo-feed-brand","embeddable":true,"href":"https:\/\/www.bojungle.eu\/pt-pt\/wp-json\/wp\/v2\/woo-feed-brand?post=41026"}],"curies":[{"name":"wp","href":"https:\/\/api.w.org\/{rel}","templated":true}]}}