{"id":41118,"date":"2022-05-29T11:46:49","date_gmt":"2022-05-29T11:46:49","guid":{"rendered":"https:\/\/dev.authority.biz\/boj\/product\/pacotes-de-gel-b-secure-hot-cold\/"},"modified":"2024-02-14T11:49:46","modified_gmt":"2024-02-14T10:49:46","slug":"b-secure-hot-cold-gel-packs","status":"publish","type":"product","link":"https:\/\/www.bojungle.eu\/pt-pt\/produto\/b-secure-hot-cold-gel-packs\/","title":{"rendered":"Pacotes de gel B-Secure Hot &amp; Cold"},"content":{"rendered":"<ul>\n<li>Estas personagens ador\u00e1veis podem ser arrefecidas para aliviar a dor ap\u00f3s um pequeno acidente ou para reduzir uma febre ou incha\u00e7o ap\u00f3s uma picada de insecto.<\/li>\n<li>Tamb\u00e9m podem ser aquecidos para aliviar, por exemplo, a dor muscular.<\/li>\n<li>Os Pacotes de Gel B-Secure Hot &amp; Cold cumprem todas as normas europeias e n\u00e3o cont\u00eam quaisquer subst\u00e2ncias nocivas, tais como ftalatos.<\/li>\n<li>Cada animal \u00e9 vendido individualmente<\/li>\n<\/ul>\n","protected":false},"excerpt":{"rendered":"<div class=\"flex-1 overflow-hidden\">\n<div class=\"react-scroll-to-bottom--css-gdsgq-79elbk h-full\">\n<div class=\"react-scroll-to-bottom--css-gdsgq-1n7m0yu\">\n<div class=\"flex flex-col pb-9 text-sm\">\n<div class=\"w-full text-token-text-primary\" data-testid=\"conversation-turn-3\">\n<div class=\"px-4 py-2 justify-center text-base md:gap-6 m-auto\">\n<div class=\"flex flex-1 text-base mx-auto gap-3 md:px-5 lg:px-1 xl:px-5 md:max-w-3xl lg:max-w-[40rem] xl:max-w-[48rem] group final-completion\">\n<div class=\"relative flex w-full flex-col agent-turn\">\n<div class=\"flex-col gap-1 md:gap-3\">\n<div class=\"flex flex-grow flex-col max-w-full\">\n<div class=\"min-h-[20px] text-message flex flex-col items-start gap-3 whitespace-pre-wrap break-words [.text-message+&amp;]:mt-5 overflow-x-auto\" data-message-author-role=\"assistant\" data-message-id=\"d656732c-ab35-47f6-9aef-4e9b6f585ad8\">\n<div class=\"markdown prose w-full break-words dark:prose-invert light\">\n<p>Obtenha os seus Packs de Gel Quente e Frio B-Secure com formas de animais &#8211; os seus ador\u00e1veis companheiros para um al\u00edvio r\u00e1pido! Estas simp\u00e1ticas personagens foram concebidas para aliviar o desconforto com uma dupla funcionalidade. Precisa de arrefecer depois de um pequeno percal\u00e7o ou aliviar o incha\u00e7o? Basta arrefecer estes packs. Est\u00e1 a lidar com dores musculares? Aque\u00e7a-os para um calor reconfortante. Fique descansado sabendo que cumprem as rigorosas normas europeias e n\u00e3o cont\u00eam subst\u00e2ncias nocivas como os ftalatos. Adquira j\u00e1 o seu e deixe que estes ador\u00e1veis animais lhe tragam conforto sempre que precisar. Cada embalagem \u00e9 vendida individualmente para sua conveni\u00eancia.        <\/p>\n<\/div>\n<\/div>\n<\/div>\n<\/div>\n<\/div>\n<\/div>\n<\/div>\n<\/div>\n<\/div>\n<\/div>\n<\/div>\n<\/div>\n<div class=\"w-full pt-2 md:pt-0 dark:border-white\/20 md:border-transparent md:dark:border-transparent md:w-[calc(100%-.5rem)]\">\n<form class=\"stretch mx-2 flex flex-row gap-3 last:mb-2 md:mx-4 md:last:mb-6 lg:mx-auto lg:max-w-2xl xl:max-w-3xl\">\n<div class=\"relative flex h-full flex-1 items-stretch md:flex-col\">\n<div class=\"flex w-full items-center\"><\/div>\n<\/div>\n<\/form>\n<\/div>\n","protected":false},"featured_media":44470,"comment_status":"closed","ping_status":"closed","template":"","meta":{"_lmt_disableupdate":"","_lmt_disable":""},"product_brand":[],"product_cat":[595,516],"product_tag":[],"woo-feed-brand":[],"class_list":{"0":"post-41118","1":"product","2":"type-product","3":"status-publish","4":"has-post-thumbnail","6":"product_cat-a-beleza-e-a-saude-do-bebe","7":"product_cat-tosquia","9":"first","10":"instock","11":"taxable","12":"shipping-taxable","13":"purchasable","14":"product-type-variable"},"_links":{"self":[{"href":"https:\/\/www.bojungle.eu\/pt-pt\/wp-json\/wp\/v2\/product\/41118","targetHints":{"allow":["GET"]}}],"collection":[{"href":"https:\/\/www.bojungle.eu\/pt-pt\/wp-json\/wp\/v2\/product"}],"about":[{"href":"https:\/\/www.bojungle.eu\/pt-pt\/wp-json\/wp\/v2\/types\/product"}],"replies":[{"embeddable":true,"href":"https:\/\/www.bojungle.eu\/pt-pt\/wp-json\/wp\/v2\/comments?post=41118"}],"version-history":[{"count":1,"href":"https:\/\/www.bojungle.eu\/pt-pt\/wp-json\/wp\/v2\/product\/41118\/revisions"}],"predecessor-version":[{"id":66295,"href":"https:\/\/www.bojungle.eu\/pt-pt\/wp-json\/wp\/v2\/product\/41118\/revisions\/66295"}],"wp:featuredmedia":[{"embeddable":true,"href":"https:\/\/www.bojungle.eu\/pt-pt\/wp-json\/wp\/v2\/media\/44470"}],"wp:attachment":[{"href":"https:\/\/www.bojungle.eu\/pt-pt\/wp-json\/wp\/v2\/media?parent=41118"}],"wp:term":[{"taxonomy":"product_brand","embeddable":true,"href":"https:\/\/www.bojungle.eu\/pt-pt\/wp-json\/wp\/v2\/product_brand?post=41118"},{"taxonomy":"product_cat","embeddable":true,"href":"https:\/\/www.bojungle.eu\/pt-pt\/wp-json\/wp\/v2\/product_cat?post=41118"},{"taxonomy":"product_tag","embeddable":true,"href":"https:\/\/www.bojungle.eu\/pt-pt\/wp-json\/wp\/v2\/product_tag?post=41118"},{"taxonomy":"woo-feed-brand","embeddable":true,"href":"https:\/\/www.bojungle.eu\/pt-pt\/wp-json\/wp\/v2\/woo-feed-brand?post=41118"}],"curies":[{"name":"wp","href":"https:\/\/api.w.org\/{rel}","templated":true}]}}