{"id":41133,"date":"2022-05-29T11:46:49","date_gmt":"2022-05-29T09:46:49","guid":{"rendered":"https:\/\/dev.authority.biz\/boj\/product\/b-rocket-silicone-vermelho\/"},"modified":"2025-07-25T09:39:55","modified_gmt":"2025-07-25T07:39:55","slug":"b-rocket-silicone-pink-2","status":"publish","type":"product","link":"https:\/\/www.bojungle.eu\/pt-pt\/produto\/b-rocket-silicone-pink-2\/","title":{"rendered":"B-Rocket Silicone Vermelho"},"content":{"rendered":"<ul>\n<li>A nossa raquete de silicone estimula tanto as picadas como os sentidos. Assegura que a dor e o desconforto da passagem dos dentes s\u00e3o suavizados a tal ponto e tamb\u00e9m estimula os l\u00e1bios e a l\u00edngua devido \u00e0s suas diferentes superf\u00edcies de mordedura. Os dentes s\u00e3o massajados e tamb\u00e9m amolece as gengivas. Ideal para m\u00e3os pequenas e dentes que se aproximam!<\/li>\n<li>F\u00e1cil de manter, lav\u00e1vel \u00e0 m\u00e1quina<\/li>\n<li>Feito em silicone<\/li>\n<\/ul>\n","protected":false},"excerpt":{"rendered":"<p>A nossa raquete de silicone estimula tanto as picadas como os sentidos. Assegura que a dor e o desconforto da passagem dos dentes s\u00e3o suavizados a tal ponto e tamb\u00e9m estimula os l\u00e1bios e a l\u00edngua devido \u00e0s suas diferentes superf\u00edcies de mordedura. Os dentes s\u00e3o massajados e tamb\u00e9m amolece as gengivas. Ideal para m\u00e3os pequenas e dentes que se aproximam!<\/p>\n","protected":false},"featured_media":73159,"comment_status":"closed","ping_status":"closed","template":"","meta":{"_lmt_disableupdate":"","_lmt_disable":""},"product_brand":[],"product_cat":[601,500,477],"product_tag":[],"woo-feed-brand":[],"class_list":{"0":"post-41133","1":"product","2":"type-product","3":"status-publish","4":"has-post-thumbnail","6":"product_cat-brinquedos-de-teether","7":"product_cat-brinquedos-em-silicone","8":"product_cat-hora-de-brincar","10":"first","11":"instock","12":"taxable","13":"shipping-taxable","14":"purchasable","15":"product-type-simple"},"_links":{"self":[{"href":"https:\/\/www.bojungle.eu\/pt-pt\/wp-json\/wp\/v2\/product\/41133","targetHints":{"allow":["GET"]}}],"collection":[{"href":"https:\/\/www.bojungle.eu\/pt-pt\/wp-json\/wp\/v2\/product"}],"about":[{"href":"https:\/\/www.bojungle.eu\/pt-pt\/wp-json\/wp\/v2\/types\/product"}],"replies":[{"embeddable":true,"href":"https:\/\/www.bojungle.eu\/pt-pt\/wp-json\/wp\/v2\/comments?post=41133"}],"version-history":[{"count":0,"href":"https:\/\/www.bojungle.eu\/pt-pt\/wp-json\/wp\/v2\/product\/41133\/revisions"}],"wp:featuredmedia":[{"embeddable":true,"href":"https:\/\/www.bojungle.eu\/pt-pt\/wp-json\/wp\/v2\/media\/73159"}],"wp:attachment":[{"href":"https:\/\/www.bojungle.eu\/pt-pt\/wp-json\/wp\/v2\/media?parent=41133"}],"wp:term":[{"taxonomy":"product_brand","embeddable":true,"href":"https:\/\/www.bojungle.eu\/pt-pt\/wp-json\/wp\/v2\/product_brand?post=41133"},{"taxonomy":"product_cat","embeddable":true,"href":"https:\/\/www.bojungle.eu\/pt-pt\/wp-json\/wp\/v2\/product_cat?post=41133"},{"taxonomy":"product_tag","embeddable":true,"href":"https:\/\/www.bojungle.eu\/pt-pt\/wp-json\/wp\/v2\/product_tag?post=41133"},{"taxonomy":"woo-feed-brand","embeddable":true,"href":"https:\/\/www.bojungle.eu\/pt-pt\/wp-json\/wp\/v2\/woo-feed-brand?post=41133"}],"curies":[{"name":"wp","href":"https:\/\/api.w.org\/{rel}","templated":true}]}}