{"id":41137,"date":"2022-05-29T11:46:40","date_gmt":"2022-05-29T09:46:40","guid":{"rendered":"https:\/\/dev.authority.biz\/boj\/product\/b-rocker-grey-0-18kg\/"},"modified":"2025-07-25T09:39:55","modified_gmt":"2025-07-25T07:39:55","slug":"b-rocker-grey-0-18kg-2","status":"publish","type":"product","link":"https:\/\/www.bojungle.eu\/pt-pt\/produto\/b-rocker-grey-0-18kg-2\/","title":{"rendered":"B-Rocker Grey (0 &#8211; 18kg)"},"content":{"rendered":"<ul>\n<li>Um lugar de beb\u00e9 para crian\u00e7a!<\/li>\n<li>Assento numa combina\u00e7\u00e3o de velboa de luxo ultra-suave e tecidos respir\u00e1veis<\/li>\n<li>Duas formas de utiliza\u00e7\u00e3o: como balancim ou numa posi\u00e7\u00e3o est\u00e1vel e fixa<\/li>\n<li>Encosto regul\u00e1vel em 3 posi\u00e7\u00f5es<\/li>\n<li>Fun\u00e7\u00e3o vibra\u00e7\u00e3o (funciona com 2 pilhas AA, n\u00e3o inclu\u00eddas)<\/li>\n<li>At\u00e9 18 kg! (+-5 anos)<\/li>\n<li>Tecidos amov\u00edveis e lav\u00e1veis \u00e0 m\u00e1quina<\/li>\n<li>Tubos robustos e de luxo em alum\u00ednio com revestimento em p\u00f3<\/li>\n<li>Arn\u00eas de seguran\u00e7a de 5 pontos<\/li>\n<li>Barra de brinquedos facilmente desmont\u00e1vel &amp; ajust\u00e1vel com 2 brinquedos<\/li>\n<li>Desenho facilmente dobr\u00e1vel para armazenamento e transporte<\/li>\n<\/ul>\n","protected":false},"excerpt":{"rendered":"<p>Um lugar de beb\u00e9 para crian\u00e7a! Assento numa combina\u00e7\u00e3o de velboa luxuoso ultra-suave e tecidos respir\u00e1veis,Duas maneiras de usar: como balancim ou numa posi\u00e7\u00e3o est\u00e1vel,fixa<\/p>\n","protected":false},"featured_media":71749,"comment_status":"closed","ping_status":"closed","template":"","meta":{"_lmt_disableupdate":"","_lmt_disable":""},"product_brand":[],"product_cat":[540],"product_tag":[],"woo-feed-brand":[],"class_list":{"0":"post-41137","1":"product","2":"type-product","3":"status-publish","4":"has-post-thumbnail","6":"product_cat-baloicos-e-roqueiros","8":"first","9":"instock","10":"taxable","11":"shipping-taxable","12":"purchasable","13":"product-type-simple"},"_links":{"self":[{"href":"https:\/\/www.bojungle.eu\/pt-pt\/wp-json\/wp\/v2\/product\/41137","targetHints":{"allow":["GET"]}}],"collection":[{"href":"https:\/\/www.bojungle.eu\/pt-pt\/wp-json\/wp\/v2\/product"}],"about":[{"href":"https:\/\/www.bojungle.eu\/pt-pt\/wp-json\/wp\/v2\/types\/product"}],"replies":[{"embeddable":true,"href":"https:\/\/www.bojungle.eu\/pt-pt\/wp-json\/wp\/v2\/comments?post=41137"}],"version-history":[{"count":0,"href":"https:\/\/www.bojungle.eu\/pt-pt\/wp-json\/wp\/v2\/product\/41137\/revisions"}],"wp:featuredmedia":[{"embeddable":true,"href":"https:\/\/www.bojungle.eu\/pt-pt\/wp-json\/wp\/v2\/media\/71749"}],"wp:attachment":[{"href":"https:\/\/www.bojungle.eu\/pt-pt\/wp-json\/wp\/v2\/media?parent=41137"}],"wp:term":[{"taxonomy":"product_brand","embeddable":true,"href":"https:\/\/www.bojungle.eu\/pt-pt\/wp-json\/wp\/v2\/product_brand?post=41137"},{"taxonomy":"product_cat","embeddable":true,"href":"https:\/\/www.bojungle.eu\/pt-pt\/wp-json\/wp\/v2\/product_cat?post=41137"},{"taxonomy":"product_tag","embeddable":true,"href":"https:\/\/www.bojungle.eu\/pt-pt\/wp-json\/wp\/v2\/product_tag?post=41137"},{"taxonomy":"woo-feed-brand","embeddable":true,"href":"https:\/\/www.bojungle.eu\/pt-pt\/wp-json\/wp\/v2\/woo-feed-brand?post=41137"}],"curies":[{"name":"wp","href":"https:\/\/api.w.org\/{rel}","templated":true}]}}