{"id":41212,"date":"2022-05-29T11:46:13","date_gmt":"2022-05-29T09:46:13","guid":{"rendered":"https:\/\/dev.authority.biz\/boj\/product\/b-powder-mixer-grey\/"},"modified":"2025-07-10T15:44:41","modified_gmt":"2025-07-10T13:44:41","slug":"b-powder-mixer-grey-2","status":"publish","type":"product","link":"https:\/\/www.bojungle.eu\/pt-pt\/produto\/b-powder-mixer-grey-2\/","title":{"rendered":"B-Powder Mixer Grey"},"content":{"rendered":"\t\t<div data-elementor-type=\"product-post\" data-elementor-id=\"41212\" class=\"elementor elementor-41212 elementor-22995\" data-elementor-post-type=\"product\">\n\t\t\t\t<div class=\"elementor-element elementor-element-e240817 e-flex e-con-boxed rael-particle-no e-con e-parent\" data-id=\"e240817\" data-element_type=\"container\" data-e-type=\"container\" data-settings=\"{&quot;rae_animations_entrance&quot;:&quot;none&quot;}\">\n\t\t\t\t\t<div class=\"e-con-inner\">\n\t\t\t\t<div class=\"elementor-element elementor-element-70f0e18c elementor-widget elementor-widget-text-editor\" data-id=\"70f0e18c\" data-element_type=\"widget\" data-e-type=\"widget\" data-widget_type=\"text-editor.default\">\n\t\t\t\t<div class=\"elementor-widget-container\">\n\t\t\t\t\t\t\t\t\t<ul><li>Prepare a sua comida de beb\u00e9 sem grumos em pouco tempo com a nossa B-Powder Mixer!<\/li><li>Tamanho compacto: f\u00e1cil de manusear, f\u00e1cil de usar<\/li><li>O batedor n\u00e3o danificar\u00e1 os utens\u00edlios de cozinha ou as tigelas<\/li><li>F\u00e1cil de limpar com um pano h\u00famido<\/li><li>Funciona com pilhas: 2 x pilhas AA (n\u00e3o inclu\u00eddas)<\/li><li>Tamanho : 40 x 215mm<\/li><\/ul>\t\t\t\t\t\t\t\t<\/div>\n\t\t\t\t<\/div>\n\t\t\t\t\t<\/div>\n\t\t\t\t<\/div>\n\t\t\t\t<\/div>\n\t\t","protected":false},"excerpt":{"rendered":"<p style=\"font-weight: 400;\">Prepare a sua comida de beb\u00e9 sem grumos em pouco tempo com a nossa B-Powder Mixer!<\/p>\n","protected":false},"featured_media":73960,"comment_status":"closed","ping_status":"closed","template":"","meta":{"_lmt_disableupdate":"","_lmt_disable":""},"product_brand":[],"product_cat":[451,457],"product_tag":[],"woo-feed-brand":[],"class_list":{"0":"post-41212","1":"product","2":"type-product","3":"status-publish","4":"has-post-thumbnail","6":"product_cat-comida-e-bebida","7":"product_cat-preparativos-de-refeicoes","9":"first","10":"instock","11":"taxable","12":"shipping-taxable","13":"purchasable","14":"product-type-simple"},"_links":{"self":[{"href":"https:\/\/www.bojungle.eu\/pt-pt\/wp-json\/wp\/v2\/product\/41212","targetHints":{"allow":["GET"]}}],"collection":[{"href":"https:\/\/www.bojungle.eu\/pt-pt\/wp-json\/wp\/v2\/product"}],"about":[{"href":"https:\/\/www.bojungle.eu\/pt-pt\/wp-json\/wp\/v2\/types\/product"}],"replies":[{"embeddable":true,"href":"https:\/\/www.bojungle.eu\/pt-pt\/wp-json\/wp\/v2\/comments?post=41212"}],"version-history":[{"count":2,"href":"https:\/\/www.bojungle.eu\/pt-pt\/wp-json\/wp\/v2\/product\/41212\/revisions"}],"predecessor-version":[{"id":80687,"href":"https:\/\/www.bojungle.eu\/pt-pt\/wp-json\/wp\/v2\/product\/41212\/revisions\/80687"}],"wp:featuredmedia":[{"embeddable":true,"href":"https:\/\/www.bojungle.eu\/pt-pt\/wp-json\/wp\/v2\/media\/73960"}],"wp:attachment":[{"href":"https:\/\/www.bojungle.eu\/pt-pt\/wp-json\/wp\/v2\/media?parent=41212"}],"wp:term":[{"taxonomy":"product_brand","embeddable":true,"href":"https:\/\/www.bojungle.eu\/pt-pt\/wp-json\/wp\/v2\/product_brand?post=41212"},{"taxonomy":"product_cat","embeddable":true,"href":"https:\/\/www.bojungle.eu\/pt-pt\/wp-json\/wp\/v2\/product_cat?post=41212"},{"taxonomy":"product_tag","embeddable":true,"href":"https:\/\/www.bojungle.eu\/pt-pt\/wp-json\/wp\/v2\/product_tag?post=41212"},{"taxonomy":"woo-feed-brand","embeddable":true,"href":"https:\/\/www.bojungle.eu\/pt-pt\/wp-json\/wp\/v2\/woo-feed-brand?post=41212"}],"curies":[{"name":"wp","href":"https:\/\/api.w.org\/{rel}","templated":true}]}}