{"id":41276,"date":"2022-05-29T11:42:35","date_gmt":"2022-05-29T09:42:35","guid":{"rendered":"https:\/\/dev.authority.biz\/boj\/product\/b-portable-changing-pad\/"},"modified":"2025-07-25T09:39:57","modified_gmt":"2025-07-25T07:39:57","slug":"b-portable-changing-pad-2","status":"publish","type":"product","link":"https:\/\/www.bojungle.eu\/pt-pt\/produto\/b-portable-changing-pad-2\/","title":{"rendered":"B-Portable Changing Pad"},"content":{"rendered":"<ul>\n<li>B-Mini Almofada de troca<\/li>\n<li>Com espuma de mem\u00f3ria!<\/li>\n<li>Muito confort\u00e1vel e macio para o beb\u00e9: cont\u00e9m espuma de mem\u00f3ria!<\/li>\n<li>Superf\u00edcie muito higi\u00e9nica e facilmente limp\u00e1vel<\/li>\n<li>Desenho extra longo<\/li>\n<li>Compartimentos de armazenamento amov\u00edveis para fraldas, len\u00e7os h\u00famidos, etc.<\/li>\n<li>Fixa a carrinhos de beb\u00e9, sacos de fraldas, etc., com o sistema de clipes<\/li>\n<li>almofada de espuma 100% poliuretano<\/li>\n<\/ul>\n","protected":false},"excerpt":{"rendered":"<p>Muito confort\u00e1vel e macio para o beb\u00e9: cont\u00e9m espuma de mem\u00f3ria!<\/p>\n","protected":false},"featured_media":75427,"comment_status":"closed","ping_status":"closed","template":"","meta":{"_lmt_disableupdate":"","_lmt_disable":""},"product_brand":[],"product_cat":[595,634,633,516],"product_tag":[],"woo-feed-brand":[],"class_list":{"0":"post-41276","1":"product","2":"type-product","3":"status-publish","4":"has-post-thumbnail","6":"product_cat-a-beleza-e-a-saude-do-bebe","7":"product_cat-acessorios-para-o-exterior","8":"product_cat-ao-ar-livre","9":"product_cat-tosquia","11":"first","12":"outofstock","13":"taxable","14":"shipping-taxable","15":"purchasable","16":"product-type-simple"},"_links":{"self":[{"href":"https:\/\/www.bojungle.eu\/pt-pt\/wp-json\/wp\/v2\/product\/41276","targetHints":{"allow":["GET"]}}],"collection":[{"href":"https:\/\/www.bojungle.eu\/pt-pt\/wp-json\/wp\/v2\/product"}],"about":[{"href":"https:\/\/www.bojungle.eu\/pt-pt\/wp-json\/wp\/v2\/types\/product"}],"replies":[{"embeddable":true,"href":"https:\/\/www.bojungle.eu\/pt-pt\/wp-json\/wp\/v2\/comments?post=41276"}],"version-history":[{"count":0,"href":"https:\/\/www.bojungle.eu\/pt-pt\/wp-json\/wp\/v2\/product\/41276\/revisions"}],"wp:featuredmedia":[{"embeddable":true,"href":"https:\/\/www.bojungle.eu\/pt-pt\/wp-json\/wp\/v2\/media\/75427"}],"wp:attachment":[{"href":"https:\/\/www.bojungle.eu\/pt-pt\/wp-json\/wp\/v2\/media?parent=41276"}],"wp:term":[{"taxonomy":"product_brand","embeddable":true,"href":"https:\/\/www.bojungle.eu\/pt-pt\/wp-json\/wp\/v2\/product_brand?post=41276"},{"taxonomy":"product_cat","embeddable":true,"href":"https:\/\/www.bojungle.eu\/pt-pt\/wp-json\/wp\/v2\/product_cat?post=41276"},{"taxonomy":"product_tag","embeddable":true,"href":"https:\/\/www.bojungle.eu\/pt-pt\/wp-json\/wp\/v2\/product_tag?post=41276"},{"taxonomy":"woo-feed-brand","embeddable":true,"href":"https:\/\/www.bojungle.eu\/pt-pt\/wp-json\/wp\/v2\/woo-feed-brand?post=41276"}],"curies":[{"name":"wp","href":"https:\/\/api.w.org\/{rel}","templated":true}]}}