{"id":41316,"date":"2022-05-29T11:37:24","date_gmt":"2022-05-29T09:37:24","guid":{"rendered":"https:\/\/dev.authority.biz\/boj\/product\/brinquedo-b-plush-kenzi-o-leao\/"},"modified":"2025-07-25T09:39:59","modified_gmt":"2025-07-25T07:39:59","slug":"b-plush-toy-kenzi-the-lion-2","status":"publish","type":"product","link":"https:\/\/www.bojungle.eu\/pt-pt\/produto\/b-plush-toy-kenzi-the-lion-2\/","title":{"rendered":"Brinquedo B-Plush Kenzi o Le\u00e3o"},"content":{"rendered":"<ul>\n<li>Lindo le\u00e3o de peluche em tecido super macio de felpa<\/li>\n<li>F\u00e1cil de manter, lav\u00e1vel \u00e0 m\u00e1quina<\/li>\n<li>Dimens\u00f5es: +-30 cm<\/li>\n<\/ul>\n","protected":false},"excerpt":{"rendered":"<p>Lindo le\u00e3o de peluche em tecido super macio de felpa<\/p>\n","protected":false},"featured_media":55912,"comment_status":"closed","ping_status":"closed","template":"","meta":{"_lmt_disableupdate":"","_lmt_disable":""},"product_brand":[],"product_cat":[479,477],"product_tag":[],"woo-feed-brand":[],"class_list":{"0":"post-41316","1":"product","2":"type-product","3":"status-publish","4":"has-post-thumbnail","6":"product_cat-brinquedos-de-pelucia","7":"product_cat-hora-de-brincar","9":"first","10":"instock","11":"taxable","12":"shipping-taxable","13":"purchasable","14":"product-type-simple"},"_links":{"self":[{"href":"https:\/\/www.bojungle.eu\/pt-pt\/wp-json\/wp\/v2\/product\/41316","targetHints":{"allow":["GET"]}}],"collection":[{"href":"https:\/\/www.bojungle.eu\/pt-pt\/wp-json\/wp\/v2\/product"}],"about":[{"href":"https:\/\/www.bojungle.eu\/pt-pt\/wp-json\/wp\/v2\/types\/product"}],"replies":[{"embeddable":true,"href":"https:\/\/www.bojungle.eu\/pt-pt\/wp-json\/wp\/v2\/comments?post=41316"}],"version-history":[{"count":0,"href":"https:\/\/www.bojungle.eu\/pt-pt\/wp-json\/wp\/v2\/product\/41316\/revisions"}],"wp:featuredmedia":[{"embeddable":true,"href":"https:\/\/www.bojungle.eu\/pt-pt\/wp-json\/wp\/v2\/media\/55912"}],"wp:attachment":[{"href":"https:\/\/www.bojungle.eu\/pt-pt\/wp-json\/wp\/v2\/media?parent=41316"}],"wp:term":[{"taxonomy":"product_brand","embeddable":true,"href":"https:\/\/www.bojungle.eu\/pt-pt\/wp-json\/wp\/v2\/product_brand?post=41316"},{"taxonomy":"product_cat","embeddable":true,"href":"https:\/\/www.bojungle.eu\/pt-pt\/wp-json\/wp\/v2\/product_cat?post=41316"},{"taxonomy":"product_tag","embeddable":true,"href":"https:\/\/www.bojungle.eu\/pt-pt\/wp-json\/wp\/v2\/product_tag?post=41316"},{"taxonomy":"woo-feed-brand","embeddable":true,"href":"https:\/\/www.bojungle.eu\/pt-pt\/wp-json\/wp\/v2\/woo-feed-brand?post=41316"}],"curies":[{"name":"wp","href":"https:\/\/api.w.org\/{rel}","templated":true}]}}