{"id":41575,"date":"2022-05-29T11:29:48","date_gmt":"2022-05-29T09:29:48","guid":{"rendered":"https:\/\/dev.authority.biz\/boj\/product\/b-nightlight\/"},"modified":"2025-05-14T15:06:23","modified_gmt":"2025-05-14T13:06:23","slug":"b-nightlight-2","status":"publish","type":"product","link":"https:\/\/www.bojungle.eu\/pt-pt\/produto\/b-nightlight-2\/","title":{"rendered":"B-Nightlight"},"content":{"rendered":"<ul>\n<li>Luz LED de longa dura\u00e7\u00e3o e eficiente em termos energ\u00e9ticos<\/li>\n<li>At\u00e9 10.000 horas de trabalho!<\/li>\n<li>Duas op\u00e7\u00f5es: sensor autom\u00e1tico dia\/noite ou bot\u00e3o manual para ligar\/desligar<\/li>\n<li>Caracter\u00edstica \u00fanica: o dispositivo adapta automaticamente a luminosidade \u00e0 escurid\u00e3o da divis\u00e3o; quanto mais escura for a divis\u00e3o, mais brilhante ser\u00e1 a luz!<\/li>\n<\/ul>\n<p>&nbsp;<\/p>\n<table border=\"1\">\n<tbody>\n<tr>\n<td>Manual<\/td>\n<td><a href=\"https:\/\/www.bojungle.eu\/wp-content\/uploads\/2025\/05\/B-Nightlight.pdf\" target=\"_blank\" rel=\"noopener\">Clique aqui<\/a><\/td>\n<\/tr>\n<\/tbody>\n<\/table>\n","protected":false},"excerpt":{"rendered":"<p>A nossa luz de presen\u00e7a para os mais pequenos \u00e9 a melhor companheira para a hora de dormir! Com luminosidade adaptativa autom\u00e1tica, ajusta-se \u00e0 escurid\u00e3o do quarto para obter o brilho certo. Com tecnologia LED de baixo consumo de energia e at\u00e9 10.000 horas de funcionamento, \u00e9 amiga do ambiente e da carteira. Escolha entre sensor autom\u00e1tico ou controlo manual, garantindo facilidade de utiliza\u00e7\u00e3o. Suave para os olhos dos mais pequenos, proporciona um ambiente reconfortante sem calor. Traga paz e tranquilidade \u00e0 hora de dormir com a nossa luz de presen\u00e7a vers\u00e1til e amiga das crian\u00e7as.     <\/p>\n","protected":false},"featured_media":66431,"comment_status":"closed","ping_status":"closed","template":"","meta":{"_lmt_disableupdate":"","_lmt_disable":""},"product_brand":[],"product_cat":[528],"product_tag":[],"woo-feed-brand":[],"class_list":{"0":"post-41575","1":"product","2":"type-product","3":"status-publish","4":"has-post-thumbnail","6":"product_cat-dormir","8":"first","9":"instock","10":"taxable","11":"shipping-taxable","12":"purchasable","13":"product-type-simple"},"_links":{"self":[{"href":"https:\/\/www.bojungle.eu\/pt-pt\/wp-json\/wp\/v2\/product\/41575","targetHints":{"allow":["GET"]}}],"collection":[{"href":"https:\/\/www.bojungle.eu\/pt-pt\/wp-json\/wp\/v2\/product"}],"about":[{"href":"https:\/\/www.bojungle.eu\/pt-pt\/wp-json\/wp\/v2\/types\/product"}],"replies":[{"embeddable":true,"href":"https:\/\/www.bojungle.eu\/pt-pt\/wp-json\/wp\/v2\/comments?post=41575"}],"version-history":[{"count":2,"href":"https:\/\/www.bojungle.eu\/pt-pt\/wp-json\/wp\/v2\/product\/41575\/revisions"}],"predecessor-version":[{"id":79697,"href":"https:\/\/www.bojungle.eu\/pt-pt\/wp-json\/wp\/v2\/product\/41575\/revisions\/79697"}],"wp:featuredmedia":[{"embeddable":true,"href":"https:\/\/www.bojungle.eu\/pt-pt\/wp-json\/wp\/v2\/media\/66431"}],"wp:attachment":[{"href":"https:\/\/www.bojungle.eu\/pt-pt\/wp-json\/wp\/v2\/media?parent=41575"}],"wp:term":[{"taxonomy":"product_brand","embeddable":true,"href":"https:\/\/www.bojungle.eu\/pt-pt\/wp-json\/wp\/v2\/product_brand?post=41575"},{"taxonomy":"product_cat","embeddable":true,"href":"https:\/\/www.bojungle.eu\/pt-pt\/wp-json\/wp\/v2\/product_cat?post=41575"},{"taxonomy":"product_tag","embeddable":true,"href":"https:\/\/www.bojungle.eu\/pt-pt\/wp-json\/wp\/v2\/product_tag?post=41575"},{"taxonomy":"woo-feed-brand","embeddable":true,"href":"https:\/\/www.bojungle.eu\/pt-pt\/wp-json\/wp\/v2\/woo-feed-brand?post=41575"}],"curies":[{"name":"wp","href":"https:\/\/api.w.org\/{rel}","templated":true}]}}