{"id":41637,"date":"2022-05-29T11:29:11","date_gmt":"2022-05-29T09:29:11","guid":{"rendered":"https:\/\/dev.authority.biz\/boj\/product\/b-light-rattle-rabbit-de-musica\/"},"modified":"2023-07-10T11:19:00","modified_gmt":"2023-07-10T09:19:00","slug":"b-light-music-rattle-rabbit","status":"publish","type":"product","link":"https:\/\/www.bojungle.eu\/pt-pt\/produto\/b-light-music-rattle-rabbit\/","title":{"rendered":"B-Light &amp; Rattle Rabbit de M\u00fasica"},"content":{"rendered":"<ul>\n<li>Desenho leve com material sem pintura e acess\u00f3rio de mordedura incorporado<\/li>\n<li>Quatro modos<\/li>\n<li>Luz intermitente<\/li>\n<li>Sensor incorporado<\/li>\n<li>Brinquedo de morder<\/li>\n<\/ul>\n","protected":false},"excerpt":{"rendered":"<p>Basta abanar esta gracinha para que as luzes pisquem e a m\u00fasica comece a tocar. Com as suas orelhas macias para o seu beb\u00e9 mastigar, este guizo vai tornar-se o preferido do seu beb\u00e9!<\/p>\n","protected":false},"featured_media":55042,"comment_status":"closed","ping_status":"closed","template":"","meta":{"_lmt_disableupdate":"","_lmt_disable":""},"product_brand":[],"product_cat":[497,617,618,477,674],"product_tag":[1173,1175,1174,1064,1065],"woo-feed-brand":[],"class_list":{"0":"post-41637","1":"product","2":"type-product","3":"status-publish","4":"has-post-thumbnail","6":"product_cat-brinquedos-coloridos","7":"product_cat-brinquedos-de-actividade","8":"product_cat-brinquedos-musicais","9":"product_cat-hora-de-brincar","10":"product_cat-rattles","11":"product_tag-bebe-pt-pt","12":"product_tag-brincar","13":"product_tag-chocalho","14":"product_tag-luzes","15":"product_tag-musica-pt-pt","17":"first","18":"instock","19":"taxable","20":"shipping-taxable","21":"purchasable","22":"product-type-simple"},"_links":{"self":[{"href":"https:\/\/www.bojungle.eu\/pt-pt\/wp-json\/wp\/v2\/product\/41637","targetHints":{"allow":["GET"]}}],"collection":[{"href":"https:\/\/www.bojungle.eu\/pt-pt\/wp-json\/wp\/v2\/product"}],"about":[{"href":"https:\/\/www.bojungle.eu\/pt-pt\/wp-json\/wp\/v2\/types\/product"}],"replies":[{"embeddable":true,"href":"https:\/\/www.bojungle.eu\/pt-pt\/wp-json\/wp\/v2\/comments?post=41637"}],"version-history":[{"count":0,"href":"https:\/\/www.bojungle.eu\/pt-pt\/wp-json\/wp\/v2\/product\/41637\/revisions"}],"wp:featuredmedia":[{"embeddable":true,"href":"https:\/\/www.bojungle.eu\/pt-pt\/wp-json\/wp\/v2\/media\/55042"}],"wp:attachment":[{"href":"https:\/\/www.bojungle.eu\/pt-pt\/wp-json\/wp\/v2\/media?parent=41637"}],"wp:term":[{"taxonomy":"product_brand","embeddable":true,"href":"https:\/\/www.bojungle.eu\/pt-pt\/wp-json\/wp\/v2\/product_brand?post=41637"},{"taxonomy":"product_cat","embeddable":true,"href":"https:\/\/www.bojungle.eu\/pt-pt\/wp-json\/wp\/v2\/product_cat?post=41637"},{"taxonomy":"product_tag","embeddable":true,"href":"https:\/\/www.bojungle.eu\/pt-pt\/wp-json\/wp\/v2\/product_tag?post=41637"},{"taxonomy":"woo-feed-brand","embeddable":true,"href":"https:\/\/www.bojungle.eu\/pt-pt\/wp-json\/wp\/v2\/woo-feed-brand?post=41637"}],"curies":[{"name":"wp","href":"https:\/\/api.w.org\/{rel}","templated":true}]}}