{"id":42832,"date":"2022-05-29T11:29:10","date_gmt":"2022-05-29T09:29:10","guid":{"rendered":"https:\/\/bojungle.eu\/shop\/product\/b-light-music-rattle-giraf\/"},"modified":"2024-10-03T15:38:46","modified_gmt":"2024-10-03T13:38:46","slug":"b-light-music-rattle-giraf","status":"publish","type":"product","link":"https:\/\/www.bojungle.eu\/pt-pt\/produto\/b-light-music-rattle-giraf\/","title":{"rendered":"B-Light &amp; Music Rattle Giraf"},"content":{"rendered":"<p>Introduza o seu beb\u00e9 num mundo de divers\u00e3o sensorial com o Chocalho Luz e M\u00fasica! Concebida para cativar os mais pequenos, esta ador\u00e1vel roca pisca com luzes divertidas e toca m\u00fasica com um simples aban\u00e3o. O seu beb\u00e9 vai adorar mastigar as suas orelhas macias e seguras, tornando-o no seu novo companheiro favorito!   Caracter\u00edsticas principais: <\/p>\n<ul>\n<li><strong>Leve e f\u00e1cil de segurar:<\/strong> perfeito para as m\u00e3os pequenas agarrarem e abanarem sem esfor\u00e7o.<\/li>\n<li><strong>Material seguro e sem tintas:<\/strong> Fabricado com materiais n\u00e3o t\u00f3xicos, \u00e9 seguro para os beb\u00e9s explorarem.<\/li>\n<li><strong>Quatro modos de divers\u00e3o<\/strong>: Escolha entre luzes intermitentes, m\u00fasica ou uma combina\u00e7\u00e3o para entreter e acalmar.<\/li>\n<li><strong>Sensor incorporado:<\/strong> Ativa automaticamente as luzes e os sons com um aban\u00e3o.<\/li>\n<li><strong>Brinquedo macio para morder: <\/strong>suave para as gengivas, ideal para os beb\u00e9s que est\u00e3o a morder.<\/li>\n<\/ul>\n<p> Uma mistura perfeita de divers\u00e3o e funcionalidade, este guizo ir\u00e1 certamente manter o seu beb\u00e9 entretido e ocupado!<\/p>\n","protected":false},"excerpt":{"rendered":"<div class=\"flex max-w-full flex-col flex-grow\">\n<div class=\"min-h-8 text-message flex w-full flex-col items-end gap-2 whitespace-normal break-words [.text-message+&amp;]:mt-5\" dir=\"auto\" data-message-author-role=\"assistant\" data-message-id=\"cf1fb747-2e09-4348-b15e-3b3c290653a5\">\n<div class=\"flex w-full flex-col gap-1 empty:hidden first:pt-[3px]\">\n<div class=\"markdown prose w-full break-words dark:prose-invert light\"> Agite para iluminar o mundo do seu beb\u00e9! O guizo Light  Music Rattle brilha com luzes coloridas e toca m\u00fasica, enquanto as suas orelhas macias e mastig\u00e1veis acalmam as gengivas. Feito de material seguro, sem tinta e com um design leve, \u00e9 f\u00e1cil de agarrar e cheio de divers\u00e3o sensorial!   <\/div>\n<\/div>\n<\/div>\n<\/div>\n<div class=\"mb-2 flex gap-3 empty:hidden -ml-2\">\n<div class=\"items-center justify-start rounded-xl p-1 flex\">\n<div class=\"flex items-center\">\n<div class=\"flex\"><\/div>\n<div class=\"flex items-center pb-0\"><\/div>\n<\/div>\n<\/div>\n<\/div>\n","protected":false},"featured_media":78198,"comment_status":"closed","ping_status":"closed","template":"","meta":{"_lmt_disableupdate":"","_lmt_disable":""},"product_brand":[],"product_cat":[497,617,618,477,674],"product_tag":[],"woo-feed-brand":[],"class_list":{"0":"post-42832","1":"product","2":"type-product","3":"status-publish","4":"has-post-thumbnail","6":"product_cat-brinquedos-coloridos","7":"product_cat-brinquedos-de-actividade","8":"product_cat-brinquedos-musicais","9":"product_cat-hora-de-brincar","10":"product_cat-rattles","12":"first","13":"instock","14":"taxable","15":"shipping-taxable","16":"purchasable","17":"product-type-simple"},"_links":{"self":[{"href":"https:\/\/www.bojungle.eu\/pt-pt\/wp-json\/wp\/v2\/product\/42832","targetHints":{"allow":["GET"]}}],"collection":[{"href":"https:\/\/www.bojungle.eu\/pt-pt\/wp-json\/wp\/v2\/product"}],"about":[{"href":"https:\/\/www.bojungle.eu\/pt-pt\/wp-json\/wp\/v2\/types\/product"}],"replies":[{"embeddable":true,"href":"https:\/\/www.bojungle.eu\/pt-pt\/wp-json\/wp\/v2\/comments?post=42832"}],"version-history":[{"count":1,"href":"https:\/\/www.bojungle.eu\/pt-pt\/wp-json\/wp\/v2\/product\/42832\/revisions"}],"predecessor-version":[{"id":78228,"href":"https:\/\/www.bojungle.eu\/pt-pt\/wp-json\/wp\/v2\/product\/42832\/revisions\/78228"}],"wp:featuredmedia":[{"embeddable":true,"href":"https:\/\/www.bojungle.eu\/pt-pt\/wp-json\/wp\/v2\/media\/78198"}],"wp:attachment":[{"href":"https:\/\/www.bojungle.eu\/pt-pt\/wp-json\/wp\/v2\/media?parent=42832"}],"wp:term":[{"taxonomy":"product_brand","embeddable":true,"href":"https:\/\/www.bojungle.eu\/pt-pt\/wp-json\/wp\/v2\/product_brand?post=42832"},{"taxonomy":"product_cat","embeddable":true,"href":"https:\/\/www.bojungle.eu\/pt-pt\/wp-json\/wp\/v2\/product_cat?post=42832"},{"taxonomy":"product_tag","embeddable":true,"href":"https:\/\/www.bojungle.eu\/pt-pt\/wp-json\/wp\/v2\/product_tag?post=42832"},{"taxonomy":"woo-feed-brand","embeddable":true,"href":"https:\/\/www.bojungle.eu\/pt-pt\/wp-json\/wp\/v2\/woo-feed-brand?post=42832"}],"curies":[{"name":"wp","href":"https:\/\/api.w.org\/{rel}","templated":true}]}}