{"id":42837,"date":"2022-05-29T11:29:10","date_gmt":"2022-05-29T09:29:10","guid":{"rendered":"https:\/\/bojungle.eu\/shop\/product\/b-learn-discovery-table\/"},"modified":"2025-08-06T14:58:35","modified_gmt":"2025-08-06T12:58:35","slug":"b-learn-discovery-table","status":"publish","type":"product","link":"https:\/\/www.bojungle.eu\/pt-pt\/produto\/b-learn-discovery-table\/","title":{"rendered":"B-Learn &amp; Discovery Table"},"content":{"rendered":"<p>Conhe\u00e7a a nossa Mesa de aprendizagem e descoberta, perfeita para o seu pequeno explorador!<\/p>\n<p>Esta mesa \u00e9 super colorida e tem muitas coisas divertidas para fazer. Deixa cair a bola sobre a mesa e v\u00ea-a girar antes de cair no buraco. \u00c9 como se fosse magia! Isto ajuda o seu filho a seguir as coisas com os olhos.   <\/p>\n<p>Mas espera, h\u00e1 mais! Pressiona os dentes do hipop\u00f3tamo e ouvir\u00e1s m\u00fasica fixe e sons de animais. \u00c9 t\u00e3o divertido! E ajuda o seu filho a aprender como as coisas funcionam.   <\/p>\n<p>Com luzes e m\u00fasica, esta mesa \u00e9 uma explos\u00e3o para os sentidos. O seu filho vai adorar brincar e aprender com ela! <\/p>\n<p>Prepare-se para horas de divers\u00e3o e aprendizagem com a nossa Mesa de aprendizagem e descoberta!<\/p>\n<p>&nbsp;<\/p>\n<table border=\"1\">\n<tbody>\n<tr>\n<td>Manual<\/td>\n<td><a href=\"https:\/\/www.bojungle.eu\/wp-content\/uploads\/2025\/08\/Manual-B925210-2.pdf\">Clique aqui<\/a><\/td>\n<\/tr>\n<\/tbody>\n<\/table>\n","protected":false},"excerpt":{"rendered":"<div class=\"flex-1 overflow-hidden\">\n<div class=\"react-scroll-to-bottom--css-jpaix-79elbk h-full\">\n<div class=\"react-scroll-to-bottom--css-jpaix-1n7m0yu\">\n<div class=\"flex flex-col text-sm pb-9\">\n<div class=\"w-full text-token-text-primary\" dir=\"auto\" data-testid=\"conversation-turn-7\" data-scroll-anchor=\"true\">\n<div class=\"py-2 px-3 text-base md:px-4 m-auto md:px-5 lg:px-1 xl:px-5\">\n<div class=\"mx-auto flex flex-1 gap-3 text-base juice:gap-4 juice:md:gap-6 md:max-w-3xl lg:max-w-[40rem] xl:max-w-[48rem]\">\n<div class=\"relative flex w-full min-w-0 flex-col agent-turn\">\n<div class=\"flex-col gap-1 md:gap-3\">\n<div class=\"flex flex-grow flex-col max-w-full\">\n<div class=\"min-h-[20px] text-message flex flex-col items-start whitespace-pre-wrap break-words [.text-message+&amp;]:mt-5 overflow-x-auto gap-3\" dir=\"auto\" data-message-author-role=\"assistant\" data-message-id=\"e862e374-493f-440c-bba9-50430143b1bf\">\n<div class=\"markdown prose w-full break-words dark:prose-invert light\">\n<p>Apresentamos a nossa Mesa de aprendizagem e descoberta! Com bolas coloridas que giram e caem atrav\u00e9s de buracos, m\u00fasica divertida e sons de animais fixes, \u00e9 perfeita para os mais pequenos aprenderem e brincarem. Veja como o seu filho explora a causa e o efeito enquanto se diverte com as luzes e a m\u00fasica!  <\/p>\n<\/div>\n<\/div>\n<\/div>\n<\/div>\n<\/div>\n<\/div>\n<\/div>\n<\/div>\n<\/div>\n<\/div>\n<\/div>\n<\/div>\n","protected":false},"featured_media":71518,"comment_status":"closed","ping_status":"closed","template":"","meta":{"_lmt_disableupdate":"","_lmt_disable":""},"product_brand":[],"product_cat":[497,617,618,477,1345],"product_tag":[1061,1060,1062,1063,1064,1059,1065],"woo-feed-brand":[],"class_list":{"0":"post-42837","1":"product","2":"type-product","3":"status-publish","4":"has-post-thumbnail","6":"product_cat-brinquedos-coloridos","7":"product_cat-brinquedos-de-actividade","8":"product_cat-brinquedos-musicais","9":"product_cat-hora-de-brincar","10":"product_cat-saldos","11":"product_tag-aprender","12":"product_tag-atividade","13":"product_tag-descoberta","14":"product_tag-jogos-de-bola","15":"product_tag-luzes","16":"product_tag-mesa","17":"product_tag-musica-pt-pt","19":"first","20":"instock","21":"sale","22":"taxable","23":"shipping-taxable","24":"purchasable","25":"product-type-simple"},"_links":{"self":[{"href":"https:\/\/www.bojungle.eu\/pt-pt\/wp-json\/wp\/v2\/product\/42837","targetHints":{"allow":["GET"]}}],"collection":[{"href":"https:\/\/www.bojungle.eu\/pt-pt\/wp-json\/wp\/v2\/product"}],"about":[{"href":"https:\/\/www.bojungle.eu\/pt-pt\/wp-json\/wp\/v2\/types\/product"}],"replies":[{"embeddable":true,"href":"https:\/\/www.bojungle.eu\/pt-pt\/wp-json\/wp\/v2\/comments?post=42837"}],"version-history":[{"count":2,"href":"https:\/\/www.bojungle.eu\/pt-pt\/wp-json\/wp\/v2\/product\/42837\/revisions"}],"predecessor-version":[{"id":80820,"href":"https:\/\/www.bojungle.eu\/pt-pt\/wp-json\/wp\/v2\/product\/42837\/revisions\/80820"}],"wp:featuredmedia":[{"embeddable":true,"href":"https:\/\/www.bojungle.eu\/pt-pt\/wp-json\/wp\/v2\/media\/71518"}],"wp:attachment":[{"href":"https:\/\/www.bojungle.eu\/pt-pt\/wp-json\/wp\/v2\/media?parent=42837"}],"wp:term":[{"taxonomy":"product_brand","embeddable":true,"href":"https:\/\/www.bojungle.eu\/pt-pt\/wp-json\/wp\/v2\/product_brand?post=42837"},{"taxonomy":"product_cat","embeddable":true,"href":"https:\/\/www.bojungle.eu\/pt-pt\/wp-json\/wp\/v2\/product_cat?post=42837"},{"taxonomy":"product_tag","embeddable":true,"href":"https:\/\/www.bojungle.eu\/pt-pt\/wp-json\/wp\/v2\/product_tag?post=42837"},{"taxonomy":"woo-feed-brand","embeddable":true,"href":"https:\/\/www.bojungle.eu\/pt-pt\/wp-json\/wp\/v2\/woo-feed-brand?post=42837"}],"curies":[{"name":"wp","href":"https:\/\/api.w.org\/{rel}","templated":true}]}}