{"id":42904,"date":"2022-05-29T11:26:15","date_gmt":"2022-05-29T09:26:15","guid":{"rendered":"https:\/\/bojungle.eu\/shop\/product\/b-genius-carrinho-de-passeio-reversivel-cinzento-claro\/"},"modified":"2025-07-25T09:40:06","modified_gmt":"2025-07-25T07:40:06","slug":"b-genius-reversible-stroller-light-grey","status":"publish","type":"product","link":"https:\/\/www.bojungle.eu\/pt-pt\/produto\/b-genius-reversible-stroller-light-grey\/","title":{"rendered":"B-Genius Carrinho de Passeio Revers\u00edvel Cinzento Claro"},"content":{"rendered":"<ul>\n<li>O carrinho que pode ser dobrado at\u00e9 ao tamanho de uma mochila!<\/li>\n<li>Super compacto quando dobrado (47 cm x 43 cm x 23 cm)<\/li>\n<li>Pesa apenas 6,34 kg!<\/li>\n<li>Utiliza\u00e7\u00e3o bidireccional: f\u00e1cil de ajustar (pe\u00e7as inclu\u00eddas) &#8211; Estrutura de alum\u00ednio &#8211; Apoio de costas ajust\u00e1vel: pode ser colocado a 170\u00b0 &#8211; Apoio de p\u00e9s ajust\u00e1vel &#8211; Almofada de apoio amov\u00edvel<\/li>\n<li>Pode ser colocado verticalmente quando dobrado (cabe como bagagem de m\u00e3o em avi\u00f5es)<\/li>\n<li>Arn\u00eas de seguran\u00e7a de 5 pontos<\/li>\n<li>Rodas amov\u00edveis, cobertura solar e barra de seguran\u00e7a &#8211; Sistema de trav\u00e3o accionado por pedal nas rodas traseiras &#8211; Traseira de ventila\u00e7\u00e3o<\/li>\n<li>Acess\u00f3rios inclu\u00eddos: rede mosquiteira, protec\u00e7\u00e3o contra a chuva, kit para uso bidireccional, saco de transporte<\/li>\n<li>Opcional: Assento auto, adaptadores e adaptador Maxi Cosi para fixar dois carrinhos de beb\u00e9 um ao outro<\/li>\n<li>Idade recomendada: 0-36 meses, at\u00e9 18 kg<\/li>\n<\/ul>\n","protected":false},"excerpt":{"rendered":"<p>O carrinho que pode ser dobrado at\u00e9 ao tamanho de uma mochila!<\/p>\n","protected":false},"featured_media":54671,"comment_status":"closed","ping_status":"closed","template":"","meta":{"_lmt_disableupdate":"","_lmt_disable":""},"product_brand":[],"product_cat":[633,648],"product_tag":[],"woo-feed-brand":[],"class_list":{"0":"post-42904","1":"product","2":"type-product","3":"status-publish","4":"has-post-thumbnail","6":"product_cat-ao-ar-livre","7":"product_cat-strollers","9":"first","10":"instock","11":"taxable","12":"shipping-taxable","13":"purchasable","14":"product-type-simple"},"_links":{"self":[{"href":"https:\/\/www.bojungle.eu\/pt-pt\/wp-json\/wp\/v2\/product\/42904","targetHints":{"allow":["GET"]}}],"collection":[{"href":"https:\/\/www.bojungle.eu\/pt-pt\/wp-json\/wp\/v2\/product"}],"about":[{"href":"https:\/\/www.bojungle.eu\/pt-pt\/wp-json\/wp\/v2\/types\/product"}],"replies":[{"embeddable":true,"href":"https:\/\/www.bojungle.eu\/pt-pt\/wp-json\/wp\/v2\/comments?post=42904"}],"version-history":[{"count":0,"href":"https:\/\/www.bojungle.eu\/pt-pt\/wp-json\/wp\/v2\/product\/42904\/revisions"}],"wp:featuredmedia":[{"embeddable":true,"href":"https:\/\/www.bojungle.eu\/pt-pt\/wp-json\/wp\/v2\/media\/54671"}],"wp:attachment":[{"href":"https:\/\/www.bojungle.eu\/pt-pt\/wp-json\/wp\/v2\/media?parent=42904"}],"wp:term":[{"taxonomy":"product_brand","embeddable":true,"href":"https:\/\/www.bojungle.eu\/pt-pt\/wp-json\/wp\/v2\/product_brand?post=42904"},{"taxonomy":"product_cat","embeddable":true,"href":"https:\/\/www.bojungle.eu\/pt-pt\/wp-json\/wp\/v2\/product_cat?post=42904"},{"taxonomy":"product_tag","embeddable":true,"href":"https:\/\/www.bojungle.eu\/pt-pt\/wp-json\/wp\/v2\/product_tag?post=42904"},{"taxonomy":"woo-feed-brand","embeddable":true,"href":"https:\/\/www.bojungle.eu\/pt-pt\/wp-json\/wp\/v2\/woo-feed-brand?post=42904"}],"curies":[{"name":"wp","href":"https:\/\/api.w.org\/{rel}","templated":true}]}}