{"id":42920,"date":"2022-05-29T11:26:15","date_gmt":"2022-05-29T09:26:15","guid":{"rendered":"https:\/\/bojungle.eu\/shop\/product\/b-cabeca-de-apoio-pillow-grey\/"},"modified":"2025-03-13T15:50:08","modified_gmt":"2025-03-13T14:50:08","slug":"b-head-support-pillow-grey","status":"publish","type":"product","link":"https:\/\/www.bojungle.eu\/pt-pt\/produto\/b-head-support-pillow-grey\/","title":{"rendered":"B-Cabe\u00e7a de apoio Pillow Grey"},"content":{"rendered":"<p data-start=\"99\" data-end=\"346\">D\u00ea ao seu filho o conforto e o apoio de que ele necessita com a nossa Almofada de Apoio para Cabe\u00e7a de Beb\u00e9. Concebido para promover o alinhamento adequado da cabe\u00e7a e do pesco\u00e7o, este travesseiro macio e ergon\u00f3mico ajuda a reduzir a tens\u00e3o, sendo perfeito para utiliza\u00e7\u00e3o em casa ou em viagem. <\/p>\n<p data-start=\"62\" data-end=\"338\"><strong>Principais caracter\u00edsticas<\/strong><\/p>\n<ul>\n<li data-start=\"62\" data-end=\"338\"><strong data-start=\"375\" data-end=\"395\">Design ergon\u00f3mico \u2013<\/strong> Embala suavemente a cabe\u00e7a do seu beb\u00e9 para apoiar o desenvolvimento saud\u00e1vel.<\/li>\n<li data-start=\"62\" data-end=\"338\"><strong data-start=\"467\" data-end=\"488\">Macio e respir\u00e1vel <\/strong>\u2013 Feito com uma capa hipoalerg\u00e9nica e respir\u00e1vel para manter o seu beb\u00e9 fresco e confort\u00e1vel.<\/li>\n<li data-start=\"62\" data-end=\"338\"><strong data-start=\"581\" data-end=\"603\">Espuma de mem\u00f3ria suave <\/strong>\u2013 Oferece um suporte suave e adapt\u00e1vel para o m\u00e1ximo conforto.<\/li>\n<li data-start=\"62\" data-end=\"338\"><strong data-start=\"665\" data-end=\"693\" data-is-only-node=\"\">Perfeito para uso di\u00e1rio <\/strong>\u2013 Ideal para ber\u00e7os, alcofas, carrinhos de beb\u00e9 e cadeiras auto.<\/li>\n<li data-start=\"62\" data-end=\"338\"><strong data-start=\"755\" data-end=\"781\">Leve e port\u00e1til \u2013<\/strong> \u00d3timo para viagens, garantindo conforto onde quer que o seu beb\u00e9 descanse.<\/li>\n<\/ul>\n<p data-start=\"848\" data-end=\"978\">Garanta o conforto e o bem-estar do seu beb\u00e9 com o Travesseiro de Apoio de Cabe\u00e7a para Beb\u00e9, essencial para sestas tranquilas e viagens felizes!<\/p>\n","protected":false},"excerpt":{"rendered":"<div class=\"flex max-w-full flex-col flex-grow\">\n<div class=\"min-h-8 text-message relative flex w-full flex-col items-end gap-2 whitespace-normal break-words text-start [.text-message+&amp;]:mt-5\" dir=\"auto\" data-message-author-role=\"assistant\" data-message-id=\"954ae71e-5acd-4af3-bb72-15859359c1da\" data-message-model-slug=\"gpt-4o\">\n<div class=\"flex w-full flex-col gap-1 empty:hidden first:pt-[3px]\">\n<div class=\"markdown prose w-full break-words dark:prose-invert light\">\n<p data-start=\"62\" data-end=\"315\" data-is-last-node=\"\" data-is-only-node=\"\">Desfrute do suporte perfeito para o pesco\u00e7o com a almofada de apoio para a cabe\u00e7a! O seu design ergon\u00f3mico e a espuma viscoel\u00e1stica adaptam-se ao seu formato, reduzindo a tens\u00e3o e melhorando a postura. Leve, respir\u00e1vel e ideal para usar em casa, em viagem ou no escrit\u00f3rio \u2014 fique confort\u00e1vel em qualquer lugar!  <\/p>\n<\/div>\n<\/div>\n<\/div>\n<\/div>\n","protected":false},"featured_media":68443,"comment_status":"closed","ping_status":"closed","template":"","meta":{"_lmt_disableupdate":"","_lmt_disable":""},"product_brand":[],"product_cat":[634,796,633,528],"product_tag":[],"woo-feed-brand":[],"class_list":{"0":"post-42920","1":"product","2":"type-product","3":"status-publish","4":"has-post-thumbnail","6":"product_cat-acessorios-para-o-exterior","7":"product_cat-almofadas","8":"product_cat-ao-ar-livre","9":"product_cat-dormir","11":"first","12":"instock","13":"taxable","14":"shipping-taxable","15":"purchasable","16":"product-type-simple"},"_links":{"self":[{"href":"https:\/\/www.bojungle.eu\/pt-pt\/wp-json\/wp\/v2\/product\/42920","targetHints":{"allow":["GET"]}}],"collection":[{"href":"https:\/\/www.bojungle.eu\/pt-pt\/wp-json\/wp\/v2\/product"}],"about":[{"href":"https:\/\/www.bojungle.eu\/pt-pt\/wp-json\/wp\/v2\/types\/product"}],"replies":[{"embeddable":true,"href":"https:\/\/www.bojungle.eu\/pt-pt\/wp-json\/wp\/v2\/comments?post=42920"}],"version-history":[{"count":1,"href":"https:\/\/www.bojungle.eu\/pt-pt\/wp-json\/wp\/v2\/product\/42920\/revisions"}],"predecessor-version":[{"id":79345,"href":"https:\/\/www.bojungle.eu\/pt-pt\/wp-json\/wp\/v2\/product\/42920\/revisions\/79345"}],"wp:featuredmedia":[{"embeddable":true,"href":"https:\/\/www.bojungle.eu\/pt-pt\/wp-json\/wp\/v2\/media\/68443"}],"wp:attachment":[{"href":"https:\/\/www.bojungle.eu\/pt-pt\/wp-json\/wp\/v2\/media?parent=42920"}],"wp:term":[{"taxonomy":"product_brand","embeddable":true,"href":"https:\/\/www.bojungle.eu\/pt-pt\/wp-json\/wp\/v2\/product_brand?post=42920"},{"taxonomy":"product_cat","embeddable":true,"href":"https:\/\/www.bojungle.eu\/pt-pt\/wp-json\/wp\/v2\/product_cat?post=42920"},{"taxonomy":"product_tag","embeddable":true,"href":"https:\/\/www.bojungle.eu\/pt-pt\/wp-json\/wp\/v2\/product_tag?post=42920"},{"taxonomy":"woo-feed-brand","embeddable":true,"href":"https:\/\/www.bojungle.eu\/pt-pt\/wp-json\/wp\/v2\/woo-feed-brand?post=42920"}],"curies":[{"name":"wp","href":"https:\/\/api.w.org\/{rel}","templated":true}]}}