{"id":42965,"date":"2022-05-29T11:26:02","date_gmt":"2022-05-29T09:26:02","guid":{"rendered":"https:\/\/bojungle.eu\/shop\/product\/b-digital-baby-food-processor-6-em-1\/"},"modified":"2025-06-11T16:25:29","modified_gmt":"2025-06-11T14:25:29","slug":"b-digital-baby-food-processor-6-em-1","status":"publish","type":"product","link":"https:\/\/www.bojungle.eu\/pt-pt\/produto\/b-digital-baby-food-processor-6-em-1\/","title":{"rendered":"B-Digital Baby Food Processor 6 em 1"},"content":{"rendered":"<ul>\n<li>900 ml de conte\u00fado<\/li>\n<li>Visualiza\u00e7\u00e3o e utiliza\u00e7\u00e3o digital<\/li>\n<li>6 fun\u00e7\u00f5es: Cozedura a vapor, Mistura autom\u00e1tica, Esteriliza\u00e7\u00e3o, Aquecimento, Fun\u00e7\u00e3o Manter quente, Fun\u00e7\u00e3o Limpeza<\/li>\n<li>As pe\u00e7as s\u00e3o lav\u00e1veis na m\u00e1quina de lavar lou\u00e7a<\/li>\n<li>Copo de medi\u00e7\u00e3o, esp\u00e1tula e pin\u00e7a est\u00e3o inclu\u00eddos<\/li>\n<li>Possibilidade de vaporizar dois tipos de alimentos em recipientes separados ao mesmo tempo, colocando o copo doseador em cima do cesto de vaporiza\u00e7\u00e3o<\/li>\n<li>2 velocidades de vaporiza\u00e7\u00e3o: baixa ou alta velocidade<\/li>\n<li>2 velocidades de mistura: baixa velocidade para textura com pe\u00e7as pequenas, ou alta velocidade para textura lisa<\/li>\n<li>Mistura-se automaticamente em ciclos: 13 segundos ligado, 2 segundos desligado (5 ciclos)<\/li>\n<\/ul>\n<table border=\"1\">\n<tbody>\n<tr>\n<td>Manual<\/td>\n<td><a href=\"https:\/\/www.bojungle.eu\/wp-content\/uploads\/2025\/06\/2018-02-23-Handleiding-food-processor-v3.pdf\" target=\"_blank\" rel=\"noopener\">Clique aqui<\/a><\/td>\n<\/tr>\n<\/tbody>\n<\/table>\n","protected":false},"excerpt":{"rendered":"<p>6 fun\u00e7\u00f5es: Cozedura a vapor, Mistura autom\u00e1tica, Esteriliza\u00e7\u00e3o, Aquecimento, Fun\u00e7\u00e3o Manter quente, Fun\u00e7\u00e3o Limpeza<\/p>\n","protected":false},"featured_media":74042,"comment_status":"closed","ping_status":"closed","template":"","meta":{"_lmt_disableupdate":"","_lmt_disable":""},"product_brand":[],"product_cat":[451,457],"product_tag":[],"woo-feed-brand":[],"class_list":{"0":"post-42965","1":"product","2":"type-product","3":"status-publish","4":"has-post-thumbnail","6":"product_cat-comida-e-bebida","7":"product_cat-preparativos-de-refeicoes","9":"first","10":"instock","11":"taxable","12":"shipping-taxable","13":"purchasable","14":"product-type-simple"},"_links":{"self":[{"href":"https:\/\/www.bojungle.eu\/pt-pt\/wp-json\/wp\/v2\/product\/42965","targetHints":{"allow":["GET"]}}],"collection":[{"href":"https:\/\/www.bojungle.eu\/pt-pt\/wp-json\/wp\/v2\/product"}],"about":[{"href":"https:\/\/www.bojungle.eu\/pt-pt\/wp-json\/wp\/v2\/types\/product"}],"replies":[{"embeddable":true,"href":"https:\/\/www.bojungle.eu\/pt-pt\/wp-json\/wp\/v2\/comments?post=42965"}],"version-history":[{"count":1,"href":"https:\/\/www.bojungle.eu\/pt-pt\/wp-json\/wp\/v2\/product\/42965\/revisions"}],"predecessor-version":[{"id":80195,"href":"https:\/\/www.bojungle.eu\/pt-pt\/wp-json\/wp\/v2\/product\/42965\/revisions\/80195"}],"wp:featuredmedia":[{"embeddable":true,"href":"https:\/\/www.bojungle.eu\/pt-pt\/wp-json\/wp\/v2\/media\/74042"}],"wp:attachment":[{"href":"https:\/\/www.bojungle.eu\/pt-pt\/wp-json\/wp\/v2\/media?parent=42965"}],"wp:term":[{"taxonomy":"product_brand","embeddable":true,"href":"https:\/\/www.bojungle.eu\/pt-pt\/wp-json\/wp\/v2\/product_brand?post=42965"},{"taxonomy":"product_cat","embeddable":true,"href":"https:\/\/www.bojungle.eu\/pt-pt\/wp-json\/wp\/v2\/product_cat?post=42965"},{"taxonomy":"product_tag","embeddable":true,"href":"https:\/\/www.bojungle.eu\/pt-pt\/wp-json\/wp\/v2\/product_tag?post=42965"},{"taxonomy":"woo-feed-brand","embeddable":true,"href":"https:\/\/www.bojungle.eu\/pt-pt\/wp-json\/wp\/v2\/woo-feed-brand?post=42965"}],"curies":[{"name":"wp","href":"https:\/\/api.w.org\/{rel}","templated":true}]}}